{"id":6,"date":"2025-09-17T11:43:15","date_gmt":"2025-09-17T09:43:15","guid":{"rendered":"https:\/\/www.amaryllisbijoux.fr\/?page_id=6"},"modified":"2026-03-12T15:47:06","modified_gmt":"2026-03-12T14:47:06","slug":"page-daccueil","status":"publish","type":"page","link":"https:\/\/www.amaryllisbijoux.fr\/","title":{"rendered":"Accueil"},"content":{"rendered":"\n<figure class=\"wp-block-image size-large\"><img loading=\"lazy\" decoding=\"async\" width=\"1024\" height=\"512\" src=\"https:\/\/www.amaryllisbijoux.fr\/wp-content\/uploads\/2026\/03\/expedition-1024x512.webp\" alt=\"\" class=\"wp-image-1577\" srcset=\"https:\/\/www.amaryllisbijoux.fr\/wp-content\/uploads\/2026\/03\/expedition-1024x512.webp 1024w, https:\/\/www.amaryllisbijoux.fr\/wp-content\/uploads\/2026\/03\/expedition-300x150.webp 300w, https:\/\/www.amaryllisbijoux.fr\/wp-content\/uploads\/2026\/03\/expedition-768x384.webp 768w, https:\/\/www.amaryllisbijoux.fr\/wp-content\/uploads\/2026\/03\/expedition-1536x768.webp 1536w, https:\/\/www.amaryllisbijoux.fr\/wp-content\/uploads\/2026\/03\/expedition-2048x1024.webp 2048w, https:\/\/www.amaryllisbijoux.fr\/wp-content\/uploads\/2026\/03\/expedition-350x175.webp 350w\" sizes=\"auto, (max-width: 706px) 89vw, (max-width: 767px) 82vw, 740px\" \/><\/figure>\n\n\n\n<h6 class=\"wp-block-heading\">Amaryllis Bijoux<strong> est une marque artisanale o\u00f9 chaque cr\u00e9ation est pens\u00e9e avec soin et d\u00e9licatesse. Tous les bijoux Amaryllis Bijoux sont r\u00e9alis\u00e9s \u00e0 la commande, afin de garantir une fabrication unique et de haute qualit\u00e9. Un d\u00e9lai moyen de 5 jours est n\u00e9cessaire avant l\u2019envoi de la commande, le temps que chaque pi\u00e8ce soit minutieusement confectionn\u00e9e.<\/strong><\/h6>\n\n\n\n<p>Chaque bijou est con\u00e7u pour sublimer votre style avec \u00e9l\u00e9gance et raffinement, en m\u00ealant modernit\u00e9 et authenticit\u00e9. Chez Amaryllis Bijoux, la cr\u00e9ativit\u00e9 est au c\u0153ur du savoir-faire : <strong>chaque d\u00e9tail est travaill\u00e9 \u00e0 la main<\/strong>, pour offrir des pi\u00e8ces uniques et durables.<\/p>\n\n\n\n<p>Des <strong>bijoux personnalis\u00e9s<\/strong> peuvent \u00e9galement \u00eatre r\u00e9alis\u00e9s sur demande. Pour toute cr\u00e9ation sur mesure, il suffit d\u2019envoyer un message \u00e0 <strong><a>contact@amaryllisbijoux.fr<\/a><\/strong> afin de donner vie \u00e0 vos envies.<\/p>\n\n\n\n<p>Amaryllis Bijoux, c\u2019est l\u2019alliance parfaite entre passion, \u00e9l\u00e9gance et originalit\u00e9 \u2014 des bijoux cr\u00e9\u00e9s pour vous, avec amour.<\/p>\n\n\n\n\n\n<figure class=\"wp-block-image size-large\"><img loading=\"lazy\" decoding=\"async\" width=\"768\" height=\"1024\" src=\"https:\/\/www.amaryllisbijoux.fr\/wp-content\/uploads\/2026\/01\/20260123_091330660_iOS1-768x1024.webp\" alt=\"pampilles paillettes\" class=\"wp-image-1196\" srcset=\"https:\/\/www.amaryllisbijoux.fr\/wp-content\/uploads\/2026\/01\/20260123_091330660_iOS1-768x1024.webp 768w, https:\/\/www.amaryllisbijoux.fr\/wp-content\/uploads\/2026\/01\/20260123_091330660_iOS1-225x300.webp 225w, https:\/\/www.amaryllisbijoux.fr\/wp-content\/uploads\/2026\/01\/20260123_091330660_iOS1-1152x1536.webp 1152w, https:\/\/www.amaryllisbijoux.fr\/wp-content\/uploads\/2026\/01\/20260123_091330660_iOS1-1536x2048.webp 1536w, https:\/\/www.amaryllisbijoux.fr\/wp-content\/uploads\/2026\/01\/20260123_091330660_iOS1-350x467.webp 350w, https:\/\/www.amaryllisbijoux.fr\/wp-content\/uploads\/2026\/01\/20260123_091330660_iOS1-scaled.webp 1920w\" sizes=\"auto, (max-width: 706px) 89vw, (max-width: 767px) 82vw, 740px\" \/><figcaption class=\"wp-element-caption\">pampilles paillettes<\/figcaption><\/figure>\n","protected":false},"excerpt":{"rendered":"<p>Amaryllis Bijoux est une marque artisanale o\u00f9 chaque cr\u00e9ation est pens\u00e9e avec soin et d\u00e9licatesse. Tous les bijoux Amaryllis Bijoux sont r\u00e9alis\u00e9s \u00e0 la commande, afin de garantir une fabrication unique et de haute qualit\u00e9. Un d\u00e9lai moyen de 5 jours est n\u00e9cessaire avant l\u2019envoi de la commande, le temps que chaque pi\u00e8ce soit minutieusement &hellip; <\/p>\n<p class=\"link-more\"><a href=\"https:\/\/www.amaryllisbijoux.fr\/\" class=\"more-link\">Continuer la lecture<span class=\"screen-reader-text\"> de &laquo;&nbsp;Accueil&nbsp;&raquo;<\/span><\/a><\/p>\n","protected":false},"author":1,"featured_media":0,"parent":0,"menu_order":0,"comment_status":"closed","ping_status":"closed","template":"","meta":{"footnotes":""},"class_list":["post-6","page","type-page","status-publish","hentry"],"yoast_head":"<!-- This site is optimized with the Yoast SEO plugin v27.3 - https:\/\/yoast.com\/product\/yoast-seo-wordpress\/ -->\n<title>Amaryllis Bijoux -Bijoux personnalis\u00e9s - faits mains en France<\/title>\n<meta name=\"description\" content=\"Amaryllis Bijoux cr\u00e9e des bijoux uniques et faits main, r\u00e9alis\u00e9s \u00e0 la commande. Envoi sous 5 jours. Personnalisation possible.\" \/>\n<meta name=\"robots\" content=\"index, follow, max-snippet:-1, max-image-preview:large, max-video-preview:-1\" \/>\n<link rel=\"canonical\" href=\"https:\/\/www.amaryllisbijoux.fr\/\" \/>\n<meta property=\"og:locale\" content=\"fr_FR\" \/>\n<meta property=\"og:type\" content=\"article\" \/>\n<meta property=\"og:title\" content=\"Amaryllis Bijoux -Bijoux personnalis\u00e9s - faits mains en France\" \/>\n<meta property=\"og:description\" content=\"Amaryllis Bijoux cr\u00e9e des bijoux uniques et faits main, r\u00e9alis\u00e9s \u00e0 la commande. Envoi sous 5 jours. Personnalisation possible.\" \/>\n<meta property=\"og:url\" content=\"https:\/\/www.amaryllisbijoux.fr\/\" \/>\n<meta property=\"og:site_name\" content=\"Amaryllis Bijoux\" \/>\n<meta property=\"article:modified_time\" content=\"2026-03-12T14:47:06+00:00\" \/>\n<meta property=\"og:image\" content=\"https:\/\/www.amaryllisbijoux.fr\/wp-content\/uploads\/2026\/03\/expedition-scaled.webp\" \/>\n\t<meta property=\"og:image:width\" content=\"2560\" \/>\n\t<meta property=\"og:image:height\" content=\"1280\" \/>\n\t<meta property=\"og:image:type\" content=\"image\/webp\" \/>\n<meta name=\"twitter:card\" content=\"summary_large_image\" \/>\n<meta name=\"twitter:label1\" content=\"Dur\u00e9e de lecture estim\u00e9e\" \/>\n\t<meta name=\"twitter:data1\" content=\"2 minutes\" \/>\n<script type=\"application\/ld+json\" class=\"yoast-schema-graph\">{\"@context\":\"https:\\\/\\\/schema.org\",\"@graph\":[{\"@type\":\"WebPage\",\"@id\":\"https:\\\/\\\/www.amaryllisbijoux.fr\\\/\",\"url\":\"https:\\\/\\\/www.amaryllisbijoux.fr\\\/\",\"name\":\"Amaryllis Bijoux -Bijoux personnalis\u00e9s - faits mains en France\",\"isPartOf\":{\"@id\":\"https:\\\/\\\/www.amaryllisbijoux.fr\\\/#website\"},\"primaryImageOfPage\":{\"@id\":\"https:\\\/\\\/www.amaryllisbijoux.fr\\\/#primaryimage\"},\"image\":{\"@id\":\"https:\\\/\\\/www.amaryllisbijoux.fr\\\/#primaryimage\"},\"thumbnailUrl\":\"https:\\\/\\\/www.amaryllisbijoux.fr\\\/wp-content\\\/uploads\\\/2026\\\/03\\\/expedition-1024x512.webp\",\"datePublished\":\"2025-09-17T09:43:15+00:00\",\"dateModified\":\"2026-03-12T14:47:06+00:00\",\"description\":\"Amaryllis Bijoux cr\u00e9e des bijoux uniques et faits main, r\u00e9alis\u00e9s \u00e0 la commande. Envoi sous 5 jours. Personnalisation possible.\",\"breadcrumb\":{\"@id\":\"https:\\\/\\\/www.amaryllisbijoux.fr\\\/#breadcrumb\"},\"inLanguage\":\"fr-FR\",\"potentialAction\":[{\"@type\":\"ReadAction\",\"target\":[\"https:\\\/\\\/www.amaryllisbijoux.fr\\\/\"]}]},{\"@type\":\"ImageObject\",\"inLanguage\":\"fr-FR\",\"@id\":\"https:\\\/\\\/www.amaryllisbijoux.fr\\\/#primaryimage\",\"url\":\"https:\\\/\\\/www.amaryllisbijoux.fr\\\/wp-content\\\/uploads\\\/2026\\\/03\\\/expedition-scaled.webp\",\"contentUrl\":\"https:\\\/\\\/www.amaryllisbijoux.fr\\\/wp-content\\\/uploads\\\/2026\\\/03\\\/expedition-scaled.webp\",\"width\":2560,\"height\":1280},{\"@type\":\"BreadcrumbList\",\"@id\":\"https:\\\/\\\/www.amaryllisbijoux.fr\\\/#breadcrumb\",\"itemListElement\":[{\"@type\":\"ListItem\",\"position\":1,\"name\":\"Accueil\",\"item\":\"https:\\\/\\\/www.amaryllisbijoux.fr\\\/\"},{\"@type\":\"ListItem\",\"position\":2,\"name\":\"Accueil\"}]},{\"@type\":\"WebSite\",\"@id\":\"https:\\\/\\\/www.amaryllisbijoux.fr\\\/#website\",\"url\":\"https:\\\/\\\/www.amaryllisbijoux.fr\\\/\",\"name\":\"Amaryllis Bijoux\",\"description\":\"\",\"potentialAction\":[{\"@type\":\"SearchAction\",\"target\":{\"@type\":\"EntryPoint\",\"urlTemplate\":\"https:\\\/\\\/www.amaryllisbijoux.fr\\\/?s={search_term_string}\"},\"query-input\":{\"@type\":\"PropertyValueSpecification\",\"valueRequired\":true,\"valueName\":\"search_term_string\"}}],\"inLanguage\":\"fr-FR\"}]}<\/script>\n<!-- \/ Yoast SEO plugin. -->","yoast_head_json":{"title":"Amaryllis Bijoux -Bijoux personnalis\u00e9s - faits mains en France","description":"Amaryllis Bijoux cr\u00e9e des bijoux uniques et faits main, r\u00e9alis\u00e9s \u00e0 la commande. Envoi sous 5 jours. Personnalisation possible.","robots":{"index":"index","follow":"follow","max-snippet":"max-snippet:-1","max-image-preview":"max-image-preview:large","max-video-preview":"max-video-preview:-1"},"canonical":"https:\/\/www.amaryllisbijoux.fr\/","og_locale":"fr_FR","og_type":"article","og_title":"Amaryllis Bijoux -Bijoux personnalis\u00e9s - faits mains en France","og_description":"Amaryllis Bijoux cr\u00e9e des bijoux uniques et faits main, r\u00e9alis\u00e9s \u00e0 la commande. Envoi sous 5 jours. Personnalisation possible.","og_url":"https:\/\/www.amaryllisbijoux.fr\/","og_site_name":"Amaryllis Bijoux","article_modified_time":"2026-03-12T14:47:06+00:00","og_image":[{"width":2560,"height":1280,"url":"https:\/\/www.amaryllisbijoux.fr\/wp-content\/uploads\/2026\/03\/expedition-scaled.webp","type":"image\/webp"}],"twitter_card":"summary_large_image","twitter_misc":{"Dur\u00e9e de lecture estim\u00e9e":"2 minutes"},"schema":{"@context":"https:\/\/schema.org","@graph":[{"@type":"WebPage","@id":"https:\/\/www.amaryllisbijoux.fr\/","url":"https:\/\/www.amaryllisbijoux.fr\/","name":"Amaryllis Bijoux -Bijoux personnalis\u00e9s - faits mains en France","isPartOf":{"@id":"https:\/\/www.amaryllisbijoux.fr\/#website"},"primaryImageOfPage":{"@id":"https:\/\/www.amaryllisbijoux.fr\/#primaryimage"},"image":{"@id":"https:\/\/www.amaryllisbijoux.fr\/#primaryimage"},"thumbnailUrl":"https:\/\/www.amaryllisbijoux.fr\/wp-content\/uploads\/2026\/03\/expedition-1024x512.webp","datePublished":"2025-09-17T09:43:15+00:00","dateModified":"2026-03-12T14:47:06+00:00","description":"Amaryllis Bijoux cr\u00e9e des bijoux uniques et faits main, r\u00e9alis\u00e9s \u00e0 la commande. Envoi sous 5 jours. Personnalisation possible.","breadcrumb":{"@id":"https:\/\/www.amaryllisbijoux.fr\/#breadcrumb"},"inLanguage":"fr-FR","potentialAction":[{"@type":"ReadAction","target":["https:\/\/www.amaryllisbijoux.fr\/"]}]},{"@type":"ImageObject","inLanguage":"fr-FR","@id":"https:\/\/www.amaryllisbijoux.fr\/#primaryimage","url":"https:\/\/www.amaryllisbijoux.fr\/wp-content\/uploads\/2026\/03\/expedition-scaled.webp","contentUrl":"https:\/\/www.amaryllisbijoux.fr\/wp-content\/uploads\/2026\/03\/expedition-scaled.webp","width":2560,"height":1280},{"@type":"BreadcrumbList","@id":"https:\/\/www.amaryllisbijoux.fr\/#breadcrumb","itemListElement":[{"@type":"ListItem","position":1,"name":"Accueil","item":"https:\/\/www.amaryllisbijoux.fr\/"},{"@type":"ListItem","position":2,"name":"Accueil"}]},{"@type":"WebSite","@id":"https:\/\/www.amaryllisbijoux.fr\/#website","url":"https:\/\/www.amaryllisbijoux.fr\/","name":"Amaryllis Bijoux","description":"","potentialAction":[{"@type":"SearchAction","target":{"@type":"EntryPoint","urlTemplate":"https:\/\/www.amaryllisbijoux.fr\/?s={search_term_string}"},"query-input":{"@type":"PropertyValueSpecification","valueRequired":true,"valueName":"search_term_string"}}],"inLanguage":"fr-FR"}]}},"jetpack_sharing_enabled":true,"_links":{"self":[{"href":"https:\/\/www.amaryllisbijoux.fr\/index.php?rest_route=\/wp\/v2\/pages\/6","targetHints":{"allow":["GET"]}}],"collection":[{"href":"https:\/\/www.amaryllisbijoux.fr\/index.php?rest_route=\/wp\/v2\/pages"}],"about":[{"href":"https:\/\/www.amaryllisbijoux.fr\/index.php?rest_route=\/wp\/v2\/types\/page"}],"author":[{"embeddable":true,"href":"https:\/\/www.amaryllisbijoux.fr\/index.php?rest_route=\/wp\/v2\/users\/1"}],"replies":[{"embeddable":true,"href":"https:\/\/www.amaryllisbijoux.fr\/index.php?rest_route=%2Fwp%2Fv2%2Fcomments&post=6"}],"version-history":[{"count":39,"href":"https:\/\/www.amaryllisbijoux.fr\/index.php?rest_route=\/wp\/v2\/pages\/6\/revisions"}],"predecessor-version":[{"id":1578,"href":"https:\/\/www.amaryllisbijoux.fr\/index.php?rest_route=\/wp\/v2\/pages\/6\/revisions\/1578"}],"wp:attachment":[{"href":"https:\/\/www.amaryllisbijoux.fr\/index.php?rest_route=%2Fwp%2Fv2%2Fmedia&parent=6"}],"curies":[{"name":"wp","href":"https:\/\/api.w.org\/{rel}","templated":true}]}}