{"id":137,"date":"2025-10-01T20:22:07","date_gmt":"2025-10-01T18:22:07","guid":{"rendered":"https:\/\/www.amaryllisbijoux.fr\/?post_type=product&#038;p=137"},"modified":"2025-10-05T15:20:54","modified_gmt":"2025-10-05T13:20:54","slug":"fleurs-%e2%9c%a8-brille-dans-la-nuit-%e2%9c%a8","status":"publish","type":"product","link":"https:\/\/www.amaryllisbijoux.fr\/?product=fleurs-%e2%9c%a8-brille-dans-la-nuit-%e2%9c%a8","title":{"rendered":"Fleurs \u2728 Brille dans la nuit \u2728"},"content":{"rendered":"<h3 data-start=\"270\" data-end=\"361\"><strong data-start=\"274\" data-end=\"359\">Bijoux brille dans la nuit \u2013 Pampilles florales fluorescentes et phosphorescentes<\/strong><\/h3>\n<p data-start=\"363\" data-end=\"681\">D\u00e9couvrez notre collection artisanale de <strong data-start=\"404\" data-end=\"434\">bijoux brille dans la nuit<\/strong>, cr\u00e9\u00e9s en p\u00e2te polym\u00e8re et renforc\u00e9s par de la r\u00e9sine pour une solidit\u00e9 optimale. Ces pampilles lumineuses sont disponibles en trois formes de fleurs : <strong data-start=\"587\" data-end=\"601\">marguerite<\/strong>, <strong data-start=\"603\" data-end=\"617\">coquelicot<\/strong> et <strong data-start=\"621\" data-end=\"644\">fleur \u00e0 six p\u00e9tales<\/strong>, pour un style original et unique.<\/p>\n<p data-start=\"683\" data-end=\"721\">\ud83c\udf38 <strong data-start=\"686\" data-end=\"719\">Des effets lumineux uniques :<\/strong><\/p>\n<ul data-start=\"722\" data-end=\"990\">\n<li data-start=\"722\" data-end=\"853\">\n<p data-start=\"724\" data-end=\"853\"><strong data-start=\"724\" data-end=\"744\">Vert fluorescent<\/strong> et <strong data-start=\"748\" data-end=\"770\">orange fluorescent<\/strong> : r\u00e9agissent instantan\u00e9ment \u00e0 la lumi\u00e8re bleue (UV) pour briller d\u2019un \u00e9clat vif.<\/p>\n<\/li>\n<li data-start=\"854\" data-end=\"990\">\n<p data-start=\"856\" data-end=\"990\"><strong data-start=\"856\" data-end=\"880\">Blanc phosphorescent<\/strong> : capte la lumi\u00e8re naturelle ou artificielle et s\u2019illumine dans l\u2019obscurit\u00e9 pour un effet magique qui dure.<\/p>\n<\/li>\n<\/ul>\n<p data-start=\"992\" data-end=\"1263\">\u2728 <strong data-start=\"994\" data-end=\"1008\">Pour qui ?<\/strong><br data-start=\"1008\" data-end=\"1011\" \/>Ces <strong data-start=\"1015\" data-end=\"1045\">bijoux brille dans la nuit<\/strong> s\u2019adressent \u00e0 toutes celles et ceux qui aiment l\u2019originalit\u00e9, la fantaisie et la lumi\u00e8re. Ils s\u00e9duisent aussi bien les amateurs de bijoux artisanaux que les passionn\u00e9s de mode alternative ou de cr\u00e9ations lumineuses.<\/p>\n<p data-start=\"1265\" data-end=\"1541\">\ud83c\udf89 <strong data-start=\"1268\" data-end=\"1294\">Pour quelle occasion ?<\/strong><br data-start=\"1294\" data-end=\"1297\" \/>Id\u00e9als pour les <strong data-start=\"1313\" data-end=\"1333\">soir\u00e9es festives<\/strong>, les <strong data-start=\"1339\" data-end=\"1352\">festivals<\/strong>, les <strong data-start=\"1358\" data-end=\"1370\">concerts<\/strong>, ou simplement pour apporter une touche magique \u00e0 une tenue du quotidien. Offerts en cadeau, ils surprennent et enchantent par leur \u00e9clat unique, de jour comme de nuit.<\/p>\n<p data-start=\"1543\" data-end=\"1668\">Ces <strong data-start=\"1547\" data-end=\"1566\">bijoux lumineux<\/strong> transforment chaque instant en moment inoubliable, tout en mettant en valeur votre style personnel.<\/p>\n<p data-start=\"1543\" data-end=\"1668\">N.B : La couleur peut varier entre la photos et la r\u00e9alit\u00e9. Les bijoux sont fabriqu\u00e9s \u00e0 la commande, puis exp\u00e9di\u00e9s sous 15 jours.<\/p>\n","protected":false},"excerpt":{"rendered":"<p>Retrouvez 3 formes de pampilles florales aux couleurs fluorescentes ou phosphorescentes qui illumineront vos soir\u00e9es festives.<\/p>\n","protected":false},"featured_media":134,"comment_status":"open","ping_status":"closed","template":"","meta":[],"product_brand":[],"product_cat":[19],"product_tag":[],"class_list":{"0":"post-137","1":"product","2":"type-product","3":"status-publish","4":"has-post-thumbnail","6":"product_cat-brille-dans-la-nuit","8":"first","9":"instock","10":"shipping-taxable","11":"purchasable","12":"product-type-variable"},"yoast_head":"<!-- This site is optimized with the Yoast SEO plugin v27.3 - https:\/\/yoast.com\/product\/yoast-seo-wordpress\/ -->\n<title>Bijoux qui brillent dans le noir\/la nuit - Cr\u00e9oles interchangeables<\/title>\n<meta name=\"description\" content=\"Bijoux, boucles d&#039;oreilles, cr\u00e9oles interchangeables fluorescentes \/phosphorescentes, brillent dans la nuit\/le noir, faites mains, cr\u00e9atrice fran\u00e7aise.\" \/>\n<meta name=\"robots\" content=\"index, follow, max-snippet:-1, max-image-preview:large, max-video-preview:-1\" \/>\n<link rel=\"canonical\" href=\"https:\/\/www.amaryllisbijoux.fr\/?product=fleurs-\u2728-brille-dans-la-nuit-\u2728\" \/>\n<meta property=\"og:locale\" content=\"fr_FR\" \/>\n<meta property=\"og:type\" content=\"article\" \/>\n<meta property=\"og:title\" content=\"Bijoux qui brillent dans le noir\/la nuit - Cr\u00e9oles interchangeables\" \/>\n<meta property=\"og:description\" content=\"Bijoux, boucles d&#039;oreilles, cr\u00e9oles interchangeables fluorescentes \/phosphorescentes, brillent dans la nuit\/le noir, faites mains, cr\u00e9atrice fran\u00e7aise.\" \/>\n<meta property=\"og:url\" content=\"https:\/\/www.amaryllisbijoux.fr\/?product=fleurs-\u2728-brille-dans-la-nuit-\u2728\" \/>\n<meta property=\"og:site_name\" content=\"Amaryllis Bijoux\" \/>\n<meta property=\"article:modified_time\" content=\"2025-10-05T13:20:54+00:00\" \/>\n<meta property=\"og:image\" content=\"https:\/\/www.amaryllisbijoux.fr\/wp-content\/uploads\/2025\/10\/img_8418.jpeg\" \/>\n\t<meta property=\"og:image:width\" content=\"1170\" \/>\n\t<meta property=\"og:image:height\" content=\"1249\" \/>\n\t<meta property=\"og:image:type\" content=\"image\/jpeg\" \/>\n<meta name=\"twitter:card\" content=\"summary_large_image\" \/>\n<meta name=\"twitter:label1\" content=\"Dur\u00e9e de lecture estim\u00e9e\" \/>\n\t<meta name=\"twitter:data1\" content=\"2 minutes\" \/>\n<script type=\"application\/ld+json\" class=\"yoast-schema-graph\">{\"@context\":\"https:\\\/\\\/schema.org\",\"@graph\":[{\"@type\":\"WebPage\",\"@id\":\"https:\\\/\\\/www.amaryllisbijoux.fr\\\/?product=fleurs-%e2%9c%a8-brille-dans-la-nuit-%e2%9c%a8\",\"url\":\"https:\\\/\\\/www.amaryllisbijoux.fr\\\/?product=fleurs-%e2%9c%a8-brille-dans-la-nuit-%e2%9c%a8\",\"name\":\"Bijoux qui brillent dans le noir\\\/la nuit - Cr\u00e9oles interchangeables\",\"isPartOf\":{\"@id\":\"https:\\\/\\\/www.amaryllisbijoux.fr\\\/#website\"},\"primaryImageOfPage\":{\"@id\":\"https:\\\/\\\/www.amaryllisbijoux.fr\\\/?product=fleurs-%e2%9c%a8-brille-dans-la-nuit-%e2%9c%a8#primaryimage\"},\"image\":{\"@id\":\"https:\\\/\\\/www.amaryllisbijoux.fr\\\/?product=fleurs-%e2%9c%a8-brille-dans-la-nuit-%e2%9c%a8#primaryimage\"},\"thumbnailUrl\":\"https:\\\/\\\/www.amaryllisbijoux.fr\\\/wp-content\\\/uploads\\\/2025\\\/10\\\/img_8418.jpeg\",\"datePublished\":\"2025-10-01T18:22:07+00:00\",\"dateModified\":\"2025-10-05T13:20:54+00:00\",\"description\":\"Bijoux, boucles d'oreilles, cr\u00e9oles interchangeables fluorescentes \\\/phosphorescentes, brillent dans la nuit\\\/le noir, faites mains, cr\u00e9atrice fran\u00e7aise.\",\"breadcrumb\":{\"@id\":\"https:\\\/\\\/www.amaryllisbijoux.fr\\\/?product=fleurs-%e2%9c%a8-brille-dans-la-nuit-%e2%9c%a8#breadcrumb\"},\"inLanguage\":\"fr-FR\",\"potentialAction\":[{\"@type\":\"ReadAction\",\"target\":[\"https:\\\/\\\/www.amaryllisbijoux.fr\\\/?product=fleurs-%e2%9c%a8-brille-dans-la-nuit-%e2%9c%a8\"]}]},{\"@type\":\"ImageObject\",\"inLanguage\":\"fr-FR\",\"@id\":\"https:\\\/\\\/www.amaryllisbijoux.fr\\\/?product=fleurs-%e2%9c%a8-brille-dans-la-nuit-%e2%9c%a8#primaryimage\",\"url\":\"https:\\\/\\\/www.amaryllisbijoux.fr\\\/wp-content\\\/uploads\\\/2025\\\/10\\\/img_8418.jpeg\",\"contentUrl\":\"https:\\\/\\\/www.amaryllisbijoux.fr\\\/wp-content\\\/uploads\\\/2025\\\/10\\\/img_8418.jpeg\",\"width\":1170,\"height\":1249,\"caption\":\"Screenshot\"},{\"@type\":\"BreadcrumbList\",\"@id\":\"https:\\\/\\\/www.amaryllisbijoux.fr\\\/?product=fleurs-%e2%9c%a8-brille-dans-la-nuit-%e2%9c%a8#breadcrumb\",\"itemListElement\":[{\"@type\":\"ListItem\",\"position\":1,\"name\":\"Accueil\",\"item\":\"https:\\\/\\\/www.amaryllisbijoux.fr\\\/\"},{\"@type\":\"ListItem\",\"position\":2,\"name\":\"Boutique\",\"item\":\"https:\\\/\\\/www.amaryllisbijoux.fr\\\/?page_id=343\"},{\"@type\":\"ListItem\",\"position\":3,\"name\":\"Fleurs \u2728 Brille dans la nuit \u2728\"}]},{\"@type\":\"WebSite\",\"@id\":\"https:\\\/\\\/www.amaryllisbijoux.fr\\\/#website\",\"url\":\"https:\\\/\\\/www.amaryllisbijoux.fr\\\/\",\"name\":\"Amaryllis Bijoux\",\"description\":\"\",\"potentialAction\":[{\"@type\":\"SearchAction\",\"target\":{\"@type\":\"EntryPoint\",\"urlTemplate\":\"https:\\\/\\\/www.amaryllisbijoux.fr\\\/?s={search_term_string}\"},\"query-input\":{\"@type\":\"PropertyValueSpecification\",\"valueRequired\":true,\"valueName\":\"search_term_string\"}}],\"inLanguage\":\"fr-FR\"}]}<\/script>\n<!-- \/ Yoast SEO plugin. -->","yoast_head_json":{"title":"Bijoux qui brillent dans le noir\/la nuit - Cr\u00e9oles interchangeables","description":"Bijoux, boucles d'oreilles, cr\u00e9oles interchangeables fluorescentes \/phosphorescentes, brillent dans la nuit\/le noir, faites mains, cr\u00e9atrice fran\u00e7aise.","robots":{"index":"index","follow":"follow","max-snippet":"max-snippet:-1","max-image-preview":"max-image-preview:large","max-video-preview":"max-video-preview:-1"},"canonical":"https:\/\/www.amaryllisbijoux.fr\/?product=fleurs-\u2728-brille-dans-la-nuit-\u2728","og_locale":"fr_FR","og_type":"article","og_title":"Bijoux qui brillent dans le noir\/la nuit - Cr\u00e9oles interchangeables","og_description":"Bijoux, boucles d'oreilles, cr\u00e9oles interchangeables fluorescentes \/phosphorescentes, brillent dans la nuit\/le noir, faites mains, cr\u00e9atrice fran\u00e7aise.","og_url":"https:\/\/www.amaryllisbijoux.fr\/?product=fleurs-\u2728-brille-dans-la-nuit-\u2728","og_site_name":"Amaryllis Bijoux","article_modified_time":"2025-10-05T13:20:54+00:00","og_image":[{"width":1170,"height":1249,"url":"https:\/\/www.amaryllisbijoux.fr\/wp-content\/uploads\/2025\/10\/img_8418.jpeg","type":"image\/jpeg"}],"twitter_card":"summary_large_image","twitter_misc":{"Dur\u00e9e de lecture estim\u00e9e":"2 minutes"},"schema":{"@context":"https:\/\/schema.org","@graph":[{"@type":"WebPage","@id":"https:\/\/www.amaryllisbijoux.fr\/?product=fleurs-%e2%9c%a8-brille-dans-la-nuit-%e2%9c%a8","url":"https:\/\/www.amaryllisbijoux.fr\/?product=fleurs-%e2%9c%a8-brille-dans-la-nuit-%e2%9c%a8","name":"Bijoux qui brillent dans le noir\/la nuit - Cr\u00e9oles interchangeables","isPartOf":{"@id":"https:\/\/www.amaryllisbijoux.fr\/#website"},"primaryImageOfPage":{"@id":"https:\/\/www.amaryllisbijoux.fr\/?product=fleurs-%e2%9c%a8-brille-dans-la-nuit-%e2%9c%a8#primaryimage"},"image":{"@id":"https:\/\/www.amaryllisbijoux.fr\/?product=fleurs-%e2%9c%a8-brille-dans-la-nuit-%e2%9c%a8#primaryimage"},"thumbnailUrl":"https:\/\/www.amaryllisbijoux.fr\/wp-content\/uploads\/2025\/10\/img_8418.jpeg","datePublished":"2025-10-01T18:22:07+00:00","dateModified":"2025-10-05T13:20:54+00:00","description":"Bijoux, boucles d'oreilles, cr\u00e9oles interchangeables fluorescentes \/phosphorescentes, brillent dans la nuit\/le noir, faites mains, cr\u00e9atrice fran\u00e7aise.","breadcrumb":{"@id":"https:\/\/www.amaryllisbijoux.fr\/?product=fleurs-%e2%9c%a8-brille-dans-la-nuit-%e2%9c%a8#breadcrumb"},"inLanguage":"fr-FR","potentialAction":[{"@type":"ReadAction","target":["https:\/\/www.amaryllisbijoux.fr\/?product=fleurs-%e2%9c%a8-brille-dans-la-nuit-%e2%9c%a8"]}]},{"@type":"ImageObject","inLanguage":"fr-FR","@id":"https:\/\/www.amaryllisbijoux.fr\/?product=fleurs-%e2%9c%a8-brille-dans-la-nuit-%e2%9c%a8#primaryimage","url":"https:\/\/www.amaryllisbijoux.fr\/wp-content\/uploads\/2025\/10\/img_8418.jpeg","contentUrl":"https:\/\/www.amaryllisbijoux.fr\/wp-content\/uploads\/2025\/10\/img_8418.jpeg","width":1170,"height":1249,"caption":"Screenshot"},{"@type":"BreadcrumbList","@id":"https:\/\/www.amaryllisbijoux.fr\/?product=fleurs-%e2%9c%a8-brille-dans-la-nuit-%e2%9c%a8#breadcrumb","itemListElement":[{"@type":"ListItem","position":1,"name":"Accueil","item":"https:\/\/www.amaryllisbijoux.fr\/"},{"@type":"ListItem","position":2,"name":"Boutique","item":"https:\/\/www.amaryllisbijoux.fr\/?page_id=343"},{"@type":"ListItem","position":3,"name":"Fleurs \u2728 Brille dans la nuit \u2728"}]},{"@type":"WebSite","@id":"https:\/\/www.amaryllisbijoux.fr\/#website","url":"https:\/\/www.amaryllisbijoux.fr\/","name":"Amaryllis Bijoux","description":"","potentialAction":[{"@type":"SearchAction","target":{"@type":"EntryPoint","urlTemplate":"https:\/\/www.amaryllisbijoux.fr\/?s={search_term_string}"},"query-input":{"@type":"PropertyValueSpecification","valueRequired":true,"valueName":"search_term_string"}}],"inLanguage":"fr-FR"}]}},"jetpack_sharing_enabled":true,"_links":{"self":[{"href":"https:\/\/www.amaryllisbijoux.fr\/index.php?rest_route=\/wp\/v2\/product\/137","targetHints":{"allow":["GET"]}}],"collection":[{"href":"https:\/\/www.amaryllisbijoux.fr\/index.php?rest_route=\/wp\/v2\/product"}],"about":[{"href":"https:\/\/www.amaryllisbijoux.fr\/index.php?rest_route=\/wp\/v2\/types\/product"}],"replies":[{"embeddable":true,"href":"https:\/\/www.amaryllisbijoux.fr\/index.php?rest_route=%2Fwp%2Fv2%2Fcomments&post=137"}],"wp:featuredmedia":[{"embeddable":true,"href":"https:\/\/www.amaryllisbijoux.fr\/index.php?rest_route=\/wp\/v2\/media\/134"}],"wp:attachment":[{"href":"https:\/\/www.amaryllisbijoux.fr\/index.php?rest_route=%2Fwp%2Fv2%2Fmedia&parent=137"}],"wp:term":[{"taxonomy":"product_brand","embeddable":true,"href":"https:\/\/www.amaryllisbijoux.fr\/index.php?rest_route=%2Fwp%2Fv2%2Fproduct_brand&post=137"},{"taxonomy":"product_cat","embeddable":true,"href":"https:\/\/www.amaryllisbijoux.fr\/index.php?rest_route=%2Fwp%2Fv2%2Fproduct_cat&post=137"},{"taxonomy":"product_tag","embeddable":true,"href":"https:\/\/www.amaryllisbijoux.fr\/index.php?rest_route=%2Fwp%2Fv2%2Fproduct_tag&post=137"}],"curies":[{"name":"wp","href":"https:\/\/api.w.org\/{rel}","templated":true}]}}