{"id":1383,"date":"2026-02-27T18:30:51","date_gmt":"2026-02-27T17:30:51","guid":{"rendered":"https:\/\/www.amaryllisbijoux.fr\/?post_type=product&#038;p=1383"},"modified":"2026-02-27T18:48:40","modified_gmt":"2026-02-27T17:48:40","slug":"boucles-doreilles-pendantes-mandarine","status":"publish","type":"product","link":"https:\/\/www.amaryllisbijoux.fr\/?product=boucles-doreilles-pendantes-mandarine","title":{"rendered":"Boucles d&rsquo;oreilles pendantes &#8211; Mandarine"},"content":{"rendered":"<h2 data-start=\"166\" data-end=\"238\">\ud83c\udf38 Boucles d\u2019oreilles pendantes : l\u2019\u00e9l\u00e9gance naturelle du printemps<\/h2>\n<p data-start=\"240\" data-end=\"601\">Les <strong data-start=\"244\" data-end=\"276\">boucles d\u2019oreilles pendantes<\/strong> de la collection printemps c\u00e9l\u00e8brent la saison avec fra\u00eecheur et modernit\u00e9. Confectionn\u00e9es en <strong data-start=\"371\" data-end=\"388\">p\u00e2te polym\u00e8re<\/strong>, elles se distinguent par leur l\u00e9g\u00e8ret\u00e9 et leur confort au quotidien. Leur <strong data-start=\"464\" data-end=\"485\">forme de feuilles<\/strong> apporte une touche naturelle et d\u00e9licate, parfaite pour sublimer un look boh\u00e8me chic ou une tenue plus minimaliste.<\/p>\n<hr data-start=\"603\" data-end=\"606\" \/>\n<h2 data-start=\"608\" data-end=\"659\">\ud83c\udf08 Des couleurs peps pour illuminer vos tenues<\/h2>\n<p data-start=\"661\" data-end=\"1042\">Pour cette collection, deux teintes vibrantes sont \u00e0 l\u2019honneur : <strong data-start=\"726\" data-end=\"739\">mandarine<\/strong> et <strong data-start=\"743\" data-end=\"756\">framboise<\/strong>.<br data-start=\"757\" data-end=\"760\" \/>D\u2019une part, la mandarine insuffle \u00e9nergie et lumi\u00e8re, id\u00e9ale pour r\u00e9veiller une tenue sobre.<br data-start=\"852\" data-end=\"855\" \/>D\u2019autre part, le framboise apporte une note f\u00e9minine et audacieuse, parfaite pour affirmer son style.<br data-start=\"956\" data-end=\"959\" \/>Ainsi, ces boucles d\u2019oreilles pendantes deviennent l\u2019accessoire phare du printemps.<\/p>\n<hr data-start=\"1044\" data-end=\"1047\" \/>\n<h2 data-start=\"1049\" data-end=\"1103\">\u2728 R\u00e9sine paillet\u00e9e : une touche lumineuse subtile<\/h2>\n<p data-start=\"1105\" data-end=\"1428\">Afin d\u2019accentuer leur \u00e9clat, chaque paire est sublim\u00e9e par une <strong data-start=\"1168\" data-end=\"1217\">finition en r\u00e9sine avec touches de paillettes<\/strong>. Cette couche protectrice apporte non seulement de la brillance, mais aussi une meilleure durabilit\u00e9. Les paillettes captent d\u00e9licatement la lumi\u00e8re pour un effet lumineux et p\u00e9tillant, tout en restant \u00e9l\u00e9gant.<\/p>\n<hr data-start=\"1430\" data-end=\"1433\" \/>\n<h2 data-start=\"1435\" data-end=\"1494\">\ud83c\udf3f Attache en acier inoxydable : confort et r\u00e9sistance<\/h2>\n<p data-start=\"1496\" data-end=\"1782\">Les attaches sont en <strong data-start=\"1517\" data-end=\"1537\">acier inoxydable<\/strong>, un mat\u00e9riau reconnu pour ses nombreux avantages. Il est <strong data-start=\"1595\" data-end=\"1615\">hypoallerg\u00e9nique<\/strong>, r\u00e9sistant \u00e0 l\u2019eau et ne noircit pas avec le temps. Durable et confortable, il permet de porter vos boucles d\u2019oreilles pendantes en toute s\u00e9r\u00e9nit\u00e9, m\u00eame au quotidien.<\/p>\n<hr data-start=\"1784\" data-end=\"1787\" \/>\n<h2 data-start=\"1789\" data-end=\"1826\">\ud83d\udc9b Un bijou tendance et original<\/h2>\n<p data-start=\"1828\" data-end=\"2036\">Gr\u00e2ce \u00e0 leurs formes originales en feuilles et leurs couleurs \u00e9clatantes, ces boucles d\u2019oreilles pendantes en p\u00e2te polym\u00e8re sont id\u00e9ales pour apporter une note naturelle et lumineuse \u00e0 votre style printanier.<\/p>\n<p data-start=\"1828\" data-end=\"2036\">N.B : Les couleurs peuvent varier entre les photos et la r\u00e9alit\u00e9.<\/p>\n","protected":false},"excerpt":{"rendered":"<p>Boucles d\u2019oreilles pendantes en forme de feuilles, p\u00e2te polym\u00e8re, couleurs peps mandarine ou framboise, finition r\u00e9sine paillet\u00e9e.<\/p>\n","protected":false},"featured_media":1379,"comment_status":"open","ping_status":"closed","template":"","meta":[],"product_brand":[],"product_cat":[34],"product_tag":[],"class_list":{"0":"post-1383","1":"product","2":"type-product","3":"status-publish","4":"has-post-thumbnail","6":"product_cat-boheme-chic","8":"first","9":"instock","10":"shipping-taxable","11":"purchasable","12":"product-type-simple"},"yoast_head":"<!-- This site is optimized with the Yoast SEO plugin v27.3 - https:\/\/yoast.com\/product\/yoast-seo-wordpress\/ -->\n<title>Boucles d&#039;oreilles pendantes - Mandarine - Amaryllis Bijoux<\/title>\n<meta name=\"description\" content=\"Boucles d\u2019oreilles pendantes en p\u00e2te polym\u00e8re, forme feuilles, couleurs mandarine ou framboise. R\u00e9sine paillet\u00e9e et attache en acier inoxydable.\" \/>\n<meta name=\"robots\" content=\"index, follow, max-snippet:-1, max-image-preview:large, max-video-preview:-1\" \/>\n<link rel=\"canonical\" href=\"https:\/\/www.amaryllisbijoux.fr\/?product=boucles-doreilles-pendantes-mandarine\" \/>\n<meta property=\"og:locale\" content=\"fr_FR\" \/>\n<meta property=\"og:type\" content=\"article\" \/>\n<meta property=\"og:title\" content=\"Boucles d&#039;oreilles pendantes - Mandarine - Amaryllis Bijoux\" \/>\n<meta property=\"og:description\" content=\"Boucles d\u2019oreilles pendantes en p\u00e2te polym\u00e8re, forme feuilles, couleurs mandarine ou framboise. R\u00e9sine paillet\u00e9e et attache en acier inoxydable.\" \/>\n<meta property=\"og:url\" content=\"https:\/\/www.amaryllisbijoux.fr\/?product=boucles-doreilles-pendantes-mandarine\" \/>\n<meta property=\"og:site_name\" content=\"Amaryllis Bijoux\" \/>\n<meta property=\"article:modified_time\" content=\"2026-02-27T17:48:40+00:00\" \/>\n<meta property=\"og:image\" content=\"https:\/\/www.amaryllisbijoux.fr\/wp-content\/uploads\/2026\/02\/20260220_125105528_iOS_11-scaled.webp\" \/>\n\t<meta property=\"og:image:width\" content=\"1920\" \/>\n\t<meta property=\"og:image:height\" content=\"2560\" \/>\n\t<meta property=\"og:image:type\" content=\"image\/webp\" \/>\n<meta name=\"twitter:card\" content=\"summary_large_image\" \/>\n<meta name=\"twitter:label1\" content=\"Dur\u00e9e de lecture estim\u00e9e\" \/>\n\t<meta name=\"twitter:data1\" content=\"2 minutes\" \/>\n<script type=\"application\/ld+json\" class=\"yoast-schema-graph\">{\"@context\":\"https:\\\/\\\/schema.org\",\"@graph\":[{\"@type\":\"WebPage\",\"@id\":\"https:\\\/\\\/www.amaryllisbijoux.fr\\\/?product=boucles-doreilles-pendantes-mandarine\",\"url\":\"https:\\\/\\\/www.amaryllisbijoux.fr\\\/?product=boucles-doreilles-pendantes-mandarine\",\"name\":\"Boucles d'oreilles pendantes - Mandarine - Amaryllis Bijoux\",\"isPartOf\":{\"@id\":\"https:\\\/\\\/www.amaryllisbijoux.fr\\\/#website\"},\"primaryImageOfPage\":{\"@id\":\"https:\\\/\\\/www.amaryllisbijoux.fr\\\/?product=boucles-doreilles-pendantes-mandarine#primaryimage\"},\"image\":{\"@id\":\"https:\\\/\\\/www.amaryllisbijoux.fr\\\/?product=boucles-doreilles-pendantes-mandarine#primaryimage\"},\"thumbnailUrl\":\"https:\\\/\\\/www.amaryllisbijoux.fr\\\/wp-content\\\/uploads\\\/2026\\\/02\\\/20260220_125105528_iOS_11-scaled.webp\",\"datePublished\":\"2026-02-27T17:30:51+00:00\",\"dateModified\":\"2026-02-27T17:48:40+00:00\",\"description\":\"Boucles d\u2019oreilles pendantes en p\u00e2te polym\u00e8re, forme feuilles, couleurs mandarine ou framboise. R\u00e9sine paillet\u00e9e et attache en acier inoxydable.\",\"breadcrumb\":{\"@id\":\"https:\\\/\\\/www.amaryllisbijoux.fr\\\/?product=boucles-doreilles-pendantes-mandarine#breadcrumb\"},\"inLanguage\":\"fr-FR\",\"potentialAction\":[{\"@type\":\"ReadAction\",\"target\":[\"https:\\\/\\\/www.amaryllisbijoux.fr\\\/?product=boucles-doreilles-pendantes-mandarine\"]}]},{\"@type\":\"ImageObject\",\"inLanguage\":\"fr-FR\",\"@id\":\"https:\\\/\\\/www.amaryllisbijoux.fr\\\/?product=boucles-doreilles-pendantes-mandarine#primaryimage\",\"url\":\"https:\\\/\\\/www.amaryllisbijoux.fr\\\/wp-content\\\/uploads\\\/2026\\\/02\\\/20260220_125105528_iOS_11-scaled.webp\",\"contentUrl\":\"https:\\\/\\\/www.amaryllisbijoux.fr\\\/wp-content\\\/uploads\\\/2026\\\/02\\\/20260220_125105528_iOS_11-scaled.webp\",\"width\":1920,\"height\":2560,\"caption\":\"boucles d'oreilles pendantes\"},{\"@type\":\"BreadcrumbList\",\"@id\":\"https:\\\/\\\/www.amaryllisbijoux.fr\\\/?product=boucles-doreilles-pendantes-mandarine#breadcrumb\",\"itemListElement\":[{\"@type\":\"ListItem\",\"position\":1,\"name\":\"Accueil\",\"item\":\"https:\\\/\\\/www.amaryllisbijoux.fr\\\/\"},{\"@type\":\"ListItem\",\"position\":2,\"name\":\"Boutique\",\"item\":\"https:\\\/\\\/www.amaryllisbijoux.fr\\\/?page_id=343\"},{\"@type\":\"ListItem\",\"position\":3,\"name\":\"Boucles d&rsquo;oreilles pendantes &#8211; Mandarine\"}]},{\"@type\":\"WebSite\",\"@id\":\"https:\\\/\\\/www.amaryllisbijoux.fr\\\/#website\",\"url\":\"https:\\\/\\\/www.amaryllisbijoux.fr\\\/\",\"name\":\"Amaryllis Bijoux\",\"description\":\"\",\"potentialAction\":[{\"@type\":\"SearchAction\",\"target\":{\"@type\":\"EntryPoint\",\"urlTemplate\":\"https:\\\/\\\/www.amaryllisbijoux.fr\\\/?s={search_term_string}\"},\"query-input\":{\"@type\":\"PropertyValueSpecification\",\"valueRequired\":true,\"valueName\":\"search_term_string\"}}],\"inLanguage\":\"fr-FR\"}]}<\/script>\n<!-- \/ Yoast SEO plugin. -->","yoast_head_json":{"title":"Boucles d'oreilles pendantes - Mandarine - Amaryllis Bijoux","description":"Boucles d\u2019oreilles pendantes en p\u00e2te polym\u00e8re, forme feuilles, couleurs mandarine ou framboise. R\u00e9sine paillet\u00e9e et attache en acier inoxydable.","robots":{"index":"index","follow":"follow","max-snippet":"max-snippet:-1","max-image-preview":"max-image-preview:large","max-video-preview":"max-video-preview:-1"},"canonical":"https:\/\/www.amaryllisbijoux.fr\/?product=boucles-doreilles-pendantes-mandarine","og_locale":"fr_FR","og_type":"article","og_title":"Boucles d'oreilles pendantes - Mandarine - Amaryllis Bijoux","og_description":"Boucles d\u2019oreilles pendantes en p\u00e2te polym\u00e8re, forme feuilles, couleurs mandarine ou framboise. R\u00e9sine paillet\u00e9e et attache en acier inoxydable.","og_url":"https:\/\/www.amaryllisbijoux.fr\/?product=boucles-doreilles-pendantes-mandarine","og_site_name":"Amaryllis Bijoux","article_modified_time":"2026-02-27T17:48:40+00:00","og_image":[{"width":1920,"height":2560,"url":"https:\/\/www.amaryllisbijoux.fr\/wp-content\/uploads\/2026\/02\/20260220_125105528_iOS_11-scaled.webp","type":"image\/webp"}],"twitter_card":"summary_large_image","twitter_misc":{"Dur\u00e9e de lecture estim\u00e9e":"2 minutes"},"schema":{"@context":"https:\/\/schema.org","@graph":[{"@type":"WebPage","@id":"https:\/\/www.amaryllisbijoux.fr\/?product=boucles-doreilles-pendantes-mandarine","url":"https:\/\/www.amaryllisbijoux.fr\/?product=boucles-doreilles-pendantes-mandarine","name":"Boucles d'oreilles pendantes - Mandarine - Amaryllis Bijoux","isPartOf":{"@id":"https:\/\/www.amaryllisbijoux.fr\/#website"},"primaryImageOfPage":{"@id":"https:\/\/www.amaryllisbijoux.fr\/?product=boucles-doreilles-pendantes-mandarine#primaryimage"},"image":{"@id":"https:\/\/www.amaryllisbijoux.fr\/?product=boucles-doreilles-pendantes-mandarine#primaryimage"},"thumbnailUrl":"https:\/\/www.amaryllisbijoux.fr\/wp-content\/uploads\/2026\/02\/20260220_125105528_iOS_11-scaled.webp","datePublished":"2026-02-27T17:30:51+00:00","dateModified":"2026-02-27T17:48:40+00:00","description":"Boucles d\u2019oreilles pendantes en p\u00e2te polym\u00e8re, forme feuilles, couleurs mandarine ou framboise. R\u00e9sine paillet\u00e9e et attache en acier inoxydable.","breadcrumb":{"@id":"https:\/\/www.amaryllisbijoux.fr\/?product=boucles-doreilles-pendantes-mandarine#breadcrumb"},"inLanguage":"fr-FR","potentialAction":[{"@type":"ReadAction","target":["https:\/\/www.amaryllisbijoux.fr\/?product=boucles-doreilles-pendantes-mandarine"]}]},{"@type":"ImageObject","inLanguage":"fr-FR","@id":"https:\/\/www.amaryllisbijoux.fr\/?product=boucles-doreilles-pendantes-mandarine#primaryimage","url":"https:\/\/www.amaryllisbijoux.fr\/wp-content\/uploads\/2026\/02\/20260220_125105528_iOS_11-scaled.webp","contentUrl":"https:\/\/www.amaryllisbijoux.fr\/wp-content\/uploads\/2026\/02\/20260220_125105528_iOS_11-scaled.webp","width":1920,"height":2560,"caption":"boucles d'oreilles pendantes"},{"@type":"BreadcrumbList","@id":"https:\/\/www.amaryllisbijoux.fr\/?product=boucles-doreilles-pendantes-mandarine#breadcrumb","itemListElement":[{"@type":"ListItem","position":1,"name":"Accueil","item":"https:\/\/www.amaryllisbijoux.fr\/"},{"@type":"ListItem","position":2,"name":"Boutique","item":"https:\/\/www.amaryllisbijoux.fr\/?page_id=343"},{"@type":"ListItem","position":3,"name":"Boucles d&rsquo;oreilles pendantes &#8211; Mandarine"}]},{"@type":"WebSite","@id":"https:\/\/www.amaryllisbijoux.fr\/#website","url":"https:\/\/www.amaryllisbijoux.fr\/","name":"Amaryllis Bijoux","description":"","potentialAction":[{"@type":"SearchAction","target":{"@type":"EntryPoint","urlTemplate":"https:\/\/www.amaryllisbijoux.fr\/?s={search_term_string}"},"query-input":{"@type":"PropertyValueSpecification","valueRequired":true,"valueName":"search_term_string"}}],"inLanguage":"fr-FR"}]}},"jetpack_sharing_enabled":true,"_links":{"self":[{"href":"https:\/\/www.amaryllisbijoux.fr\/index.php?rest_route=\/wp\/v2\/product\/1383","targetHints":{"allow":["GET"]}}],"collection":[{"href":"https:\/\/www.amaryllisbijoux.fr\/index.php?rest_route=\/wp\/v2\/product"}],"about":[{"href":"https:\/\/www.amaryllisbijoux.fr\/index.php?rest_route=\/wp\/v2\/types\/product"}],"replies":[{"embeddable":true,"href":"https:\/\/www.amaryllisbijoux.fr\/index.php?rest_route=%2Fwp%2Fv2%2Fcomments&post=1383"}],"wp:featuredmedia":[{"embeddable":true,"href":"https:\/\/www.amaryllisbijoux.fr\/index.php?rest_route=\/wp\/v2\/media\/1379"}],"wp:attachment":[{"href":"https:\/\/www.amaryllisbijoux.fr\/index.php?rest_route=%2Fwp%2Fv2%2Fmedia&parent=1383"}],"wp:term":[{"taxonomy":"product_brand","embeddable":true,"href":"https:\/\/www.amaryllisbijoux.fr\/index.php?rest_route=%2Fwp%2Fv2%2Fproduct_brand&post=1383"},{"taxonomy":"product_cat","embeddable":true,"href":"https:\/\/www.amaryllisbijoux.fr\/index.php?rest_route=%2Fwp%2Fv2%2Fproduct_cat&post=1383"},{"taxonomy":"product_tag","embeddable":true,"href":"https:\/\/www.amaryllisbijoux.fr\/index.php?rest_route=%2Fwp%2Fv2%2Fproduct_tag&post=1383"}],"curies":[{"name":"wp","href":"https:\/\/api.w.org\/{rel}","templated":true}]}}