{"id":1452,"date":"2026-03-11T18:30:34","date_gmt":"2026-03-11T17:30:34","guid":{"rendered":"https:\/\/www.amaryllisbijoux.fr\/?post_type=product&#038;p=1452"},"modified":"2026-02-26T15:01:33","modified_gmt":"2026-02-26T14:01:33","slug":"bijoux-de-vacances-coquillage","status":"publish","type":"product","link":"https:\/\/www.amaryllisbijoux.fr\/?product=bijoux-de-vacances-coquillage","title":{"rendered":"Bijoux de vacances &#8211; Coquillage"},"content":{"rendered":"<h2 data-start=\"236\" data-end=\"303\">\ud83c\udf1e Bijoux de vacances : l\u2019\u00e9l\u00e9gance naturelle inspir\u00e9e de l\u2019\u00e9t\u00e9<\/h2>\n<p data-start=\"305\" data-end=\"556\">Les <strong data-start=\"309\" data-end=\"331\">bijoux de vacances<\/strong> de cette collection s\u2019inspirent directement de la douceur estivale. Pens\u00e9s pour \u00e9voquer la mer, le sable chaud et les couchers de soleil, ils prennent la d\u00e9licate <strong data-start=\"495\" data-end=\"520\">forme d\u2019un coquillage<\/strong>, symbole incontournable de l\u2019\u00e9t\u00e9.<\/p>\n<p data-start=\"558\" data-end=\"905\">Cependant, loin d\u2019un simple bijou de plage, ce mod\u00e8le se distingue par une finition raffin\u00e9e. Gr\u00e2ce \u00e0 l\u2019association d\u2019une <strong data-start=\"680\" data-end=\"701\">perle d\u2019eau douce<\/strong> et de teintes naturelles, un \u00e9quilibre subtil entre esprit vacances et \u00e9l\u00e9gance habill\u00e9e est cr\u00e9\u00e9. Ainsi, ces bijoux de vacances peuvent \u00eatre port\u00e9s aussi bien en bord de mer que lors d\u2019une soir\u00e9e d\u2019\u00e9t\u00e9.<\/p>\n<hr data-start=\"907\" data-end=\"910\" \/>\n<h2 data-start=\"912\" data-end=\"961\">\ud83e\udd0d Des teintes naturelles sublim\u00e9es par l\u2019or<\/h2>\n<p data-start=\"963\" data-end=\"1163\">Pour cette cr\u00e9ation issue de la collection c\u00e9r\u00e9monie, des couleurs <strong data-start=\"1030\" data-end=\"1039\">blanc<\/strong> et <strong data-start=\"1043\" data-end=\"1052\">beige<\/strong> ont \u00e9t\u00e9 s\u00e9lectionn\u00e9es avec soin. Un <strong data-start=\"1089\" data-end=\"1105\">effet marbr\u00e9<\/strong> d\u00e9licat apporte profondeur et caract\u00e8re \u00e0 chaque pi\u00e8ce.<\/p>\n<p data-start=\"1165\" data-end=\"1506\">L\u2019esprit coquillage \u00e9voque imm\u00e9diatement les vacances, tandis que la perle et les tons naturels apportent une dimension plus sophistiqu\u00e9e et intemporelle.<\/p>\n<hr data-start=\"1508\" data-end=\"1511\" \/>\n<h2 data-start=\"1513\" data-end=\"1568\">\u2728 P\u00e2te polym\u00e8re et r\u00e9sine : l\u00e9g\u00e8ret\u00e9 et r\u00e9sistance<\/h2>\n<p data-start=\"1570\" data-end=\"1919\">Ces bijoux de vacances sont r\u00e9alis\u00e9s en <strong data-start=\"1610\" data-end=\"1627\">p\u00e2te polym\u00e8re<\/strong>, un mat\u00e9riau reconnu pour sa <strong data-start=\"1657\" data-end=\"1669\">l\u00e9g\u00e8ret\u00e9<\/strong> et sa <strong data-start=\"1676\" data-end=\"1688\">solidit\u00e9<\/strong>. Gr\u00e2ce \u00e0 cette mati\u00e8re, les boucles restent agr\u00e9ables \u00e0 porter tout au long de la journ\u00e9e, m\u00eame sous la chaleur estivale. De plus, la p\u00e2te polym\u00e8re permet de travailler des formes pr\u00e9cises et d\u00e9licates comme celle du coquillage.<\/p>\n<p data-start=\"1921\" data-end=\"2145\">Ensuite, une finition en <strong data-start=\"1946\" data-end=\"1956\">r\u00e9sine<\/strong> est appliqu\u00e9e afin de prot\u00e9ger la surface et d\u2019apporter une subtile brillance. Cette couche renforce \u00e9galement la durabilit\u00e9 du bijou, tout en sublimant l\u2019effet marbr\u00e9 et les \u00e9clats dor\u00e9s.<\/p>\n<hr data-start=\"2147\" data-end=\"2150\" \/>\n<h2 data-start=\"2152\" data-end=\"2190\">\ud83d\udc9b Une cr\u00e9ation artisanale unique<\/h2>\n<p data-start=\"2192\" data-end=\"2397\">Chaque bijou est fa\u00e7onn\u00e9 avec soin, rendant chaque pi\u00e8ce l\u00e9g\u00e8rement diff\u00e9rente. L\u2019effet marbr\u00e9 varie subtilement, ce qui conf\u00e8re un caract\u00e8re unique \u00e0 chaque mod\u00e8le.<\/p>\n<p data-start=\"2399\" data-end=\"2576\">Par ailleurs, il est important de pr\u00e9ciser que les <strong data-start=\"2450\" data-end=\"2521\">couleurs peuvent l\u00e9g\u00e8rement diff\u00e9rer entre les photos et la r\u00e9alit\u00e9<\/strong>, en fonction de la luminosit\u00e9 et des r\u00e9glages d\u2019\u00e9cran.<\/p>\n<p data-start=\"2578\" data-end=\"2716\">En d\u00e9finitive, ces bijoux de vacances allient inspiration marine, \u00e9l\u00e9gance naturelle et l\u00e9g\u00e8ret\u00e9 pour sublimer votre \u00e9t\u00e9 avec raffinement.<\/p>\n","protected":false},"excerpt":{"rendered":"<p>Bijoux de vacances coquillage avec perle d\u2019eau douce, blanc beige marbr\u00e9 et touche d\u2019or. \u00c9l\u00e9gants, l\u00e9gers et lumineux.<\/p>\n","protected":false},"featured_media":1450,"comment_status":"open","ping_status":"closed","template":"","meta":[],"product_brand":[],"product_cat":[35],"product_tag":[],"class_list":{"0":"post-1452","1":"product","2":"type-product","3":"status-publish","4":"has-post-thumbnail","6":"product_cat-ceremonie","8":"first","9":"instock","10":"shipping-taxable","11":"purchasable","12":"product-type-simple"},"yoast_head":"<!-- This site is optimized with the Yoast SEO plugin v27.3 - https:\/\/yoast.com\/product\/yoast-seo-wordpress\/ -->\n<title>Bijoux de vacances - Coquillage - Amaryllis Bijoux<\/title>\n<meta name=\"description\" content=\"Bijoux de vacances coquillage en p\u00e2te polym\u00e8re blanc beige marbr\u00e9, perle d\u2019eau douce - Cat\u00e9gorie c\u00e9r\u00e9monie.\" \/>\n<meta name=\"robots\" content=\"index, follow, max-snippet:-1, max-image-preview:large, max-video-preview:-1\" \/>\n<link rel=\"canonical\" href=\"https:\/\/www.amaryllisbijoux.fr\/?product=bijoux-de-vacances-coquillage\" \/>\n<meta property=\"og:locale\" content=\"fr_FR\" \/>\n<meta property=\"og:type\" content=\"article\" \/>\n<meta property=\"og:title\" content=\"Bijoux de vacances - Coquillage - Amaryllis Bijoux\" \/>\n<meta property=\"og:description\" content=\"Bijoux de vacances coquillage en p\u00e2te polym\u00e8re blanc beige marbr\u00e9, perle d\u2019eau douce - Cat\u00e9gorie c\u00e9r\u00e9monie.\" \/>\n<meta property=\"og:url\" content=\"https:\/\/www.amaryllisbijoux.fr\/?product=bijoux-de-vacances-coquillage\" \/>\n<meta property=\"og:site_name\" content=\"Amaryllis Bijoux\" \/>\n<meta property=\"og:image\" content=\"https:\/\/www.amaryllisbijoux.fr\/wp-content\/uploads\/2026\/02\/20260220_131511285_iOS_11-scaled.webp\" \/>\n\t<meta property=\"og:image:width\" content=\"1920\" \/>\n\t<meta property=\"og:image:height\" content=\"2560\" \/>\n\t<meta property=\"og:image:type\" content=\"image\/webp\" \/>\n<meta name=\"twitter:card\" content=\"summary_large_image\" \/>\n<meta name=\"twitter:label1\" content=\"Dur\u00e9e de lecture estim\u00e9e\" \/>\n\t<meta name=\"twitter:data1\" content=\"2 minutes\" \/>\n<script type=\"application\/ld+json\" class=\"yoast-schema-graph\">{\"@context\":\"https:\\\/\\\/schema.org\",\"@graph\":[{\"@type\":\"WebPage\",\"@id\":\"https:\\\/\\\/www.amaryllisbijoux.fr\\\/?product=bijoux-de-vacances-coquillage\",\"url\":\"https:\\\/\\\/www.amaryllisbijoux.fr\\\/?product=bijoux-de-vacances-coquillage\",\"name\":\"Bijoux de vacances - Coquillage - Amaryllis Bijoux\",\"isPartOf\":{\"@id\":\"https:\\\/\\\/www.amaryllisbijoux.fr\\\/#website\"},\"primaryImageOfPage\":{\"@id\":\"https:\\\/\\\/www.amaryllisbijoux.fr\\\/?product=bijoux-de-vacances-coquillage#primaryimage\"},\"image\":{\"@id\":\"https:\\\/\\\/www.amaryllisbijoux.fr\\\/?product=bijoux-de-vacances-coquillage#primaryimage\"},\"thumbnailUrl\":\"https:\\\/\\\/www.amaryllisbijoux.fr\\\/wp-content\\\/uploads\\\/2026\\\/02\\\/20260220_131511285_iOS_11-scaled.webp\",\"datePublished\":\"2026-03-11T17:30:34+00:00\",\"description\":\"Bijoux de vacances coquillage en p\u00e2te polym\u00e8re blanc beige marbr\u00e9, perle d\u2019eau douce - Cat\u00e9gorie c\u00e9r\u00e9monie.\",\"breadcrumb\":{\"@id\":\"https:\\\/\\\/www.amaryllisbijoux.fr\\\/?product=bijoux-de-vacances-coquillage#breadcrumb\"},\"inLanguage\":\"fr-FR\",\"potentialAction\":[{\"@type\":\"ReadAction\",\"target\":[\"https:\\\/\\\/www.amaryllisbijoux.fr\\\/?product=bijoux-de-vacances-coquillage\"]}]},{\"@type\":\"ImageObject\",\"inLanguage\":\"fr-FR\",\"@id\":\"https:\\\/\\\/www.amaryllisbijoux.fr\\\/?product=bijoux-de-vacances-coquillage#primaryimage\",\"url\":\"https:\\\/\\\/www.amaryllisbijoux.fr\\\/wp-content\\\/uploads\\\/2026\\\/02\\\/20260220_131511285_iOS_11-scaled.webp\",\"contentUrl\":\"https:\\\/\\\/www.amaryllisbijoux.fr\\\/wp-content\\\/uploads\\\/2026\\\/02\\\/20260220_131511285_iOS_11-scaled.webp\",\"width\":1920,\"height\":2560,\"caption\":\"bijoux de vacances\"},{\"@type\":\"BreadcrumbList\",\"@id\":\"https:\\\/\\\/www.amaryllisbijoux.fr\\\/?product=bijoux-de-vacances-coquillage#breadcrumb\",\"itemListElement\":[{\"@type\":\"ListItem\",\"position\":1,\"name\":\"Accueil\",\"item\":\"https:\\\/\\\/www.amaryllisbijoux.fr\\\/\"},{\"@type\":\"ListItem\",\"position\":2,\"name\":\"Boutique\",\"item\":\"https:\\\/\\\/www.amaryllisbijoux.fr\\\/?page_id=343\"},{\"@type\":\"ListItem\",\"position\":3,\"name\":\"Bijoux de vacances &#8211; Coquillage\"}]},{\"@type\":\"WebSite\",\"@id\":\"https:\\\/\\\/www.amaryllisbijoux.fr\\\/#website\",\"url\":\"https:\\\/\\\/www.amaryllisbijoux.fr\\\/\",\"name\":\"Amaryllis Bijoux\",\"description\":\"\",\"potentialAction\":[{\"@type\":\"SearchAction\",\"target\":{\"@type\":\"EntryPoint\",\"urlTemplate\":\"https:\\\/\\\/www.amaryllisbijoux.fr\\\/?s={search_term_string}\"},\"query-input\":{\"@type\":\"PropertyValueSpecification\",\"valueRequired\":true,\"valueName\":\"search_term_string\"}}],\"inLanguage\":\"fr-FR\"}]}<\/script>\n<!-- \/ Yoast SEO plugin. -->","yoast_head_json":{"title":"Bijoux de vacances - Coquillage - Amaryllis Bijoux","description":"Bijoux de vacances coquillage en p\u00e2te polym\u00e8re blanc beige marbr\u00e9, perle d\u2019eau douce - Cat\u00e9gorie c\u00e9r\u00e9monie.","robots":{"index":"index","follow":"follow","max-snippet":"max-snippet:-1","max-image-preview":"max-image-preview:large","max-video-preview":"max-video-preview:-1"},"canonical":"https:\/\/www.amaryllisbijoux.fr\/?product=bijoux-de-vacances-coquillage","og_locale":"fr_FR","og_type":"article","og_title":"Bijoux de vacances - Coquillage - Amaryllis Bijoux","og_description":"Bijoux de vacances coquillage en p\u00e2te polym\u00e8re blanc beige marbr\u00e9, perle d\u2019eau douce - Cat\u00e9gorie c\u00e9r\u00e9monie.","og_url":"https:\/\/www.amaryllisbijoux.fr\/?product=bijoux-de-vacances-coquillage","og_site_name":"Amaryllis Bijoux","og_image":[{"width":1920,"height":2560,"url":"https:\/\/www.amaryllisbijoux.fr\/wp-content\/uploads\/2026\/02\/20260220_131511285_iOS_11-scaled.webp","type":"image\/webp"}],"twitter_card":"summary_large_image","twitter_misc":{"Dur\u00e9e de lecture estim\u00e9e":"2 minutes"},"schema":{"@context":"https:\/\/schema.org","@graph":[{"@type":"WebPage","@id":"https:\/\/www.amaryllisbijoux.fr\/?product=bijoux-de-vacances-coquillage","url":"https:\/\/www.amaryllisbijoux.fr\/?product=bijoux-de-vacances-coquillage","name":"Bijoux de vacances - Coquillage - Amaryllis Bijoux","isPartOf":{"@id":"https:\/\/www.amaryllisbijoux.fr\/#website"},"primaryImageOfPage":{"@id":"https:\/\/www.amaryllisbijoux.fr\/?product=bijoux-de-vacances-coquillage#primaryimage"},"image":{"@id":"https:\/\/www.amaryllisbijoux.fr\/?product=bijoux-de-vacances-coquillage#primaryimage"},"thumbnailUrl":"https:\/\/www.amaryllisbijoux.fr\/wp-content\/uploads\/2026\/02\/20260220_131511285_iOS_11-scaled.webp","datePublished":"2026-03-11T17:30:34+00:00","description":"Bijoux de vacances coquillage en p\u00e2te polym\u00e8re blanc beige marbr\u00e9, perle d\u2019eau douce - Cat\u00e9gorie c\u00e9r\u00e9monie.","breadcrumb":{"@id":"https:\/\/www.amaryllisbijoux.fr\/?product=bijoux-de-vacances-coquillage#breadcrumb"},"inLanguage":"fr-FR","potentialAction":[{"@type":"ReadAction","target":["https:\/\/www.amaryllisbijoux.fr\/?product=bijoux-de-vacances-coquillage"]}]},{"@type":"ImageObject","inLanguage":"fr-FR","@id":"https:\/\/www.amaryllisbijoux.fr\/?product=bijoux-de-vacances-coquillage#primaryimage","url":"https:\/\/www.amaryllisbijoux.fr\/wp-content\/uploads\/2026\/02\/20260220_131511285_iOS_11-scaled.webp","contentUrl":"https:\/\/www.amaryllisbijoux.fr\/wp-content\/uploads\/2026\/02\/20260220_131511285_iOS_11-scaled.webp","width":1920,"height":2560,"caption":"bijoux de vacances"},{"@type":"BreadcrumbList","@id":"https:\/\/www.amaryllisbijoux.fr\/?product=bijoux-de-vacances-coquillage#breadcrumb","itemListElement":[{"@type":"ListItem","position":1,"name":"Accueil","item":"https:\/\/www.amaryllisbijoux.fr\/"},{"@type":"ListItem","position":2,"name":"Boutique","item":"https:\/\/www.amaryllisbijoux.fr\/?page_id=343"},{"@type":"ListItem","position":3,"name":"Bijoux de vacances &#8211; Coquillage"}]},{"@type":"WebSite","@id":"https:\/\/www.amaryllisbijoux.fr\/#website","url":"https:\/\/www.amaryllisbijoux.fr\/","name":"Amaryllis Bijoux","description":"","potentialAction":[{"@type":"SearchAction","target":{"@type":"EntryPoint","urlTemplate":"https:\/\/www.amaryllisbijoux.fr\/?s={search_term_string}"},"query-input":{"@type":"PropertyValueSpecification","valueRequired":true,"valueName":"search_term_string"}}],"inLanguage":"fr-FR"}]}},"jetpack_sharing_enabled":true,"_links":{"self":[{"href":"https:\/\/www.amaryllisbijoux.fr\/index.php?rest_route=\/wp\/v2\/product\/1452","targetHints":{"allow":["GET"]}}],"collection":[{"href":"https:\/\/www.amaryllisbijoux.fr\/index.php?rest_route=\/wp\/v2\/product"}],"about":[{"href":"https:\/\/www.amaryllisbijoux.fr\/index.php?rest_route=\/wp\/v2\/types\/product"}],"replies":[{"embeddable":true,"href":"https:\/\/www.amaryllisbijoux.fr\/index.php?rest_route=%2Fwp%2Fv2%2Fcomments&post=1452"}],"wp:featuredmedia":[{"embeddable":true,"href":"https:\/\/www.amaryllisbijoux.fr\/index.php?rest_route=\/wp\/v2\/media\/1450"}],"wp:attachment":[{"href":"https:\/\/www.amaryllisbijoux.fr\/index.php?rest_route=%2Fwp%2Fv2%2Fmedia&parent=1452"}],"wp:term":[{"taxonomy":"product_brand","embeddable":true,"href":"https:\/\/www.amaryllisbijoux.fr\/index.php?rest_route=%2Fwp%2Fv2%2Fproduct_brand&post=1452"},{"taxonomy":"product_cat","embeddable":true,"href":"https:\/\/www.amaryllisbijoux.fr\/index.php?rest_route=%2Fwp%2Fv2%2Fproduct_cat&post=1452"},{"taxonomy":"product_tag","embeddable":true,"href":"https:\/\/www.amaryllisbijoux.fr\/index.php?rest_route=%2Fwp%2Fv2%2Fproduct_tag&post=1452"}],"curies":[{"name":"wp","href":"https:\/\/api.w.org\/{rel}","templated":true}]}}