{"id":1454,"date":"2026-03-11T18:30:13","date_gmt":"2026-03-11T17:30:13","guid":{"rendered":"https:\/\/www.amaryllisbijoux.fr\/?post_type=product&#038;p=1454"},"modified":"2026-02-26T15:18:42","modified_gmt":"2026-02-26T14:18:42","slug":"bijoux-de-bapteme-lotus","status":"publish","type":"product","link":"https:\/\/www.amaryllisbijoux.fr\/?product=bijoux-de-bapteme-lotus","title":{"rendered":"bijoux de bapt\u00eame &#8211; Lotus"},"content":{"rendered":"<h2 data-start=\"182\" data-end=\"236\">\ud83e\udd0d Bijoux de bapt\u00eame : douceur et \u00e9l\u00e9gance boh\u00e8me<\/h2>\n<p data-start=\"238\" data-end=\"422\">Ces <strong data-start=\"242\" data-end=\"263\">bijoux de bapt\u00eame<\/strong> ont \u00e9t\u00e9 con\u00e7us pour accompagner un moment pr\u00e9cieux. Ils sont issus de la collection c\u00e9r\u00e9monie. Leur design d\u00e9licat a \u00e9t\u00e9 inspir\u00e9 par la symbolique du lotus.<\/p>\n<p data-start=\"424\" data-end=\"602\">La <strong data-start=\"427\" data-end=\"451\">forme de fleur lotus<\/strong> a \u00e9t\u00e9 choisie pour sa signification. Elle \u00e9voque la puret\u00e9, la lumi\u00e8re et le renouveau. Ainsi, un bijou \u00e0 la fois raffin\u00e9 et symbolique est propos\u00e9.<\/p>\n<p data-start=\"604\" data-end=\"842\">Un style boh\u00e8me chic est mis \u00e0 l\u2019honneur. L\u2019\u00e9l\u00e9gance reste naturelle. La sobri\u00e9t\u00e9 est conserv\u00e9e. Ces bijoux de bapt\u00eame peuvent \u00eatre port\u00e9s avec une tenue claire et fluide. Ils conviennent parfaitement \u00e0 une c\u00e9r\u00e9monie religieuse ou civile.<\/p>\n<hr data-start=\"844\" data-end=\"847\" \/>\n<h2 data-start=\"849\" data-end=\"899\">\ud83c\udf3f Des couleurs naturelles sublim\u00e9es par l\u2019or<\/h2>\n<p data-start=\"901\" data-end=\"1107\">Une palette douce a \u00e9t\u00e9 privil\u00e9gi\u00e9e. Les teintes <strong data-start=\"950\" data-end=\"959\">blanc<\/strong> et <strong data-start=\"963\" data-end=\"972\">beige<\/strong> ont \u00e9t\u00e9 s\u00e9lectionn\u00e9es pour leur intemporalit\u00e9. Un subtil <strong data-start=\"1030\" data-end=\"1046\">effet marbr\u00e9<\/strong> a \u00e9t\u00e9 travaill\u00e9 afin d\u2019apporter profondeur et d\u00e9licatesse.<\/p>\n<p data-start=\"1109\" data-end=\"1289\">De plus, une fine <strong data-start=\"1127\" data-end=\"1154\">touche de feuilles d\u2019or<\/strong> a \u00e9t\u00e9 int\u00e9gr\u00e9e. La lumi\u00e8re est ainsi capt\u00e9e avec discr\u00e9tion. Un rendu plus habill\u00e9 est obtenu. L\u2019ensemble reste harmonieux et \u00e9l\u00e9gant.<\/p>\n<hr data-start=\"1291\" data-end=\"1294\" \/>\n<h2 data-start=\"1296\" data-end=\"1351\">\u2728 P\u00e2te polym\u00e8re et r\u00e9sine : l\u00e9g\u00e8ret\u00e9 et r\u00e9sistance<\/h2>\n<p data-start=\"1353\" data-end=\"1524\">Ces bijoux de bapt\u00eame sont r\u00e9alis\u00e9s en <strong data-start=\"1392\" data-end=\"1409\">p\u00e2te polym\u00e8re<\/strong>. Ce mat\u00e9riau est reconnu pour sa <strong data-start=\"1443\" data-end=\"1455\">l\u00e9g\u00e8ret\u00e9<\/strong>. Un confort optimal est donc assur\u00e9, m\u00eame lors d\u2019un port prolong\u00e9.<\/p>\n<p data-start=\"1526\" data-end=\"1641\">La p\u00e2te polym\u00e8re permet \u00e9galement un travail pr\u00e9cis des d\u00e9tails. La finesse des p\u00e9tales est ainsi mise en valeur.<\/p>\n<p data-start=\"1643\" data-end=\"1839\">Une finition en <strong data-start=\"1659\" data-end=\"1669\">r\u00e9sine<\/strong> est ensuite appliqu\u00e9e. Donc la surface est prot\u00e9g\u00e9e. Et l\u2019effet marbr\u00e9 est l\u00e9g\u00e8rement intensifi\u00e9. DE plus, une brillance subtile est apport\u00e9e. La durabilit\u00e9 du bijou est ainsi renforc\u00e9e.<\/p>\n<hr data-start=\"1841\" data-end=\"1844\" \/>\n<h2 data-start=\"1846\" data-end=\"1884\">\ud83d\udc9b Une cr\u00e9ation artisanale unique<\/h2>\n<p data-start=\"1886\" data-end=\"2065\">Chaque paire est fa\u00e7onn\u00e9e \u00e0 la main. De plus, de l\u00e9g\u00e8res variations peuvent \u00eatre observ\u00e9es. Par cons\u00e9quent, l\u2019effet marbr\u00e9 et la disposition des feuilles d\u2019or diff\u00e8rent l\u00e9g\u00e8rement d\u2019un mod\u00e8le \u00e0 l\u2019autre.<\/p>\n<p data-start=\"2067\" data-end=\"2231\">Par ailleurs, il est important de pr\u00e9ciser que les <strong data-start=\"2118\" data-end=\"2176\">couleurs peuvent varier entre les photos et la r\u00e9alit\u00e9<\/strong>. Cela d\u00e9pend de la luminosit\u00e9 et des r\u00e9glages d\u2019\u00e9cran.<\/p>\n<p data-start=\"2233\" data-end=\"2387\">En conclusion, ces bijoux de bapt\u00eame en fleur lotus allient symbolique, \u00e9l\u00e9gance et l\u00e9g\u00e8ret\u00e9. Ils sont pens\u00e9s pour sublimer ce moment unique avec douceur.<\/p>\n<p data-start=\"2233\" data-end=\"2387\">\n","protected":false},"excerpt":{"rendered":"<p>Bijoux de bapt\u00eame fleur lotus blanc beige marbr\u00e9, touche d\u2019or. \u00c9l\u00e9gants, l\u00e9gers et boh\u00e8me chic.<\/p>\n","protected":false},"featured_media":1448,"comment_status":"open","ping_status":"closed","template":"","meta":[],"product_brand":[],"product_cat":[35],"product_tag":[],"class_list":{"0":"post-1454","1":"product","2":"type-product","3":"status-publish","4":"has-post-thumbnail","6":"product_cat-ceremonie","8":"first","9":"instock","10":"shipping-taxable","11":"purchasable","12":"product-type-simple"},"yoast_head":"<!-- This site is optimized with the Yoast SEO plugin v27.3 - https:\/\/yoast.com\/product\/yoast-seo-wordpress\/ -->\n<title>bijoux de bapt\u00eame - Lotus - Amaryllis Bijoux<\/title>\n<meta name=\"description\" content=\"Bijoux de bapt\u00eame fleur lotus blanc beige marbr\u00e9 avec feuilles d\u2019or. P\u00e2te polym\u00e8re l\u00e9g\u00e8re, style boh\u00e8me chic.\" \/>\n<meta name=\"robots\" content=\"index, follow, max-snippet:-1, max-image-preview:large, max-video-preview:-1\" \/>\n<link rel=\"canonical\" href=\"https:\/\/www.amaryllisbijoux.fr\/?product=bijoux-de-bapteme-lotus\" \/>\n<meta property=\"og:locale\" content=\"fr_FR\" \/>\n<meta property=\"og:type\" content=\"article\" \/>\n<meta property=\"og:title\" content=\"bijoux de bapt\u00eame - Lotus - Amaryllis Bijoux\" \/>\n<meta property=\"og:description\" content=\"Bijoux de bapt\u00eame fleur lotus blanc beige marbr\u00e9 avec feuilles d\u2019or. P\u00e2te polym\u00e8re l\u00e9g\u00e8re, style boh\u00e8me chic.\" \/>\n<meta property=\"og:url\" content=\"https:\/\/www.amaryllisbijoux.fr\/?product=bijoux-de-bapteme-lotus\" \/>\n<meta property=\"og:site_name\" content=\"Amaryllis Bijoux\" \/>\n<meta property=\"og:image\" content=\"https:\/\/www.amaryllisbijoux.fr\/wp-content\/uploads\/2026\/02\/20260220_131750743_iOS1-scaled.webp\" \/>\n\t<meta property=\"og:image:width\" content=\"1920\" \/>\n\t<meta property=\"og:image:height\" content=\"2560\" \/>\n\t<meta property=\"og:image:type\" content=\"image\/webp\" \/>\n<meta name=\"twitter:card\" content=\"summary_large_image\" \/>\n<meta name=\"twitter:label1\" content=\"Dur\u00e9e de lecture estim\u00e9e\" \/>\n\t<meta name=\"twitter:data1\" content=\"2 minutes\" \/>\n<script type=\"application\/ld+json\" class=\"yoast-schema-graph\">{\"@context\":\"https:\\\/\\\/schema.org\",\"@graph\":[{\"@type\":\"WebPage\",\"@id\":\"https:\\\/\\\/www.amaryllisbijoux.fr\\\/?product=bijoux-de-bapteme-lotus\",\"url\":\"https:\\\/\\\/www.amaryllisbijoux.fr\\\/?product=bijoux-de-bapteme-lotus\",\"name\":\"bijoux de bapt\u00eame - Lotus - Amaryllis Bijoux\",\"isPartOf\":{\"@id\":\"https:\\\/\\\/www.amaryllisbijoux.fr\\\/#website\"},\"primaryImageOfPage\":{\"@id\":\"https:\\\/\\\/www.amaryllisbijoux.fr\\\/?product=bijoux-de-bapteme-lotus#primaryimage\"},\"image\":{\"@id\":\"https:\\\/\\\/www.amaryllisbijoux.fr\\\/?product=bijoux-de-bapteme-lotus#primaryimage\"},\"thumbnailUrl\":\"https:\\\/\\\/www.amaryllisbijoux.fr\\\/wp-content\\\/uploads\\\/2026\\\/02\\\/20260220_131750743_iOS1-scaled.webp\",\"datePublished\":\"2026-03-11T17:30:13+00:00\",\"description\":\"Bijoux de bapt\u00eame fleur lotus blanc beige marbr\u00e9 avec feuilles d\u2019or. P\u00e2te polym\u00e8re l\u00e9g\u00e8re, style boh\u00e8me chic.\",\"breadcrumb\":{\"@id\":\"https:\\\/\\\/www.amaryllisbijoux.fr\\\/?product=bijoux-de-bapteme-lotus#breadcrumb\"},\"inLanguage\":\"fr-FR\",\"potentialAction\":[{\"@type\":\"ReadAction\",\"target\":[\"https:\\\/\\\/www.amaryllisbijoux.fr\\\/?product=bijoux-de-bapteme-lotus\"]}]},{\"@type\":\"ImageObject\",\"inLanguage\":\"fr-FR\",\"@id\":\"https:\\\/\\\/www.amaryllisbijoux.fr\\\/?product=bijoux-de-bapteme-lotus#primaryimage\",\"url\":\"https:\\\/\\\/www.amaryllisbijoux.fr\\\/wp-content\\\/uploads\\\/2026\\\/02\\\/20260220_131750743_iOS1-scaled.webp\",\"contentUrl\":\"https:\\\/\\\/www.amaryllisbijoux.fr\\\/wp-content\\\/uploads\\\/2026\\\/02\\\/20260220_131750743_iOS1-scaled.webp\",\"width\":1920,\"height\":2560,\"caption\":\"bijoux de bapteme\"},{\"@type\":\"BreadcrumbList\",\"@id\":\"https:\\\/\\\/www.amaryllisbijoux.fr\\\/?product=bijoux-de-bapteme-lotus#breadcrumb\",\"itemListElement\":[{\"@type\":\"ListItem\",\"position\":1,\"name\":\"Accueil\",\"item\":\"https:\\\/\\\/www.amaryllisbijoux.fr\\\/\"},{\"@type\":\"ListItem\",\"position\":2,\"name\":\"Boutique\",\"item\":\"https:\\\/\\\/www.amaryllisbijoux.fr\\\/?page_id=343\"},{\"@type\":\"ListItem\",\"position\":3,\"name\":\"bijoux de bapt\u00eame &#8211; Lotus\"}]},{\"@type\":\"WebSite\",\"@id\":\"https:\\\/\\\/www.amaryllisbijoux.fr\\\/#website\",\"url\":\"https:\\\/\\\/www.amaryllisbijoux.fr\\\/\",\"name\":\"Amaryllis Bijoux\",\"description\":\"\",\"potentialAction\":[{\"@type\":\"SearchAction\",\"target\":{\"@type\":\"EntryPoint\",\"urlTemplate\":\"https:\\\/\\\/www.amaryllisbijoux.fr\\\/?s={search_term_string}\"},\"query-input\":{\"@type\":\"PropertyValueSpecification\",\"valueRequired\":true,\"valueName\":\"search_term_string\"}}],\"inLanguage\":\"fr-FR\"}]}<\/script>\n<!-- \/ Yoast SEO plugin. -->","yoast_head_json":{"title":"bijoux de bapt\u00eame - Lotus - Amaryllis Bijoux","description":"Bijoux de bapt\u00eame fleur lotus blanc beige marbr\u00e9 avec feuilles d\u2019or. P\u00e2te polym\u00e8re l\u00e9g\u00e8re, style boh\u00e8me chic.","robots":{"index":"index","follow":"follow","max-snippet":"max-snippet:-1","max-image-preview":"max-image-preview:large","max-video-preview":"max-video-preview:-1"},"canonical":"https:\/\/www.amaryllisbijoux.fr\/?product=bijoux-de-bapteme-lotus","og_locale":"fr_FR","og_type":"article","og_title":"bijoux de bapt\u00eame - Lotus - Amaryllis Bijoux","og_description":"Bijoux de bapt\u00eame fleur lotus blanc beige marbr\u00e9 avec feuilles d\u2019or. P\u00e2te polym\u00e8re l\u00e9g\u00e8re, style boh\u00e8me chic.","og_url":"https:\/\/www.amaryllisbijoux.fr\/?product=bijoux-de-bapteme-lotus","og_site_name":"Amaryllis Bijoux","og_image":[{"width":1920,"height":2560,"url":"https:\/\/www.amaryllisbijoux.fr\/wp-content\/uploads\/2026\/02\/20260220_131750743_iOS1-scaled.webp","type":"image\/webp"}],"twitter_card":"summary_large_image","twitter_misc":{"Dur\u00e9e de lecture estim\u00e9e":"2 minutes"},"schema":{"@context":"https:\/\/schema.org","@graph":[{"@type":"WebPage","@id":"https:\/\/www.amaryllisbijoux.fr\/?product=bijoux-de-bapteme-lotus","url":"https:\/\/www.amaryllisbijoux.fr\/?product=bijoux-de-bapteme-lotus","name":"bijoux de bapt\u00eame - Lotus - Amaryllis Bijoux","isPartOf":{"@id":"https:\/\/www.amaryllisbijoux.fr\/#website"},"primaryImageOfPage":{"@id":"https:\/\/www.amaryllisbijoux.fr\/?product=bijoux-de-bapteme-lotus#primaryimage"},"image":{"@id":"https:\/\/www.amaryllisbijoux.fr\/?product=bijoux-de-bapteme-lotus#primaryimage"},"thumbnailUrl":"https:\/\/www.amaryllisbijoux.fr\/wp-content\/uploads\/2026\/02\/20260220_131750743_iOS1-scaled.webp","datePublished":"2026-03-11T17:30:13+00:00","description":"Bijoux de bapt\u00eame fleur lotus blanc beige marbr\u00e9 avec feuilles d\u2019or. P\u00e2te polym\u00e8re l\u00e9g\u00e8re, style boh\u00e8me chic.","breadcrumb":{"@id":"https:\/\/www.amaryllisbijoux.fr\/?product=bijoux-de-bapteme-lotus#breadcrumb"},"inLanguage":"fr-FR","potentialAction":[{"@type":"ReadAction","target":["https:\/\/www.amaryllisbijoux.fr\/?product=bijoux-de-bapteme-lotus"]}]},{"@type":"ImageObject","inLanguage":"fr-FR","@id":"https:\/\/www.amaryllisbijoux.fr\/?product=bijoux-de-bapteme-lotus#primaryimage","url":"https:\/\/www.amaryllisbijoux.fr\/wp-content\/uploads\/2026\/02\/20260220_131750743_iOS1-scaled.webp","contentUrl":"https:\/\/www.amaryllisbijoux.fr\/wp-content\/uploads\/2026\/02\/20260220_131750743_iOS1-scaled.webp","width":1920,"height":2560,"caption":"bijoux de bapteme"},{"@type":"BreadcrumbList","@id":"https:\/\/www.amaryllisbijoux.fr\/?product=bijoux-de-bapteme-lotus#breadcrumb","itemListElement":[{"@type":"ListItem","position":1,"name":"Accueil","item":"https:\/\/www.amaryllisbijoux.fr\/"},{"@type":"ListItem","position":2,"name":"Boutique","item":"https:\/\/www.amaryllisbijoux.fr\/?page_id=343"},{"@type":"ListItem","position":3,"name":"bijoux de bapt\u00eame &#8211; Lotus"}]},{"@type":"WebSite","@id":"https:\/\/www.amaryllisbijoux.fr\/#website","url":"https:\/\/www.amaryllisbijoux.fr\/","name":"Amaryllis Bijoux","description":"","potentialAction":[{"@type":"SearchAction","target":{"@type":"EntryPoint","urlTemplate":"https:\/\/www.amaryllisbijoux.fr\/?s={search_term_string}"},"query-input":{"@type":"PropertyValueSpecification","valueRequired":true,"valueName":"search_term_string"}}],"inLanguage":"fr-FR"}]}},"jetpack_sharing_enabled":true,"_links":{"self":[{"href":"https:\/\/www.amaryllisbijoux.fr\/index.php?rest_route=\/wp\/v2\/product\/1454","targetHints":{"allow":["GET"]}}],"collection":[{"href":"https:\/\/www.amaryllisbijoux.fr\/index.php?rest_route=\/wp\/v2\/product"}],"about":[{"href":"https:\/\/www.amaryllisbijoux.fr\/index.php?rest_route=\/wp\/v2\/types\/product"}],"replies":[{"embeddable":true,"href":"https:\/\/www.amaryllisbijoux.fr\/index.php?rest_route=%2Fwp%2Fv2%2Fcomments&post=1454"}],"wp:featuredmedia":[{"embeddable":true,"href":"https:\/\/www.amaryllisbijoux.fr\/index.php?rest_route=\/wp\/v2\/media\/1448"}],"wp:attachment":[{"href":"https:\/\/www.amaryllisbijoux.fr\/index.php?rest_route=%2Fwp%2Fv2%2Fmedia&parent=1454"}],"wp:term":[{"taxonomy":"product_brand","embeddable":true,"href":"https:\/\/www.amaryllisbijoux.fr\/index.php?rest_route=%2Fwp%2Fv2%2Fproduct_brand&post=1454"},{"taxonomy":"product_cat","embeddable":true,"href":"https:\/\/www.amaryllisbijoux.fr\/index.php?rest_route=%2Fwp%2Fv2%2Fproduct_cat&post=1454"},{"taxonomy":"product_tag","embeddable":true,"href":"https:\/\/www.amaryllisbijoux.fr\/index.php?rest_route=%2Fwp%2Fv2%2Fproduct_tag&post=1454"}],"curies":[{"name":"wp","href":"https:\/\/api.w.org\/{rel}","templated":true}]}}