{"id":1456,"date":"2026-03-11T18:30:28","date_gmt":"2026-03-11T17:30:28","guid":{"rendered":"https:\/\/www.amaryllisbijoux.fr\/?post_type=product&#038;p=1456"},"modified":"2026-02-26T15:42:31","modified_gmt":"2026-02-26T14:42:31","slug":"boucles-doreilles-ceremonie-trois-feuilles","status":"publish","type":"product","link":"https:\/\/www.amaryllisbijoux.fr\/?product=boucles-doreilles-ceremonie-trois-feuilles","title":{"rendered":"boucles d&rsquo;oreilles c\u00e9r\u00e9monie &#8211; Trois feuilles"},"content":{"rendered":"<h2 data-start=\"235\" data-end=\"307\">\ud83e\udd0d Boucles d\u2019oreilles c\u00e9r\u00e9monie : \u00e9l\u00e9gance naturelle et raffinement<\/h2>\n<p data-start=\"309\" data-end=\"521\">Les <strong data-start=\"313\" data-end=\"345\">boucles d\u2019oreilles c\u00e9r\u00e9monie<\/strong> de cette collection ont \u00e9t\u00e9 imagin\u00e9es pour sublimer vos plus beaux \u00e9v\u00e9nements. Mariage, bapt\u00eame, r\u00e9ception ou f\u00eate \u00e9l\u00e9gante : un bijou d\u00e9licat et intemporel est ici propos\u00e9.<\/p>\n<p data-start=\"523\" data-end=\"810\">Gr\u00e2ce \u00e0 leur <strong data-start=\"536\" data-end=\"571\">forme compos\u00e9e de trois p\u00e9tales<\/strong>, ces boucles d\u2019oreilles offrent un design fluide et harmonieux. Cette structure cr\u00e9e naturellement un effet pendante. Ainsi, un mouvement l\u00e9ger est apport\u00e9 \u00e0 chaque geste. Le style se veut \u00e0 la fois raffin\u00e9, f\u00e9minin et subtilement boh\u00e8me.<\/p>\n<hr data-start=\"812\" data-end=\"815\" \/>\n<h2 data-start=\"817\" data-end=\"874\">\ud83c\udf3f Des couleurs naturelles pour un rendu sophistiqu\u00e9<\/h2>\n<p data-start=\"876\" data-end=\"1121\">Pour cette collection c\u00e9r\u00e9monie, une palette douce a \u00e9t\u00e9 privil\u00e9gi\u00e9e. Les teintes <strong data-start=\"958\" data-end=\"967\">blanc<\/strong> et <strong data-start=\"971\" data-end=\"980\">beige<\/strong> ont \u00e9t\u00e9 s\u00e9lectionn\u00e9es pour leur \u00e9l\u00e9gance intemporelle. Un d\u00e9licat <strong data-start=\"1047\" data-end=\"1063\">effet marbr\u00e9<\/strong> vient enrichir la surface et apporter de la profondeur.<\/p>\n<p data-start=\"1123\" data-end=\"1394\">Par cons\u00e9quent, un rendu lumineux et habill\u00e9 est obtenu sans exc\u00e8s. Ces boucles d\u2019oreilles c\u00e9r\u00e9monie s\u2019accordent facilement avec une tenue claire, une robe fluide ou un ensemble plus structur\u00e9. L\u2019\u00e9quilibre entre sobri\u00e9t\u00e9 et sophistication est ainsi parfaitement respect\u00e9.<\/p>\n<hr data-start=\"1396\" data-end=\"1399\" \/>\n<h2 data-start=\"1401\" data-end=\"1456\">\u2728 P\u00e2te polym\u00e8re et r\u00e9sine : l\u00e9g\u00e8ret\u00e9 et durabilit\u00e9<\/h2>\n<p data-start=\"1458\" data-end=\"1724\">Ces boucles d\u2019oreilles c\u00e9r\u00e9monie sont r\u00e9alis\u00e9es en <strong data-start=\"1509\" data-end=\"1526\">p\u00e2te polym\u00e8re<\/strong>, un mat\u00e9riau reconnu pour sa <strong data-start=\"1556\" data-end=\"1575\">grande l\u00e9g\u00e8ret\u00e9<\/strong> et sa <strong data-start=\"1582\" data-end=\"1596\">r\u00e9sistance<\/strong>. Gr\u00e2ce \u00e0 cette mati\u00e8re, un confort optimal est assur\u00e9, m\u00eame lors d\u2019un port prolong\u00e9 pendant toute une journ\u00e9e de c\u00e9l\u00e9bration.<\/p>\n<p data-start=\"1726\" data-end=\"1869\">De plus, la p\u00e2te polym\u00e8re permet un travail pr\u00e9cis des formes. Les trois p\u00e9tales sont ainsi d\u00e9licatement dessin\u00e9s et parfaitement \u00e9quilibr\u00e9s.<\/p>\n<p data-start=\"1871\" data-end=\"2051\">Une finition en <strong data-start=\"1887\" data-end=\"1897\">r\u00e9sine<\/strong> est ensuite appliqu\u00e9e. Elle prot\u00e8ge la surface, renforce la solidit\u00e9 et apporte une l\u00e9g\u00e8re brillance. L\u2019effet marbr\u00e9 est ainsi subtilement mis en valeur.<\/p>\n<hr data-start=\"2053\" data-end=\"2056\" \/>\n<h2 data-start=\"2058\" data-end=\"2104\">\ud83c\udf38 Une attache boh\u00e8me en acier inoxydable<\/h2>\n<p data-start=\"2106\" data-end=\"2328\">Les boucles sont dot\u00e9es d\u2019une <strong data-start=\"2136\" data-end=\"2180\">attache style boh\u00e8me en acier inoxydable<\/strong>. Ce mat\u00e9riau pr\u00e9sente plusieurs avantages : il est r\u00e9sistant, durable et hypoallerg\u00e9nique. Il ne rouille pas et conserve son \u00e9clat dans le temps.<\/p>\n<p data-start=\"2330\" data-end=\"2410\">Ainsi, la solidit\u00e9 et l\u2019esth\u00e9tique sont r\u00e9unies pour un bijou fiable et \u00e9l\u00e9gant.<\/p>\n<hr data-start=\"2412\" data-end=\"2415\" \/>\n<h2 data-start=\"2417\" data-end=\"2455\">\ud83d\udc9b Une cr\u00e9ation artisanale unique<\/h2>\n<p data-start=\"2457\" data-end=\"2606\">Chaque paire est fa\u00e7onn\u00e9e avec soin. De l\u00e9g\u00e8res variations peuvent appara\u00eetre dans l\u2019effet marbr\u00e9. Chaque mod\u00e8le poss\u00e8de donc son caract\u00e8re propre.<\/p>\n<p data-start=\"2608\" data-end=\"2776\">Par ailleurs, il est important de pr\u00e9ciser que les <strong data-start=\"2659\" data-end=\"2730\">couleurs peuvent l\u00e9g\u00e8rement diff\u00e9rer entre les photos et la r\u00e9alit\u00e9<\/strong>, selon la luminosit\u00e9 et les r\u00e9glages d\u2019\u00e9cran.<\/p>\n<p data-start=\"2778\" data-end=\"2922\">En conclusion, ces boucles d\u2019oreilles c\u00e9r\u00e9monie allient douceur, mouvement et \u00e9l\u00e9gance naturelle pour accompagner vos moments les plus pr\u00e9cieux.<\/p>\n","protected":false},"excerpt":{"rendered":"<p>Boucles d\u2019oreilles c\u00e9r\u00e9monie blanc beige marbr\u00e9, forme 3 p\u00e9tales pendante, attache boh\u00e8me en acier inoxydable. \u00c9l\u00e9gantes et l\u00e9g\u00e8res.<\/p>\n","protected":false},"featured_media":1446,"comment_status":"open","ping_status":"closed","template":"","meta":[],"product_brand":[],"product_cat":[35],"product_tag":[],"class_list":{"0":"post-1456","1":"product","2":"type-product","3":"status-publish","4":"has-post-thumbnail","6":"product_cat-ceremonie","8":"first","9":"instock","10":"shipping-taxable","11":"purchasable","12":"product-type-simple"},"yoast_head":"<!-- This site is optimized with the Yoast SEO plugin v27.3 - https:\/\/yoast.com\/product\/yoast-seo-wordpress\/ -->\n<title>boucles d&#039;oreilles c\u00e9r\u00e9monie - Trois feuilles - Amaryllis Bijoux<\/title>\n<meta name=\"description\" content=\"Boucles d\u2019oreilles c\u00e9r\u00e9monie en p\u00e2te polym\u00e8re blanc beige marbr\u00e9, forme 3 p\u00e9tales pendante, attache boh\u00e8me inox.\" \/>\n<meta name=\"robots\" content=\"index, follow, max-snippet:-1, max-image-preview:large, max-video-preview:-1\" \/>\n<link rel=\"canonical\" href=\"https:\/\/www.amaryllisbijoux.fr\/?product=boucles-doreilles-ceremonie-trois-feuilles\" \/>\n<meta property=\"og:locale\" content=\"fr_FR\" \/>\n<meta property=\"og:type\" content=\"article\" \/>\n<meta property=\"og:title\" content=\"boucles d&#039;oreilles c\u00e9r\u00e9monie - Trois feuilles - Amaryllis Bijoux\" \/>\n<meta property=\"og:description\" content=\"Boucles d\u2019oreilles c\u00e9r\u00e9monie en p\u00e2te polym\u00e8re blanc beige marbr\u00e9, forme 3 p\u00e9tales pendante, attache boh\u00e8me inox.\" \/>\n<meta property=\"og:url\" content=\"https:\/\/www.amaryllisbijoux.fr\/?product=boucles-doreilles-ceremonie-trois-feuilles\" \/>\n<meta property=\"og:site_name\" content=\"Amaryllis Bijoux\" \/>\n<meta property=\"og:image\" content=\"https:\/\/www.amaryllisbijoux.fr\/wp-content\/uploads\/2026\/02\/20260220_131933220_iOS_11-scaled.webp\" \/>\n\t<meta property=\"og:image:width\" content=\"1920\" \/>\n\t<meta property=\"og:image:height\" content=\"2560\" \/>\n\t<meta property=\"og:image:type\" content=\"image\/webp\" \/>\n<meta name=\"twitter:card\" content=\"summary_large_image\" \/>\n<meta name=\"twitter:label1\" content=\"Dur\u00e9e de lecture estim\u00e9e\" \/>\n\t<meta name=\"twitter:data1\" content=\"3 minutes\" \/>\n<script type=\"application\/ld+json\" class=\"yoast-schema-graph\">{\"@context\":\"https:\\\/\\\/schema.org\",\"@graph\":[{\"@type\":\"WebPage\",\"@id\":\"https:\\\/\\\/www.amaryllisbijoux.fr\\\/?product=boucles-doreilles-ceremonie-trois-feuilles\",\"url\":\"https:\\\/\\\/www.amaryllisbijoux.fr\\\/?product=boucles-doreilles-ceremonie-trois-feuilles\",\"name\":\"boucles d'oreilles c\u00e9r\u00e9monie - Trois feuilles - Amaryllis Bijoux\",\"isPartOf\":{\"@id\":\"https:\\\/\\\/www.amaryllisbijoux.fr\\\/#website\"},\"primaryImageOfPage\":{\"@id\":\"https:\\\/\\\/www.amaryllisbijoux.fr\\\/?product=boucles-doreilles-ceremonie-trois-feuilles#primaryimage\"},\"image\":{\"@id\":\"https:\\\/\\\/www.amaryllisbijoux.fr\\\/?product=boucles-doreilles-ceremonie-trois-feuilles#primaryimage\"},\"thumbnailUrl\":\"https:\\\/\\\/www.amaryllisbijoux.fr\\\/wp-content\\\/uploads\\\/2026\\\/02\\\/20260220_131933220_iOS_11-scaled.webp\",\"datePublished\":\"2026-03-11T17:30:28+00:00\",\"description\":\"Boucles d\u2019oreilles c\u00e9r\u00e9monie en p\u00e2te polym\u00e8re blanc beige marbr\u00e9, forme 3 p\u00e9tales pendante, attache boh\u00e8me inox.\",\"breadcrumb\":{\"@id\":\"https:\\\/\\\/www.amaryllisbijoux.fr\\\/?product=boucles-doreilles-ceremonie-trois-feuilles#breadcrumb\"},\"inLanguage\":\"fr-FR\",\"potentialAction\":[{\"@type\":\"ReadAction\",\"target\":[\"https:\\\/\\\/www.amaryllisbijoux.fr\\\/?product=boucles-doreilles-ceremonie-trois-feuilles\"]}]},{\"@type\":\"ImageObject\",\"inLanguage\":\"fr-FR\",\"@id\":\"https:\\\/\\\/www.amaryllisbijoux.fr\\\/?product=boucles-doreilles-ceremonie-trois-feuilles#primaryimage\",\"url\":\"https:\\\/\\\/www.amaryllisbijoux.fr\\\/wp-content\\\/uploads\\\/2026\\\/02\\\/20260220_131933220_iOS_11-scaled.webp\",\"contentUrl\":\"https:\\\/\\\/www.amaryllisbijoux.fr\\\/wp-content\\\/uploads\\\/2026\\\/02\\\/20260220_131933220_iOS_11-scaled.webp\",\"width\":1920,\"height\":2560,\"caption\":\"boucles d'oreilles c\u00e9r\u00e9monie\"},{\"@type\":\"BreadcrumbList\",\"@id\":\"https:\\\/\\\/www.amaryllisbijoux.fr\\\/?product=boucles-doreilles-ceremonie-trois-feuilles#breadcrumb\",\"itemListElement\":[{\"@type\":\"ListItem\",\"position\":1,\"name\":\"Accueil\",\"item\":\"https:\\\/\\\/www.amaryllisbijoux.fr\\\/\"},{\"@type\":\"ListItem\",\"position\":2,\"name\":\"Boutique\",\"item\":\"https:\\\/\\\/www.amaryllisbijoux.fr\\\/?page_id=343\"},{\"@type\":\"ListItem\",\"position\":3,\"name\":\"boucles d&rsquo;oreilles c\u00e9r\u00e9monie &#8211; Trois feuilles\"}]},{\"@type\":\"WebSite\",\"@id\":\"https:\\\/\\\/www.amaryllisbijoux.fr\\\/#website\",\"url\":\"https:\\\/\\\/www.amaryllisbijoux.fr\\\/\",\"name\":\"Amaryllis Bijoux\",\"description\":\"\",\"potentialAction\":[{\"@type\":\"SearchAction\",\"target\":{\"@type\":\"EntryPoint\",\"urlTemplate\":\"https:\\\/\\\/www.amaryllisbijoux.fr\\\/?s={search_term_string}\"},\"query-input\":{\"@type\":\"PropertyValueSpecification\",\"valueRequired\":true,\"valueName\":\"search_term_string\"}}],\"inLanguage\":\"fr-FR\"}]}<\/script>\n<!-- \/ Yoast SEO plugin. -->","yoast_head_json":{"title":"boucles d'oreilles c\u00e9r\u00e9monie - Trois feuilles - Amaryllis Bijoux","description":"Boucles d\u2019oreilles c\u00e9r\u00e9monie en p\u00e2te polym\u00e8re blanc beige marbr\u00e9, forme 3 p\u00e9tales pendante, attache boh\u00e8me inox.","robots":{"index":"index","follow":"follow","max-snippet":"max-snippet:-1","max-image-preview":"max-image-preview:large","max-video-preview":"max-video-preview:-1"},"canonical":"https:\/\/www.amaryllisbijoux.fr\/?product=boucles-doreilles-ceremonie-trois-feuilles","og_locale":"fr_FR","og_type":"article","og_title":"boucles d'oreilles c\u00e9r\u00e9monie - Trois feuilles - Amaryllis Bijoux","og_description":"Boucles d\u2019oreilles c\u00e9r\u00e9monie en p\u00e2te polym\u00e8re blanc beige marbr\u00e9, forme 3 p\u00e9tales pendante, attache boh\u00e8me inox.","og_url":"https:\/\/www.amaryllisbijoux.fr\/?product=boucles-doreilles-ceremonie-trois-feuilles","og_site_name":"Amaryllis Bijoux","og_image":[{"width":1920,"height":2560,"url":"https:\/\/www.amaryllisbijoux.fr\/wp-content\/uploads\/2026\/02\/20260220_131933220_iOS_11-scaled.webp","type":"image\/webp"}],"twitter_card":"summary_large_image","twitter_misc":{"Dur\u00e9e de lecture estim\u00e9e":"3 minutes"},"schema":{"@context":"https:\/\/schema.org","@graph":[{"@type":"WebPage","@id":"https:\/\/www.amaryllisbijoux.fr\/?product=boucles-doreilles-ceremonie-trois-feuilles","url":"https:\/\/www.amaryllisbijoux.fr\/?product=boucles-doreilles-ceremonie-trois-feuilles","name":"boucles d'oreilles c\u00e9r\u00e9monie - Trois feuilles - Amaryllis Bijoux","isPartOf":{"@id":"https:\/\/www.amaryllisbijoux.fr\/#website"},"primaryImageOfPage":{"@id":"https:\/\/www.amaryllisbijoux.fr\/?product=boucles-doreilles-ceremonie-trois-feuilles#primaryimage"},"image":{"@id":"https:\/\/www.amaryllisbijoux.fr\/?product=boucles-doreilles-ceremonie-trois-feuilles#primaryimage"},"thumbnailUrl":"https:\/\/www.amaryllisbijoux.fr\/wp-content\/uploads\/2026\/02\/20260220_131933220_iOS_11-scaled.webp","datePublished":"2026-03-11T17:30:28+00:00","description":"Boucles d\u2019oreilles c\u00e9r\u00e9monie en p\u00e2te polym\u00e8re blanc beige marbr\u00e9, forme 3 p\u00e9tales pendante, attache boh\u00e8me inox.","breadcrumb":{"@id":"https:\/\/www.amaryllisbijoux.fr\/?product=boucles-doreilles-ceremonie-trois-feuilles#breadcrumb"},"inLanguage":"fr-FR","potentialAction":[{"@type":"ReadAction","target":["https:\/\/www.amaryllisbijoux.fr\/?product=boucles-doreilles-ceremonie-trois-feuilles"]}]},{"@type":"ImageObject","inLanguage":"fr-FR","@id":"https:\/\/www.amaryllisbijoux.fr\/?product=boucles-doreilles-ceremonie-trois-feuilles#primaryimage","url":"https:\/\/www.amaryllisbijoux.fr\/wp-content\/uploads\/2026\/02\/20260220_131933220_iOS_11-scaled.webp","contentUrl":"https:\/\/www.amaryllisbijoux.fr\/wp-content\/uploads\/2026\/02\/20260220_131933220_iOS_11-scaled.webp","width":1920,"height":2560,"caption":"boucles d'oreilles c\u00e9r\u00e9monie"},{"@type":"BreadcrumbList","@id":"https:\/\/www.amaryllisbijoux.fr\/?product=boucles-doreilles-ceremonie-trois-feuilles#breadcrumb","itemListElement":[{"@type":"ListItem","position":1,"name":"Accueil","item":"https:\/\/www.amaryllisbijoux.fr\/"},{"@type":"ListItem","position":2,"name":"Boutique","item":"https:\/\/www.amaryllisbijoux.fr\/?page_id=343"},{"@type":"ListItem","position":3,"name":"boucles d&rsquo;oreilles c\u00e9r\u00e9monie &#8211; Trois feuilles"}]},{"@type":"WebSite","@id":"https:\/\/www.amaryllisbijoux.fr\/#website","url":"https:\/\/www.amaryllisbijoux.fr\/","name":"Amaryllis Bijoux","description":"","potentialAction":[{"@type":"SearchAction","target":{"@type":"EntryPoint","urlTemplate":"https:\/\/www.amaryllisbijoux.fr\/?s={search_term_string}"},"query-input":{"@type":"PropertyValueSpecification","valueRequired":true,"valueName":"search_term_string"}}],"inLanguage":"fr-FR"}]}},"jetpack_sharing_enabled":true,"_links":{"self":[{"href":"https:\/\/www.amaryllisbijoux.fr\/index.php?rest_route=\/wp\/v2\/product\/1456","targetHints":{"allow":["GET"]}}],"collection":[{"href":"https:\/\/www.amaryllisbijoux.fr\/index.php?rest_route=\/wp\/v2\/product"}],"about":[{"href":"https:\/\/www.amaryllisbijoux.fr\/index.php?rest_route=\/wp\/v2\/types\/product"}],"replies":[{"embeddable":true,"href":"https:\/\/www.amaryllisbijoux.fr\/index.php?rest_route=%2Fwp%2Fv2%2Fcomments&post=1456"}],"wp:featuredmedia":[{"embeddable":true,"href":"https:\/\/www.amaryllisbijoux.fr\/index.php?rest_route=\/wp\/v2\/media\/1446"}],"wp:attachment":[{"href":"https:\/\/www.amaryllisbijoux.fr\/index.php?rest_route=%2Fwp%2Fv2%2Fmedia&parent=1456"}],"wp:term":[{"taxonomy":"product_brand","embeddable":true,"href":"https:\/\/www.amaryllisbijoux.fr\/index.php?rest_route=%2Fwp%2Fv2%2Fproduct_brand&post=1456"},{"taxonomy":"product_cat","embeddable":true,"href":"https:\/\/www.amaryllisbijoux.fr\/index.php?rest_route=%2Fwp%2Fv2%2Fproduct_cat&post=1456"},{"taxonomy":"product_tag","embeddable":true,"href":"https:\/\/www.amaryllisbijoux.fr\/index.php?rest_route=%2Fwp%2Fv2%2Fproduct_tag&post=1456"}],"curies":[{"name":"wp","href":"https:\/\/api.w.org\/{rel}","templated":true}]}}