{"id":1461,"date":"2026-03-25T18:30:20","date_gmt":"2026-03-25T17:30:20","guid":{"rendered":"https:\/\/www.amaryllisbijoux.fr\/?post_type=product&#038;p=1461"},"modified":"2026-03-23T16:17:45","modified_gmt":"2026-03-23T15:17:45","slug":"chaine-acier-inoxydable-au-choix","status":"publish","type":"product","link":"https:\/\/www.amaryllisbijoux.fr\/?product=chaine-acier-inoxydable-au-choix","title":{"rendered":"Cha\u00eene acier inoxydable au choix"},"content":{"rendered":"<h2 data-start=\"225\" data-end=\"299\">\u2728 Cha\u00eene acier inoxydable : la base id\u00e9ale pour un bijou personnalis\u00e9<\/h2>\n<p data-start=\"301\" data-end=\"551\">La <strong data-start=\"304\" data-end=\"331\">cha\u00eene acier inoxydable<\/strong> est l\u2019\u00e9l\u00e9ment essentiel pour cr\u00e9er un collier unique et \u00e0 votre image. Pens\u00e9e pour \u00eatre personnalis\u00e9e, elle peut \u00eatre associ\u00e9e \u00e0 des <strong data-start=\"465\" data-end=\"493\">charms vendus s\u00e9par\u00e9ment<\/strong>, afin de composer un bijou qui vous ressemble vraiment.<\/p>\n<p data-start=\"553\" data-end=\"754\">Ainsi, chaque cha\u00eene acier inoxydable devient une base \u00e9l\u00e9gante et modulable. Elle peut \u00eatre port\u00e9e seule pour un style minimaliste ou agr\u00e9ment\u00e9e de charms pour une touche plus originale et symbolique.<\/p>\n<hr data-start=\"756\" data-end=\"759\" \/>\n<h2 data-start=\"761\" data-end=\"817\">\ud83d\udd17 Un choix de mailles pour s\u2019adapter \u00e0 votre style<\/h2>\n<p data-start=\"819\" data-end=\"892\">Afin de r\u00e9pondre \u00e0 toutes les envies, plusieurs options sont propos\u00e9es.<\/p>\n<p data-start=\"894\" data-end=\"1152\">Pour les mod\u00e8les dor\u00e9s, <strong data-start=\"918\" data-end=\"956\">trois types de mailles diff\u00e9rentes<\/strong> sont disponibles. Chaque maille poss\u00e8de son propre caract\u00e8re : l\u2019une peut \u00eatre plus marqu\u00e9e et moderne, une autre plus d\u00e9licate et f\u00e9minine, tandis qu\u2019une troisi\u00e8me offre un rendu plus textur\u00e9.<\/p>\n<p data-start=\"1154\" data-end=\"1275\">Pour la version argent\u00e9e, une <strong data-start=\"1184\" data-end=\"1199\">maille fine<\/strong> est propos\u00e9e. Elle s\u00e9duit par sa discr\u00e9tion et son \u00e9l\u00e9gance intemporelle.<\/p>\n<p data-start=\"1277\" data-end=\"1421\">Toutes les cha\u00eenes acier inoxydable sont propos\u00e9es en <strong data-start=\"1331\" data-end=\"1361\">longueur standard de 42 cm<\/strong>, id\u00e9ale pour mettre en valeur le cou et les charms ajout\u00e9s.<\/p>\n<p data-start=\"1277\" data-end=\"1421\">Pour les plus grosses mailles, vous avez un fermoir anneau \u00e0 ressort. Et pour les plus fines, un fermoir \u00e0 homard.<\/p>\n<hr data-start=\"1423\" data-end=\"1426\" \/>\n<h2 data-start=\"1428\" data-end=\"1471\">\ud83d\udc8e Les avantages de l\u2019acier inoxydable<\/h2>\n<p data-start=\"1473\" data-end=\"1644\">L\u2019acier inoxydable est reconnu pour ses nombreux atouts. Tout d\u2019abord, il est <strong data-start=\"1551\" data-end=\"1588\">r\u00e9sistant \u00e0 l\u2019eau et \u00e0 l\u2019humidit\u00e9<\/strong>. Il ne rouille pas et conserve son \u00e9clat durablement.<\/p>\n<p data-start=\"1646\" data-end=\"1798\">Ensuite, il est <strong data-start=\"1662\" data-end=\"1682\">hypoallerg\u00e9nique<\/strong>, ce qui le rend adapt\u00e9 aux peaux sensibles. De plus, il ne ternit pas facilement et demande tr\u00e8s peu d\u2019entretien.<\/p>\n<p data-start=\"1800\" data-end=\"1939\">Par cons\u00e9quent, choisir une cha\u00eene acier inoxydable, c\u2019est opter pour un bijou solide, durable et parfaitement adapt\u00e9 \u00e0 un usage quotidien.<\/p>\n<hr data-start=\"1941\" data-end=\"1944\" \/>\n<h2 data-start=\"1946\" data-end=\"1992\">\ud83c\udf3f Une cr\u00e9ation modulable et intemporelle<\/h2>\n<p data-start=\"1994\" data-end=\"2219\">Gr\u00e2ce \u00e0 sa robustesse et \u00e0 son design \u00e9pur\u00e9, la cha\u00eene acier inoxydable constitue une base parfaite pour cr\u00e9er un collier personnalis\u00e9 avec des charms \u00e0 collectionner. Elle permet d\u2019\u00e9voluer au fil des envies et des saisons.<\/p>\n<p data-start=\"2221\" data-end=\"2398\">Par ailleurs, il est important de pr\u00e9ciser que les <strong data-start=\"2272\" data-end=\"2343\">couleurs peuvent l\u00e9g\u00e8rement diff\u00e9rer entre les photos et la r\u00e9alit\u00e9<\/strong>, en fonction de la luminosit\u00e9 et des r\u00e9glages d\u2019\u00e9cran.<\/p>\n<p data-start=\"2400\" data-end=\"2531\">En conclusion, la cha\u00eene acier inoxydable allie personnalisation, \u00e9l\u00e9gance et durabilit\u00e9 pour un bijou \u00e0 composer selon vos envies.<\/p>\n","protected":false},"excerpt":{"rendered":"<p>Cha\u00eene acier inoxydable 42 cm \u00e0 personnaliser avec charms. Plusieurs mailles dor\u00e9es et une fine argent\u00e9e. Durable et \u00e9l\u00e9gante.<\/p>\n","protected":false},"featured_media":1497,"comment_status":"open","ping_status":"closed","template":"","meta":[],"product_brand":[],"product_cat":[36],"product_tag":[],"class_list":{"0":"post-1461","1":"product","2":"type-product","3":"status-publish","4":"has-post-thumbnail","6":"product_cat-chaines-charms-interchangeables","8":"first","9":"instock","10":"shipping-taxable","11":"purchasable","12":"product-type-variable"},"yoast_head":"<!-- This site is optimized with the Yoast SEO plugin v27.3 - https:\/\/yoast.com\/product\/yoast-seo-wordpress\/ -->\n<title>Cha\u00eene acier inoxydable au choix - Amaryllis Bijoux<\/title>\n<meta name=\"description\" content=\"Cha\u00eene acier inoxydable 42 cm personnalisable avec charms vendus s\u00e9par\u00e9ment. 3 mailles dor\u00e9es et 1 fine argent\u00e9e.\" \/>\n<meta name=\"robots\" content=\"index, follow, max-snippet:-1, max-image-preview:large, max-video-preview:-1\" \/>\n<link rel=\"canonical\" href=\"https:\/\/www.amaryllisbijoux.fr\/?product=chaine-acier-inoxydable-au-choix\" \/>\n<meta property=\"og:locale\" content=\"fr_FR\" \/>\n<meta property=\"og:type\" content=\"article\" \/>\n<meta property=\"og:title\" content=\"Cha\u00eene acier inoxydable au choix - Amaryllis Bijoux\" \/>\n<meta property=\"og:description\" content=\"Cha\u00eene acier inoxydable 42 cm personnalisable avec charms vendus s\u00e9par\u00e9ment. 3 mailles dor\u00e9es et 1 fine argent\u00e9e.\" \/>\n<meta property=\"og:url\" content=\"https:\/\/www.amaryllisbijoux.fr\/?product=chaine-acier-inoxydable-au-choix\" \/>\n<meta property=\"og:site_name\" content=\"Amaryllis Bijoux\" \/>\n<meta property=\"og:image\" content=\"https:\/\/www.amaryllisbijoux.fr\/wp-content\/uploads\/2026\/03\/20260302_095726823_iOS1-1-scaled.webp\" \/>\n\t<meta property=\"og:image:width\" content=\"1920\" \/>\n\t<meta property=\"og:image:height\" content=\"2560\" \/>\n\t<meta property=\"og:image:type\" content=\"image\/webp\" \/>\n<meta name=\"twitter:card\" content=\"summary_large_image\" \/>\n<meta name=\"twitter:label1\" content=\"Dur\u00e9e de lecture estim\u00e9e\" \/>\n\t<meta name=\"twitter:data1\" content=\"3 minutes\" \/>\n<script type=\"application\/ld+json\" class=\"yoast-schema-graph\">{\"@context\":\"https:\\\/\\\/schema.org\",\"@graph\":[{\"@type\":\"WebPage\",\"@id\":\"https:\\\/\\\/www.amaryllisbijoux.fr\\\/?product=chaine-acier-inoxydable-au-choix\",\"url\":\"https:\\\/\\\/www.amaryllisbijoux.fr\\\/?product=chaine-acier-inoxydable-au-choix\",\"name\":\"Cha\u00eene acier inoxydable au choix - Amaryllis Bijoux\",\"isPartOf\":{\"@id\":\"https:\\\/\\\/www.amaryllisbijoux.fr\\\/#website\"},\"primaryImageOfPage\":{\"@id\":\"https:\\\/\\\/www.amaryllisbijoux.fr\\\/?product=chaine-acier-inoxydable-au-choix#primaryimage\"},\"image\":{\"@id\":\"https:\\\/\\\/www.amaryllisbijoux.fr\\\/?product=chaine-acier-inoxydable-au-choix#primaryimage\"},\"thumbnailUrl\":\"https:\\\/\\\/www.amaryllisbijoux.fr\\\/wp-content\\\/uploads\\\/2026\\\/03\\\/20260302_095726823_iOS1-1-scaled.webp\",\"datePublished\":\"2026-03-25T17:30:20+00:00\",\"description\":\"Cha\u00eene acier inoxydable 42 cm personnalisable avec charms vendus s\u00e9par\u00e9ment. 3 mailles dor\u00e9es et 1 fine argent\u00e9e.\",\"breadcrumb\":{\"@id\":\"https:\\\/\\\/www.amaryllisbijoux.fr\\\/?product=chaine-acier-inoxydable-au-choix#breadcrumb\"},\"inLanguage\":\"fr-FR\",\"potentialAction\":[{\"@type\":\"ReadAction\",\"target\":[\"https:\\\/\\\/www.amaryllisbijoux.fr\\\/?product=chaine-acier-inoxydable-au-choix\"]}]},{\"@type\":\"ImageObject\",\"inLanguage\":\"fr-FR\",\"@id\":\"https:\\\/\\\/www.amaryllisbijoux.fr\\\/?product=chaine-acier-inoxydable-au-choix#primaryimage\",\"url\":\"https:\\\/\\\/www.amaryllisbijoux.fr\\\/wp-content\\\/uploads\\\/2026\\\/03\\\/20260302_095726823_iOS1-1-scaled.webp\",\"contentUrl\":\"https:\\\/\\\/www.amaryllisbijoux.fr\\\/wp-content\\\/uploads\\\/2026\\\/03\\\/20260302_095726823_iOS1-1-scaled.webp\",\"width\":1920,\"height\":2560,\"caption\":\"chaine acier inoxydable\"},{\"@type\":\"BreadcrumbList\",\"@id\":\"https:\\\/\\\/www.amaryllisbijoux.fr\\\/?product=chaine-acier-inoxydable-au-choix#breadcrumb\",\"itemListElement\":[{\"@type\":\"ListItem\",\"position\":1,\"name\":\"Accueil\",\"item\":\"https:\\\/\\\/www.amaryllisbijoux.fr\\\/\"},{\"@type\":\"ListItem\",\"position\":2,\"name\":\"Boutique\",\"item\":\"https:\\\/\\\/www.amaryllisbijoux.fr\\\/?page_id=343\"},{\"@type\":\"ListItem\",\"position\":3,\"name\":\"Cha\u00eene acier inoxydable au choix\"}]},{\"@type\":\"WebSite\",\"@id\":\"https:\\\/\\\/www.amaryllisbijoux.fr\\\/#website\",\"url\":\"https:\\\/\\\/www.amaryllisbijoux.fr\\\/\",\"name\":\"Amaryllis Bijoux\",\"description\":\"\",\"potentialAction\":[{\"@type\":\"SearchAction\",\"target\":{\"@type\":\"EntryPoint\",\"urlTemplate\":\"https:\\\/\\\/www.amaryllisbijoux.fr\\\/?s={search_term_string}\"},\"query-input\":{\"@type\":\"PropertyValueSpecification\",\"valueRequired\":true,\"valueName\":\"search_term_string\"}}],\"inLanguage\":\"fr-FR\"}]}<\/script>\n<!-- \/ Yoast SEO plugin. -->","yoast_head_json":{"title":"Cha\u00eene acier inoxydable au choix - Amaryllis Bijoux","description":"Cha\u00eene acier inoxydable 42 cm personnalisable avec charms vendus s\u00e9par\u00e9ment. 3 mailles dor\u00e9es et 1 fine argent\u00e9e.","robots":{"index":"index","follow":"follow","max-snippet":"max-snippet:-1","max-image-preview":"max-image-preview:large","max-video-preview":"max-video-preview:-1"},"canonical":"https:\/\/www.amaryllisbijoux.fr\/?product=chaine-acier-inoxydable-au-choix","og_locale":"fr_FR","og_type":"article","og_title":"Cha\u00eene acier inoxydable au choix - Amaryllis Bijoux","og_description":"Cha\u00eene acier inoxydable 42 cm personnalisable avec charms vendus s\u00e9par\u00e9ment. 3 mailles dor\u00e9es et 1 fine argent\u00e9e.","og_url":"https:\/\/www.amaryllisbijoux.fr\/?product=chaine-acier-inoxydable-au-choix","og_site_name":"Amaryllis Bijoux","og_image":[{"width":1920,"height":2560,"url":"https:\/\/www.amaryllisbijoux.fr\/wp-content\/uploads\/2026\/03\/20260302_095726823_iOS1-1-scaled.webp","type":"image\/webp"}],"twitter_card":"summary_large_image","twitter_misc":{"Dur\u00e9e de lecture estim\u00e9e":"3 minutes"},"schema":{"@context":"https:\/\/schema.org","@graph":[{"@type":"WebPage","@id":"https:\/\/www.amaryllisbijoux.fr\/?product=chaine-acier-inoxydable-au-choix","url":"https:\/\/www.amaryllisbijoux.fr\/?product=chaine-acier-inoxydable-au-choix","name":"Cha\u00eene acier inoxydable au choix - Amaryllis Bijoux","isPartOf":{"@id":"https:\/\/www.amaryllisbijoux.fr\/#website"},"primaryImageOfPage":{"@id":"https:\/\/www.amaryllisbijoux.fr\/?product=chaine-acier-inoxydable-au-choix#primaryimage"},"image":{"@id":"https:\/\/www.amaryllisbijoux.fr\/?product=chaine-acier-inoxydable-au-choix#primaryimage"},"thumbnailUrl":"https:\/\/www.amaryllisbijoux.fr\/wp-content\/uploads\/2026\/03\/20260302_095726823_iOS1-1-scaled.webp","datePublished":"2026-03-25T17:30:20+00:00","description":"Cha\u00eene acier inoxydable 42 cm personnalisable avec charms vendus s\u00e9par\u00e9ment. 3 mailles dor\u00e9es et 1 fine argent\u00e9e.","breadcrumb":{"@id":"https:\/\/www.amaryllisbijoux.fr\/?product=chaine-acier-inoxydable-au-choix#breadcrumb"},"inLanguage":"fr-FR","potentialAction":[{"@type":"ReadAction","target":["https:\/\/www.amaryllisbijoux.fr\/?product=chaine-acier-inoxydable-au-choix"]}]},{"@type":"ImageObject","inLanguage":"fr-FR","@id":"https:\/\/www.amaryllisbijoux.fr\/?product=chaine-acier-inoxydable-au-choix#primaryimage","url":"https:\/\/www.amaryllisbijoux.fr\/wp-content\/uploads\/2026\/03\/20260302_095726823_iOS1-1-scaled.webp","contentUrl":"https:\/\/www.amaryllisbijoux.fr\/wp-content\/uploads\/2026\/03\/20260302_095726823_iOS1-1-scaled.webp","width":1920,"height":2560,"caption":"chaine acier inoxydable"},{"@type":"BreadcrumbList","@id":"https:\/\/www.amaryllisbijoux.fr\/?product=chaine-acier-inoxydable-au-choix#breadcrumb","itemListElement":[{"@type":"ListItem","position":1,"name":"Accueil","item":"https:\/\/www.amaryllisbijoux.fr\/"},{"@type":"ListItem","position":2,"name":"Boutique","item":"https:\/\/www.amaryllisbijoux.fr\/?page_id=343"},{"@type":"ListItem","position":3,"name":"Cha\u00eene acier inoxydable au choix"}]},{"@type":"WebSite","@id":"https:\/\/www.amaryllisbijoux.fr\/#website","url":"https:\/\/www.amaryllisbijoux.fr\/","name":"Amaryllis Bijoux","description":"","potentialAction":[{"@type":"SearchAction","target":{"@type":"EntryPoint","urlTemplate":"https:\/\/www.amaryllisbijoux.fr\/?s={search_term_string}"},"query-input":{"@type":"PropertyValueSpecification","valueRequired":true,"valueName":"search_term_string"}}],"inLanguage":"fr-FR"}]}},"jetpack_sharing_enabled":true,"_links":{"self":[{"href":"https:\/\/www.amaryllisbijoux.fr\/index.php?rest_route=\/wp\/v2\/product\/1461","targetHints":{"allow":["GET"]}}],"collection":[{"href":"https:\/\/www.amaryllisbijoux.fr\/index.php?rest_route=\/wp\/v2\/product"}],"about":[{"href":"https:\/\/www.amaryllisbijoux.fr\/index.php?rest_route=\/wp\/v2\/types\/product"}],"replies":[{"embeddable":true,"href":"https:\/\/www.amaryllisbijoux.fr\/index.php?rest_route=%2Fwp%2Fv2%2Fcomments&post=1461"}],"wp:featuredmedia":[{"embeddable":true,"href":"https:\/\/www.amaryllisbijoux.fr\/index.php?rest_route=\/wp\/v2\/media\/1497"}],"wp:attachment":[{"href":"https:\/\/www.amaryllisbijoux.fr\/index.php?rest_route=%2Fwp%2Fv2%2Fmedia&parent=1461"}],"wp:term":[{"taxonomy":"product_brand","embeddable":true,"href":"https:\/\/www.amaryllisbijoux.fr\/index.php?rest_route=%2Fwp%2Fv2%2Fproduct_brand&post=1461"},{"taxonomy":"product_cat","embeddable":true,"href":"https:\/\/www.amaryllisbijoux.fr\/index.php?rest_route=%2Fwp%2Fv2%2Fproduct_cat&post=1461"},{"taxonomy":"product_tag","embeddable":true,"href":"https:\/\/www.amaryllisbijoux.fr\/index.php?rest_route=%2Fwp%2Fv2%2Fproduct_tag&post=1461"}],"curies":[{"name":"wp","href":"https:\/\/api.w.org\/{rel}","templated":true}]}}