{"id":1534,"date":"2026-03-11T18:30:30","date_gmt":"2026-03-11T17:30:30","guid":{"rendered":"https:\/\/www.amaryllisbijoux.fr\/?post_type=product&#038;p=1534"},"modified":"2026-03-11T16:32:07","modified_gmt":"2026-03-11T15:32:07","slug":"boucles-doreilles-resine-doree-ceremonie","status":"publish","type":"product","link":"https:\/\/www.amaryllisbijoux.fr\/?product=boucles-doreilles-resine-doree-ceremonie","title":{"rendered":"Boucles d&rsquo;oreilles r\u00e9sine dor\u00e9e &#8211; C\u00e9r\u00e9monie"},"content":{"rendered":"<h1 data-start=\"127\" data-end=\"209\">Boucles d\u2019oreilles boh\u00e8me en r\u00e9sine dor\u00e9e paillet\u00e9e \u2013 l\u00e9g\u00e8ret\u00e9 et \u00e9clat lumineux<\/h1>\n<h2 data-start=\"211\" data-end=\"277\">Des boucles d\u2019oreilles en r\u00e9sine dor\u00e9e au style boh\u00e8me lumineux<\/h2>\n<p data-start=\"279\" data-end=\"571\">Apportez une touche d\u2019\u00e9clat et de l\u00e9g\u00e8ret\u00e9 \u00e0 votre tenue avec ces <strong data-start=\"345\" data-end=\"400\">boucles d\u2019oreilles boh\u00e8me en r\u00e9sine dor\u00e9e paillet\u00e9e<\/strong>. Leur design d\u00e9licat laisse appara\u00eetre une belle <strong data-start=\"450\" data-end=\"481\">transparence dans la r\u00e9sine<\/strong>, sublim\u00e9e par de fines <strong data-start=\"505\" data-end=\"526\">paillettes dor\u00e9es<\/strong> qui captent la lumi\u00e8re \u00e0 chaque mouvement.<\/p>\n<p data-start=\"573\" data-end=\"845\">Gr\u00e2ce \u00e0 cette combinaison subtile entre transparence et \u00e9clat, ces boucles d\u2019oreilles deviennent un v\u00e9ritable accessoire lumineux. Elles se distinguent par leur style boh\u00e8me chic, \u00e0 la fois \u00e9l\u00e9gant, moderne et facile \u00e0 porter au quotidien comme lors d\u2019occasions sp\u00e9ciales.<\/p>\n<h2 data-start=\"847\" data-end=\"880\">Une cr\u00e9ation artisanale unique<\/h2>\n<p data-start=\"882\" data-end=\"1099\">Chaque paire est r\u00e9alis\u00e9e avec soin, ce qui rend chaque bijou unique. Les <strong data-start=\"956\" data-end=\"992\">paillettes dor\u00e9es dans la r\u00e9sine<\/strong> peuvent \u00eatre r\u00e9parties diff\u00e9remment d\u2019une boucle \u00e0 l\u2019autre, cr\u00e9ant ainsi un effet naturel et artistique.<\/p>\n<p data-start=\"1101\" data-end=\"1194\">De plus, deux boucles d\u2019oreilles d\u2019une m\u00eame paire peuvent pr\u00e9senter de l\u00e9g\u00e8res variations :<\/p>\n<ul data-start=\"1195\" data-end=\"1282\">\n<li data-start=\"1195\" data-end=\"1243\">\n<p data-start=\"1197\" data-end=\"1243\">quantit\u00e9 de paillettes l\u00e9g\u00e8rement diff\u00e9rente<\/p>\n<\/li>\n<li data-start=\"1244\" data-end=\"1282\">\n<p data-start=\"1246\" data-end=\"1282\">transparence plus ou moins marqu\u00e9e<\/p>\n<\/li>\n<\/ul>\n<p data-start=\"1284\" data-end=\"1380\">Ces variations font partie du charme des bijoux artisanaux et garantissent un bijou authentique.<\/p>\n<h2 data-start=\"1382\" data-end=\"1436\">Des mat\u00e9riaux durables : r\u00e9sine et acier inoxydable<\/h2>\n<p data-start=\"1438\" data-end=\"1527\">Ces boucles d\u2019oreilles sont con\u00e7ues avec des mat\u00e9riaux s\u00e9lectionn\u00e9s pour leur qualit\u00e9 :<\/p>\n<p data-start=\"1529\" data-end=\"1572\"><strong data-start=\"1529\" data-end=\"1542\">La r\u00e9sine<\/strong> offre plusieurs avantages :<\/p>\n<ul data-start=\"1573\" data-end=\"1683\">\n<li data-start=\"1573\" data-end=\"1616\">\n<p data-start=\"1575\" data-end=\"1616\">grande l\u00e9g\u00e8ret\u00e9 pour un confort optimal<\/p>\n<\/li>\n<li data-start=\"1617\" data-end=\"1642\">\n<p data-start=\"1619\" data-end=\"1642\">excellente r\u00e9sistance<\/p>\n<\/li>\n<li data-start=\"1643\" data-end=\"1683\">\n<p data-start=\"1645\" data-end=\"1683\">effet lumineux et transparent unique<\/p>\n<\/li>\n<\/ul>\n<p data-start=\"1685\" data-end=\"1756\">Les attaches sont en <strong data-start=\"1706\" data-end=\"1726\">acier inoxydable<\/strong>, un mat\u00e9riau reconnu pour :<\/p>\n<ul data-start=\"1757\" data-end=\"1873\">\n<li data-start=\"1757\" data-end=\"1799\">\n<p data-start=\"1759\" data-end=\"1799\">sa r\u00e9sistance \u00e0 l\u2019eau et \u00e0 l\u2019oxydation<\/p>\n<\/li>\n<li data-start=\"1800\" data-end=\"1831\">\n<p data-start=\"1802\" data-end=\"1831\">sa durabilit\u00e9 dans le temps<\/p>\n<\/li>\n<li data-start=\"1832\" data-end=\"1873\">\n<p data-start=\"1834\" data-end=\"1873\">son confort pour les oreilles sensibles<\/p>\n<\/li>\n<\/ul>\n<p data-start=\"1875\" data-end=\"1952\">Ainsi, vous profitez d\u2019un bijou \u00e0 la fois esth\u00e9tique, confortable et durable.<\/p>\n<h2 data-start=\"1954\" data-end=\"2016\">Conseil mode : parfaites pour une c\u00e9r\u00e9monie ou les vacances<\/h2>\n<p data-start=\"2018\" data-end=\"2251\">Ces <strong data-start=\"2022\" data-end=\"2071\">boucles d\u2019oreilles lumineuses en r\u00e9sine dor\u00e9e<\/strong> sont id\u00e9ales pour sublimer une tenue de <strong data-start=\"2112\" data-end=\"2125\">c\u00e9r\u00e9monie<\/strong>, comme un mariage, un bapt\u00eame ou une soir\u00e9e estivale. Leur \u00e9clat dor\u00e9 apporte une touche \u00e9l\u00e9gante sans \u00eatre trop imposante.<\/p>\n<p data-start=\"2253\" data-end=\"2475\">Par ailleurs, elles sont \u00e9galement parfaites pour les <strong data-start=\"2307\" data-end=\"2325\">vacances d\u2019\u00e9t\u00e9<\/strong>. Associ\u00e9es \u00e0 une robe fluide, un chapeau de paille ou une tenue boh\u00e8me, elles illuminent instantan\u00e9ment votre look avec une note solaire et raffin\u00e9e.<\/p>\n<h2 data-start=\"2477\" data-end=\"2504\">Informations importantes<\/h2>\n<p data-start=\"2506\" data-end=\"2528\">Veuillez noter que :<\/p>\n<ul data-start=\"2530\" data-end=\"2769\">\n<li data-start=\"2530\" data-end=\"2648\">\n<p data-start=\"2532\" data-end=\"2648\">Les <strong data-start=\"2536\" data-end=\"2605\">couleurs peuvent l\u00e9g\u00e8rement varier entre les photos et la r\u00e9alit\u00e9<\/strong>, selon la luminosit\u00e9 ou l\u2019\u00e9cran utilis\u00e9.<\/p>\n<\/li>\n<li data-start=\"2649\" data-end=\"2769\">\n<p data-start=\"2651\" data-end=\"2769\">\u00c9tant donn\u00e9 la fabrication artisanale, la <strong data-start=\"2693\" data-end=\"2751\">r\u00e9partition des paillettes dor\u00e9es peut \u00eatre diff\u00e9rente<\/strong> sur chaque paire.<\/p>\n<\/li>\n<\/ul>\n<p data-start=\"2771\" data-end=\"2828\">Ces particularit\u00e9s font de chaque bijou une pi\u00e8ce unique.<\/p>\n<hr data-start=\"2830\" data-end=\"2833\" \/>\n<h1 data-start=\"2835\" data-end=\"2876\">Description courte (pour fiche produit)<\/h1>\n<p data-start=\"2878\" data-end=\"3148\">Boucles d\u2019oreilles boh\u00e8me en <strong data-start=\"2907\" data-end=\"2933\">r\u00e9sine dor\u00e9e paillet\u00e9e<\/strong> avec effet transparent et lumineux. L\u00e9g\u00e8res et \u00e9l\u00e9gantes, elles sont mont\u00e9es sur <strong data-start=\"3015\" data-end=\"3035\">acier inoxydable<\/strong> pour une excellente durabilit\u00e9. Parfaites pour une c\u00e9r\u00e9monie, un \u00e9v\u00e9nement ou pour illuminer une tenue estivale.<\/p>\n","protected":false},"excerpt":{"rendered":"<p><span style=\"font-size: 1rem\">Boucles d\u2019oreilles boh\u00e8me en <\/span><strong style=\"font-size: 1rem\" data-start=\"2907\" data-end=\"2933\">r\u00e9sine dor\u00e9e paillet\u00e9e<\/strong><span style=\"font-size: 1rem\"> avec effet transparent et lumineux. L\u00e9g\u00e8res et \u00e9l\u00e9gantes, elles sont mont\u00e9es sur <\/span><strong style=\"font-size: 1rem\" data-start=\"3015\" data-end=\"3035\">acier inoxydable<\/strong><span style=\"font-size: 1rem\"> pour une excellente durabilit\u00e9. Parfaites pour une c\u00e9r\u00e9monie, un \u00e9v\u00e9nement ou pour illuminer une tenue estivale.<\/span><\/p>\n","protected":false},"featured_media":1540,"comment_status":"open","ping_status":"closed","template":"","meta":[],"product_brand":[],"product_cat":[35,26],"product_tag":[],"class_list":{"0":"post-1534","1":"product","2":"type-product","3":"status-publish","4":"has-post-thumbnail","6":"product_cat-ceremonie","7":"product_cat-les-paillettes","9":"first","10":"instock","11":"shipping-taxable","12":"purchasable","13":"product-type-simple"},"yoast_head":"<!-- This site is optimized with the Yoast SEO plugin v27.3 - https:\/\/yoast.com\/product\/yoast-seo-wordpress\/ -->\n<title>Boucles d&#039;oreilles r\u00e9sine dor\u00e9e - C\u00e9r\u00e9monie - Amaryllis Bijoux<\/title>\n<meta name=\"description\" content=\"Boucles d\u2019oreilles boh\u00e8me en r\u00e9sine dor\u00e9e paillet\u00e9e avec transparence lumineuse. Bijoux l\u00e9gers en acier inoxydable, parfaits pour c\u00e9r\u00e9monie ou look d\u2019\u00e9t\u00e9.\" \/>\n<meta name=\"robots\" content=\"index, follow, max-snippet:-1, max-image-preview:large, max-video-preview:-1\" \/>\n<link rel=\"canonical\" href=\"https:\/\/www.amaryllisbijoux.fr\/?product=boucles-doreilles-resine-doree-ceremonie\" \/>\n<meta property=\"og:locale\" content=\"fr_FR\" \/>\n<meta property=\"og:type\" content=\"article\" \/>\n<meta property=\"og:title\" content=\"Boucles d&#039;oreilles r\u00e9sine dor\u00e9e - C\u00e9r\u00e9monie - Amaryllis Bijoux\" \/>\n<meta property=\"og:description\" content=\"Boucles d\u2019oreilles boh\u00e8me en r\u00e9sine dor\u00e9e paillet\u00e9e avec transparence lumineuse. Bijoux l\u00e9gers en acier inoxydable, parfaits pour c\u00e9r\u00e9monie ou look d\u2019\u00e9t\u00e9.\" \/>\n<meta property=\"og:url\" content=\"https:\/\/www.amaryllisbijoux.fr\/?product=boucles-doreilles-resine-doree-ceremonie\" \/>\n<meta property=\"og:site_name\" content=\"Amaryllis Bijoux\" \/>\n<meta property=\"og:image\" content=\"https:\/\/www.amaryllisbijoux.fr\/wp-content\/uploads\/2026\/03\/20260305_142223155_iOS1-scaled.webp\" \/>\n\t<meta property=\"og:image:width\" content=\"1839\" \/>\n\t<meta property=\"og:image:height\" content=\"2560\" \/>\n\t<meta property=\"og:image:type\" content=\"image\/webp\" \/>\n<meta name=\"twitter:card\" content=\"summary_large_image\" \/>\n<meta name=\"twitter:label1\" content=\"Dur\u00e9e de lecture estim\u00e9e\" \/>\n\t<meta name=\"twitter:data1\" content=\"3 minutes\" \/>\n<script type=\"application\/ld+json\" class=\"yoast-schema-graph\">{\"@context\":\"https:\\\/\\\/schema.org\",\"@graph\":[{\"@type\":\"WebPage\",\"@id\":\"https:\\\/\\\/www.amaryllisbijoux.fr\\\/?product=boucles-doreilles-resine-doree-ceremonie\",\"url\":\"https:\\\/\\\/www.amaryllisbijoux.fr\\\/?product=boucles-doreilles-resine-doree-ceremonie\",\"name\":\"Boucles d'oreilles r\u00e9sine dor\u00e9e - C\u00e9r\u00e9monie - Amaryllis Bijoux\",\"isPartOf\":{\"@id\":\"https:\\\/\\\/www.amaryllisbijoux.fr\\\/#website\"},\"primaryImageOfPage\":{\"@id\":\"https:\\\/\\\/www.amaryllisbijoux.fr\\\/?product=boucles-doreilles-resine-doree-ceremonie#primaryimage\"},\"image\":{\"@id\":\"https:\\\/\\\/www.amaryllisbijoux.fr\\\/?product=boucles-doreilles-resine-doree-ceremonie#primaryimage\"},\"thumbnailUrl\":\"https:\\\/\\\/www.amaryllisbijoux.fr\\\/wp-content\\\/uploads\\\/2026\\\/03\\\/20260305_142223155_iOS1-scaled.webp\",\"datePublished\":\"2026-03-11T17:30:30+00:00\",\"description\":\"Boucles d\u2019oreilles boh\u00e8me en r\u00e9sine dor\u00e9e paillet\u00e9e avec transparence lumineuse. Bijoux l\u00e9gers en acier inoxydable, parfaits pour c\u00e9r\u00e9monie ou look d\u2019\u00e9t\u00e9.\",\"breadcrumb\":{\"@id\":\"https:\\\/\\\/www.amaryllisbijoux.fr\\\/?product=boucles-doreilles-resine-doree-ceremonie#breadcrumb\"},\"inLanguage\":\"fr-FR\",\"potentialAction\":[{\"@type\":\"ReadAction\",\"target\":[\"https:\\\/\\\/www.amaryllisbijoux.fr\\\/?product=boucles-doreilles-resine-doree-ceremonie\"]}]},{\"@type\":\"ImageObject\",\"inLanguage\":\"fr-FR\",\"@id\":\"https:\\\/\\\/www.amaryllisbijoux.fr\\\/?product=boucles-doreilles-resine-doree-ceremonie#primaryimage\",\"url\":\"https:\\\/\\\/www.amaryllisbijoux.fr\\\/wp-content\\\/uploads\\\/2026\\\/03\\\/20260305_142223155_iOS1-scaled.webp\",\"contentUrl\":\"https:\\\/\\\/www.amaryllisbijoux.fr\\\/wp-content\\\/uploads\\\/2026\\\/03\\\/20260305_142223155_iOS1-scaled.webp\",\"width\":1839,\"height\":2560,\"caption\":\"r\u00e9sine dor\u00e9e\"},{\"@type\":\"BreadcrumbList\",\"@id\":\"https:\\\/\\\/www.amaryllisbijoux.fr\\\/?product=boucles-doreilles-resine-doree-ceremonie#breadcrumb\",\"itemListElement\":[{\"@type\":\"ListItem\",\"position\":1,\"name\":\"Accueil\",\"item\":\"https:\\\/\\\/www.amaryllisbijoux.fr\\\/\"},{\"@type\":\"ListItem\",\"position\":2,\"name\":\"Boutique\",\"item\":\"https:\\\/\\\/www.amaryllisbijoux.fr\\\/?page_id=343\"},{\"@type\":\"ListItem\",\"position\":3,\"name\":\"Boucles d&rsquo;oreilles r\u00e9sine dor\u00e9e &#8211; C\u00e9r\u00e9monie\"}]},{\"@type\":\"WebSite\",\"@id\":\"https:\\\/\\\/www.amaryllisbijoux.fr\\\/#website\",\"url\":\"https:\\\/\\\/www.amaryllisbijoux.fr\\\/\",\"name\":\"Amaryllis Bijoux\",\"description\":\"\",\"potentialAction\":[{\"@type\":\"SearchAction\",\"target\":{\"@type\":\"EntryPoint\",\"urlTemplate\":\"https:\\\/\\\/www.amaryllisbijoux.fr\\\/?s={search_term_string}\"},\"query-input\":{\"@type\":\"PropertyValueSpecification\",\"valueRequired\":true,\"valueName\":\"search_term_string\"}}],\"inLanguage\":\"fr-FR\"}]}<\/script>\n<!-- \/ Yoast SEO plugin. -->","yoast_head_json":{"title":"Boucles d'oreilles r\u00e9sine dor\u00e9e - C\u00e9r\u00e9monie - Amaryllis Bijoux","description":"Boucles d\u2019oreilles boh\u00e8me en r\u00e9sine dor\u00e9e paillet\u00e9e avec transparence lumineuse. Bijoux l\u00e9gers en acier inoxydable, parfaits pour c\u00e9r\u00e9monie ou look d\u2019\u00e9t\u00e9.","robots":{"index":"index","follow":"follow","max-snippet":"max-snippet:-1","max-image-preview":"max-image-preview:large","max-video-preview":"max-video-preview:-1"},"canonical":"https:\/\/www.amaryllisbijoux.fr\/?product=boucles-doreilles-resine-doree-ceremonie","og_locale":"fr_FR","og_type":"article","og_title":"Boucles d'oreilles r\u00e9sine dor\u00e9e - C\u00e9r\u00e9monie - Amaryllis Bijoux","og_description":"Boucles d\u2019oreilles boh\u00e8me en r\u00e9sine dor\u00e9e paillet\u00e9e avec transparence lumineuse. Bijoux l\u00e9gers en acier inoxydable, parfaits pour c\u00e9r\u00e9monie ou look d\u2019\u00e9t\u00e9.","og_url":"https:\/\/www.amaryllisbijoux.fr\/?product=boucles-doreilles-resine-doree-ceremonie","og_site_name":"Amaryllis Bijoux","og_image":[{"width":1839,"height":2560,"url":"https:\/\/www.amaryllisbijoux.fr\/wp-content\/uploads\/2026\/03\/20260305_142223155_iOS1-scaled.webp","type":"image\/webp"}],"twitter_card":"summary_large_image","twitter_misc":{"Dur\u00e9e de lecture estim\u00e9e":"3 minutes"},"schema":{"@context":"https:\/\/schema.org","@graph":[{"@type":"WebPage","@id":"https:\/\/www.amaryllisbijoux.fr\/?product=boucles-doreilles-resine-doree-ceremonie","url":"https:\/\/www.amaryllisbijoux.fr\/?product=boucles-doreilles-resine-doree-ceremonie","name":"Boucles d'oreilles r\u00e9sine dor\u00e9e - C\u00e9r\u00e9monie - Amaryllis Bijoux","isPartOf":{"@id":"https:\/\/www.amaryllisbijoux.fr\/#website"},"primaryImageOfPage":{"@id":"https:\/\/www.amaryllisbijoux.fr\/?product=boucles-doreilles-resine-doree-ceremonie#primaryimage"},"image":{"@id":"https:\/\/www.amaryllisbijoux.fr\/?product=boucles-doreilles-resine-doree-ceremonie#primaryimage"},"thumbnailUrl":"https:\/\/www.amaryllisbijoux.fr\/wp-content\/uploads\/2026\/03\/20260305_142223155_iOS1-scaled.webp","datePublished":"2026-03-11T17:30:30+00:00","description":"Boucles d\u2019oreilles boh\u00e8me en r\u00e9sine dor\u00e9e paillet\u00e9e avec transparence lumineuse. Bijoux l\u00e9gers en acier inoxydable, parfaits pour c\u00e9r\u00e9monie ou look d\u2019\u00e9t\u00e9.","breadcrumb":{"@id":"https:\/\/www.amaryllisbijoux.fr\/?product=boucles-doreilles-resine-doree-ceremonie#breadcrumb"},"inLanguage":"fr-FR","potentialAction":[{"@type":"ReadAction","target":["https:\/\/www.amaryllisbijoux.fr\/?product=boucles-doreilles-resine-doree-ceremonie"]}]},{"@type":"ImageObject","inLanguage":"fr-FR","@id":"https:\/\/www.amaryllisbijoux.fr\/?product=boucles-doreilles-resine-doree-ceremonie#primaryimage","url":"https:\/\/www.amaryllisbijoux.fr\/wp-content\/uploads\/2026\/03\/20260305_142223155_iOS1-scaled.webp","contentUrl":"https:\/\/www.amaryllisbijoux.fr\/wp-content\/uploads\/2026\/03\/20260305_142223155_iOS1-scaled.webp","width":1839,"height":2560,"caption":"r\u00e9sine dor\u00e9e"},{"@type":"BreadcrumbList","@id":"https:\/\/www.amaryllisbijoux.fr\/?product=boucles-doreilles-resine-doree-ceremonie#breadcrumb","itemListElement":[{"@type":"ListItem","position":1,"name":"Accueil","item":"https:\/\/www.amaryllisbijoux.fr\/"},{"@type":"ListItem","position":2,"name":"Boutique","item":"https:\/\/www.amaryllisbijoux.fr\/?page_id=343"},{"@type":"ListItem","position":3,"name":"Boucles d&rsquo;oreilles r\u00e9sine dor\u00e9e &#8211; C\u00e9r\u00e9monie"}]},{"@type":"WebSite","@id":"https:\/\/www.amaryllisbijoux.fr\/#website","url":"https:\/\/www.amaryllisbijoux.fr\/","name":"Amaryllis Bijoux","description":"","potentialAction":[{"@type":"SearchAction","target":{"@type":"EntryPoint","urlTemplate":"https:\/\/www.amaryllisbijoux.fr\/?s={search_term_string}"},"query-input":{"@type":"PropertyValueSpecification","valueRequired":true,"valueName":"search_term_string"}}],"inLanguage":"fr-FR"}]}},"jetpack_sharing_enabled":true,"_links":{"self":[{"href":"https:\/\/www.amaryllisbijoux.fr\/index.php?rest_route=\/wp\/v2\/product\/1534","targetHints":{"allow":["GET"]}}],"collection":[{"href":"https:\/\/www.amaryllisbijoux.fr\/index.php?rest_route=\/wp\/v2\/product"}],"about":[{"href":"https:\/\/www.amaryllisbijoux.fr\/index.php?rest_route=\/wp\/v2\/types\/product"}],"replies":[{"embeddable":true,"href":"https:\/\/www.amaryllisbijoux.fr\/index.php?rest_route=%2Fwp%2Fv2%2Fcomments&post=1534"}],"wp:featuredmedia":[{"embeddable":true,"href":"https:\/\/www.amaryllisbijoux.fr\/index.php?rest_route=\/wp\/v2\/media\/1540"}],"wp:attachment":[{"href":"https:\/\/www.amaryllisbijoux.fr\/index.php?rest_route=%2Fwp%2Fv2%2Fmedia&parent=1534"}],"wp:term":[{"taxonomy":"product_brand","embeddable":true,"href":"https:\/\/www.amaryllisbijoux.fr\/index.php?rest_route=%2Fwp%2Fv2%2Fproduct_brand&post=1534"},{"taxonomy":"product_cat","embeddable":true,"href":"https:\/\/www.amaryllisbijoux.fr\/index.php?rest_route=%2Fwp%2Fv2%2Fproduct_cat&post=1534"},{"taxonomy":"product_tag","embeddable":true,"href":"https:\/\/www.amaryllisbijoux.fr\/index.php?rest_route=%2Fwp%2Fv2%2Fproduct_tag&post=1534"}],"curies":[{"name":"wp","href":"https:\/\/api.w.org\/{rel}","templated":true}]}}