{"id":1558,"date":"2026-03-11T18:30:54","date_gmt":"2026-03-11T17:30:54","guid":{"rendered":"https:\/\/www.amaryllisbijoux.fr\/?post_type=product&#038;p=1558"},"modified":"2026-03-11T16:30:20","modified_gmt":"2026-03-11T15:30:20","slug":"boucles-doreilles-boheme-chic-ceremonie","status":"publish","type":"product","link":"https:\/\/www.amaryllisbijoux.fr\/?product=boucles-doreilles-boheme-chic-ceremonie","title":{"rendered":"Boucles d&rsquo;oreilles boh\u00e8me chic &#8211; C\u00e9r\u00e9monie"},"content":{"rendered":"<h1 data-start=\"133\" data-end=\"209\">Boucles d\u2019oreilles boh\u00e8me chic en r\u00e9sine transparente et paillettes dor\u00e9es<\/h1>\n<h2 data-start=\"211\" data-end=\"272\">Des boucles d\u2019oreilles boh\u00e8me chic lumineuses et \u00e9l\u00e9gantes<\/h2>\n<p data-start=\"274\" data-end=\"544\">Apportez une touche de raffinement naturel \u00e0 votre style avec ces <strong data-start=\"340\" data-end=\"418\">boucles d\u2019oreilles boh\u00e8me chic en r\u00e9sine transparente et paillettes dor\u00e9es<\/strong>. Leur design d\u00e9licat associe subtilement l\u00e9g\u00e8ret\u00e9, transparence et \u00e9clat pour cr\u00e9er un bijou \u00e0 la fois moderne et intemporel.<\/p>\n<p data-start=\"546\" data-end=\"787\">La r\u00e9sine laisse appara\u00eetre de fines <strong data-start=\"583\" data-end=\"604\">paillettes dor\u00e9es<\/strong> qui captent la lumi\u00e8re \u00e0 chaque mouvement. Cette transparence \u00e9l\u00e9gante apporte un effet lumineux tr\u00e8s raffin\u00e9, parfait pour sublimer une tenue tout en restant discret et sophistiqu\u00e9.<\/p>\n<p data-start=\"789\" data-end=\"915\">Ainsi, ces boucles d\u2019oreilles incarnent parfaitement l\u2019esprit <strong data-start=\"851\" data-end=\"866\">boh\u00e8me chic<\/strong>, un style \u00e0 la fois naturel, f\u00e9minin et \u00e9l\u00e9gant.<\/p>\n<h2 data-start=\"917\" data-end=\"960\">Un bijou boh\u00e8me chic unique et artisanal<\/h2>\n<p data-start=\"962\" data-end=\"1177\">Chaque paire de boucles d\u2019oreilles est r\u00e9alis\u00e9e avec soin, ce qui rend chaque cr\u00e9ation unique. La r\u00e9partition des <strong data-start=\"1076\" data-end=\"1112\">paillettes dor\u00e9es dans la r\u00e9sine<\/strong> peut varier l\u00e9g\u00e8rement, offrant un rendu naturel et authentique.<\/p>\n<p data-start=\"1179\" data-end=\"1276\">De ce fait, deux boucles d\u2019oreilles d\u2019une m\u00eame paire peuvent pr\u00e9senter de l\u00e9g\u00e8res diff\u00e9rences :<\/p>\n<ul data-start=\"1277\" data-end=\"1367\">\n<li data-start=\"1277\" data-end=\"1328\">\n<p data-start=\"1279\" data-end=\"1328\">pr\u00e9sence de paillettes plus ou moins importante<\/p>\n<\/li>\n<li data-start=\"1329\" data-end=\"1367\">\n<p data-start=\"1331\" data-end=\"1367\">transparence l\u00e9g\u00e8rement diff\u00e9rente<\/p>\n<\/li>\n<\/ul>\n<p data-start=\"1369\" data-end=\"1474\">Ces variations font partie du charme des bijoux artisanaux et garantissent un bijou v\u00e9ritablement unique.<\/p>\n<h2 data-start=\"1476\" data-end=\"1530\">Des mat\u00e9riaux durables : r\u00e9sine et acier inoxydable<\/h2>\n<p data-start=\"1532\" data-end=\"1653\">Ces <strong data-start=\"1536\" data-end=\"1570\">boucles d\u2019oreilles boh\u00e8me chic<\/strong> sont con\u00e7ues avec des mat\u00e9riaux s\u00e9lectionn\u00e9s pour leur qualit\u00e9 et leur durabilit\u00e9.<\/p>\n<p data-start=\"1655\" data-end=\"1701\">La <strong data-start=\"1658\" data-end=\"1668\">r\u00e9sine<\/strong> pr\u00e9sente plusieurs avantages :<\/p>\n<ul data-start=\"1702\" data-end=\"1866\">\n<li data-start=\"1702\" data-end=\"1760\">\n<p data-start=\"1704\" data-end=\"1760\">elle est tr\u00e8s l\u00e9g\u00e8re, ce qui assure un confort optimal<\/p>\n<\/li>\n<li data-start=\"1761\" data-end=\"1801\">\n<p data-start=\"1763\" data-end=\"1801\">elle offre une excellente r\u00e9sistance<\/p>\n<\/li>\n<li data-start=\"1802\" data-end=\"1866\">\n<p data-start=\"1804\" data-end=\"1866\">elle permet un effet lumineux et transparent tr\u00e8s esth\u00e9tique<\/p>\n<\/li>\n<\/ul>\n<p data-start=\"1868\" data-end=\"1963\">Les attaches sont en <strong data-start=\"1889\" data-end=\"1909\">acier inoxydable<\/strong>, un mat\u00e9riau reconnu pour ses nombreuses qualit\u00e9s :<\/p>\n<ul data-start=\"1964\" data-end=\"2063\">\n<li data-start=\"1964\" data-end=\"2003\">\n<p data-start=\"1966\" data-end=\"2003\">r\u00e9sistance \u00e0 l\u2019eau et \u00e0 l\u2019oxydation<\/p>\n<\/li>\n<li data-start=\"2004\" data-end=\"2025\">\n<p data-start=\"2006\" data-end=\"2025\">grande durabilit\u00e9<\/p>\n<\/li>\n<li data-start=\"2026\" data-end=\"2063\">\n<p data-start=\"2028\" data-end=\"2063\">confort pour les oreilles sensibles<\/p>\n<\/li>\n<\/ul>\n<p data-start=\"2065\" data-end=\"2136\">Ainsi, ces boucles d\u2019oreilles allient esth\u00e9tique, confort et long\u00e9vit\u00e9.<\/p>\n<h2 data-start=\"2138\" data-end=\"2197\">Conseil mode : un bijou id\u00e9al pour c\u00e9r\u00e9monie ou vacances<\/h2>\n<p data-start=\"2199\" data-end=\"2391\">Gr\u00e2ce \u00e0 leur design \u00e9l\u00e9gant et lumineux, ces <strong data-start=\"2244\" data-end=\"2278\">boucles d\u2019oreilles boh\u00e8me chic<\/strong> sont parfaites pour accompagner une <strong data-start=\"2315\" data-end=\"2337\">tenue de c\u00e9r\u00e9monie<\/strong>, comme un mariage, un bapt\u00eame ou une soir\u00e9e estivale.<\/p>\n<p data-start=\"2393\" data-end=\"2622\">Cependant, elles se pr\u00eatent \u00e9galement tr\u00e8s bien \u00e0 un look plus d\u00e9contract\u00e9 pendant les <strong data-start=\"2480\" data-end=\"2492\">vacances<\/strong>. Associ\u00e9es \u00e0 une robe fluide, une tenue en lin ou un style boh\u00e8me, elles apportent une touche lumineuse et raffin\u00e9e \u00e0 votre look.<\/p>\n<h2 data-start=\"2624\" data-end=\"2651\">Informations importantes<\/h2>\n<p data-start=\"2653\" data-end=\"2675\">Veuillez noter que :<\/p>\n<ul data-start=\"2677\" data-end=\"2913\">\n<li data-start=\"2677\" data-end=\"2807\">\n<p data-start=\"2679\" data-end=\"2807\">Les <strong data-start=\"2683\" data-end=\"2752\">couleurs peuvent l\u00e9g\u00e8rement varier entre les photos et la r\u00e9alit\u00e9<\/strong>, selon la luminosit\u00e9 ou les r\u00e9glages de votre \u00e9cran.<\/p>\n<\/li>\n<li data-start=\"2808\" data-end=\"2913\">\n<p data-start=\"2810\" data-end=\"2913\">La <strong data-start=\"2813\" data-end=\"2871\">r\u00e9partition des paillettes dor\u00e9es peut \u00eatre diff\u00e9rente<\/strong> sur chaque paire de boucles d\u2019oreilles.<\/p>\n<\/li>\n<\/ul>\n<p data-start=\"2915\" data-end=\"2982\">Ces particularit\u00e9s font partie du caract\u00e8re unique de chaque bijou.<\/p>\n","protected":false},"excerpt":{"rendered":"<p data-start=\"3011\" data-end=\"3256\">Boucles d\u2019oreilles <strong data-start=\"3030\" data-end=\"3091\">boh\u00e8me chic en r\u00e9sine transparente avec paillettes dor\u00e9es<\/strong>. L\u00e9g\u00e8res et lumineuses, elles sont mont\u00e9es sur <strong data-start=\"3139\" data-end=\"3159\">acier inoxydable<\/strong> pour une excellente durabilit\u00e9. Un bijou \u00e9l\u00e9gant id\u00e9al pour c\u00e9r\u00e9monie, vacances ou tenue boh\u00e8me.<\/p>\n","protected":false},"featured_media":1541,"comment_status":"open","ping_status":"closed","template":"","meta":[],"product_brand":[],"product_cat":[35,26],"product_tag":[],"class_list":{"0":"post-1558","1":"product","2":"type-product","3":"status-publish","4":"has-post-thumbnail","6":"product_cat-ceremonie","7":"product_cat-les-paillettes","9":"first","10":"instock","11":"shipping-taxable","12":"purchasable","13":"product-type-simple"},"yoast_head":"<!-- This site is optimized with the Yoast SEO plugin v27.3 - https:\/\/yoast.com\/product\/yoast-seo-wordpress\/ -->\n<title>Boucles d&#039;oreilles boh\u00e8me chic - C\u00e9r\u00e9monie - Amaryllis Bijoux<\/title>\n<meta name=\"description\" content=\"Boucles d\u2019oreilles boh\u00e8me chic en r\u00e9sine transparente avec paillettes dor\u00e9es. Bijoux lumineux en acier inoxydable, parfaits pour c\u00e9r\u00e9monie, \u00e9t\u00e9 et style boh\u00e8me.\" \/>\n<meta name=\"robots\" content=\"index, follow, max-snippet:-1, max-image-preview:large, max-video-preview:-1\" \/>\n<link rel=\"canonical\" href=\"https:\/\/www.amaryllisbijoux.fr\/?product=boucles-doreilles-boheme-chic-ceremonie\" \/>\n<meta property=\"og:locale\" content=\"fr_FR\" \/>\n<meta property=\"og:type\" content=\"article\" \/>\n<meta property=\"og:title\" content=\"Boucles d&#039;oreilles boh\u00e8me chic - C\u00e9r\u00e9monie - Amaryllis Bijoux\" \/>\n<meta property=\"og:description\" content=\"Boucles d\u2019oreilles boh\u00e8me chic en r\u00e9sine transparente avec paillettes dor\u00e9es. Bijoux lumineux en acier inoxydable, parfaits pour c\u00e9r\u00e9monie, \u00e9t\u00e9 et style boh\u00e8me.\" \/>\n<meta property=\"og:url\" content=\"https:\/\/www.amaryllisbijoux.fr\/?product=boucles-doreilles-boheme-chic-ceremonie\" \/>\n<meta property=\"og:site_name\" content=\"Amaryllis Bijoux\" \/>\n<meta property=\"og:image\" content=\"https:\/\/www.amaryllisbijoux.fr\/wp-content\/uploads\/2026\/03\/20260305_142159580_iOS1-scaled.webp\" \/>\n\t<meta property=\"og:image:width\" content=\"1892\" \/>\n\t<meta property=\"og:image:height\" content=\"2560\" \/>\n\t<meta property=\"og:image:type\" content=\"image\/webp\" \/>\n<meta name=\"twitter:card\" content=\"summary_large_image\" \/>\n<meta name=\"twitter:label1\" content=\"Dur\u00e9e de lecture estim\u00e9e\" \/>\n\t<meta name=\"twitter:data1\" content=\"3 minutes\" \/>\n<script type=\"application\/ld+json\" class=\"yoast-schema-graph\">{\"@context\":\"https:\\\/\\\/schema.org\",\"@graph\":[{\"@type\":\"WebPage\",\"@id\":\"https:\\\/\\\/www.amaryllisbijoux.fr\\\/?product=boucles-doreilles-boheme-chic-ceremonie\",\"url\":\"https:\\\/\\\/www.amaryllisbijoux.fr\\\/?product=boucles-doreilles-boheme-chic-ceremonie\",\"name\":\"Boucles d'oreilles boh\u00e8me chic - C\u00e9r\u00e9monie - Amaryllis Bijoux\",\"isPartOf\":{\"@id\":\"https:\\\/\\\/www.amaryllisbijoux.fr\\\/#website\"},\"primaryImageOfPage\":{\"@id\":\"https:\\\/\\\/www.amaryllisbijoux.fr\\\/?product=boucles-doreilles-boheme-chic-ceremonie#primaryimage\"},\"image\":{\"@id\":\"https:\\\/\\\/www.amaryllisbijoux.fr\\\/?product=boucles-doreilles-boheme-chic-ceremonie#primaryimage\"},\"thumbnailUrl\":\"https:\\\/\\\/www.amaryllisbijoux.fr\\\/wp-content\\\/uploads\\\/2026\\\/03\\\/20260305_142159580_iOS1-scaled.webp\",\"datePublished\":\"2026-03-11T17:30:54+00:00\",\"description\":\"Boucles d\u2019oreilles boh\u00e8me chic en r\u00e9sine transparente avec paillettes dor\u00e9es. Bijoux lumineux en acier inoxydable, parfaits pour c\u00e9r\u00e9monie, \u00e9t\u00e9 et style boh\u00e8me.\",\"breadcrumb\":{\"@id\":\"https:\\\/\\\/www.amaryllisbijoux.fr\\\/?product=boucles-doreilles-boheme-chic-ceremonie#breadcrumb\"},\"inLanguage\":\"fr-FR\",\"potentialAction\":[{\"@type\":\"ReadAction\",\"target\":[\"https:\\\/\\\/www.amaryllisbijoux.fr\\\/?product=boucles-doreilles-boheme-chic-ceremonie\"]}]},{\"@type\":\"ImageObject\",\"inLanguage\":\"fr-FR\",\"@id\":\"https:\\\/\\\/www.amaryllisbijoux.fr\\\/?product=boucles-doreilles-boheme-chic-ceremonie#primaryimage\",\"url\":\"https:\\\/\\\/www.amaryllisbijoux.fr\\\/wp-content\\\/uploads\\\/2026\\\/03\\\/20260305_142159580_iOS1-scaled.webp\",\"contentUrl\":\"https:\\\/\\\/www.amaryllisbijoux.fr\\\/wp-content\\\/uploads\\\/2026\\\/03\\\/20260305_142159580_iOS1-scaled.webp\",\"width\":1892,\"height\":2560,\"caption\":\"boheme chic\"},{\"@type\":\"BreadcrumbList\",\"@id\":\"https:\\\/\\\/www.amaryllisbijoux.fr\\\/?product=boucles-doreilles-boheme-chic-ceremonie#breadcrumb\",\"itemListElement\":[{\"@type\":\"ListItem\",\"position\":1,\"name\":\"Accueil\",\"item\":\"https:\\\/\\\/www.amaryllisbijoux.fr\\\/\"},{\"@type\":\"ListItem\",\"position\":2,\"name\":\"Boutique\",\"item\":\"https:\\\/\\\/www.amaryllisbijoux.fr\\\/?page_id=343\"},{\"@type\":\"ListItem\",\"position\":3,\"name\":\"Boucles d&rsquo;oreilles boh\u00e8me chic &#8211; C\u00e9r\u00e9monie\"}]},{\"@type\":\"WebSite\",\"@id\":\"https:\\\/\\\/www.amaryllisbijoux.fr\\\/#website\",\"url\":\"https:\\\/\\\/www.amaryllisbijoux.fr\\\/\",\"name\":\"Amaryllis Bijoux\",\"description\":\"\",\"potentialAction\":[{\"@type\":\"SearchAction\",\"target\":{\"@type\":\"EntryPoint\",\"urlTemplate\":\"https:\\\/\\\/www.amaryllisbijoux.fr\\\/?s={search_term_string}\"},\"query-input\":{\"@type\":\"PropertyValueSpecification\",\"valueRequired\":true,\"valueName\":\"search_term_string\"}}],\"inLanguage\":\"fr-FR\"}]}<\/script>\n<!-- \/ Yoast SEO plugin. -->","yoast_head_json":{"title":"Boucles d'oreilles boh\u00e8me chic - C\u00e9r\u00e9monie - Amaryllis Bijoux","description":"Boucles d\u2019oreilles boh\u00e8me chic en r\u00e9sine transparente avec paillettes dor\u00e9es. Bijoux lumineux en acier inoxydable, parfaits pour c\u00e9r\u00e9monie, \u00e9t\u00e9 et style boh\u00e8me.","robots":{"index":"index","follow":"follow","max-snippet":"max-snippet:-1","max-image-preview":"max-image-preview:large","max-video-preview":"max-video-preview:-1"},"canonical":"https:\/\/www.amaryllisbijoux.fr\/?product=boucles-doreilles-boheme-chic-ceremonie","og_locale":"fr_FR","og_type":"article","og_title":"Boucles d'oreilles boh\u00e8me chic - C\u00e9r\u00e9monie - Amaryllis Bijoux","og_description":"Boucles d\u2019oreilles boh\u00e8me chic en r\u00e9sine transparente avec paillettes dor\u00e9es. Bijoux lumineux en acier inoxydable, parfaits pour c\u00e9r\u00e9monie, \u00e9t\u00e9 et style boh\u00e8me.","og_url":"https:\/\/www.amaryllisbijoux.fr\/?product=boucles-doreilles-boheme-chic-ceremonie","og_site_name":"Amaryllis Bijoux","og_image":[{"width":1892,"height":2560,"url":"https:\/\/www.amaryllisbijoux.fr\/wp-content\/uploads\/2026\/03\/20260305_142159580_iOS1-scaled.webp","type":"image\/webp"}],"twitter_card":"summary_large_image","twitter_misc":{"Dur\u00e9e de lecture estim\u00e9e":"3 minutes"},"schema":{"@context":"https:\/\/schema.org","@graph":[{"@type":"WebPage","@id":"https:\/\/www.amaryllisbijoux.fr\/?product=boucles-doreilles-boheme-chic-ceremonie","url":"https:\/\/www.amaryllisbijoux.fr\/?product=boucles-doreilles-boheme-chic-ceremonie","name":"Boucles d'oreilles boh\u00e8me chic - C\u00e9r\u00e9monie - Amaryllis Bijoux","isPartOf":{"@id":"https:\/\/www.amaryllisbijoux.fr\/#website"},"primaryImageOfPage":{"@id":"https:\/\/www.amaryllisbijoux.fr\/?product=boucles-doreilles-boheme-chic-ceremonie#primaryimage"},"image":{"@id":"https:\/\/www.amaryllisbijoux.fr\/?product=boucles-doreilles-boheme-chic-ceremonie#primaryimage"},"thumbnailUrl":"https:\/\/www.amaryllisbijoux.fr\/wp-content\/uploads\/2026\/03\/20260305_142159580_iOS1-scaled.webp","datePublished":"2026-03-11T17:30:54+00:00","description":"Boucles d\u2019oreilles boh\u00e8me chic en r\u00e9sine transparente avec paillettes dor\u00e9es. Bijoux lumineux en acier inoxydable, parfaits pour c\u00e9r\u00e9monie, \u00e9t\u00e9 et style boh\u00e8me.","breadcrumb":{"@id":"https:\/\/www.amaryllisbijoux.fr\/?product=boucles-doreilles-boheme-chic-ceremonie#breadcrumb"},"inLanguage":"fr-FR","potentialAction":[{"@type":"ReadAction","target":["https:\/\/www.amaryllisbijoux.fr\/?product=boucles-doreilles-boheme-chic-ceremonie"]}]},{"@type":"ImageObject","inLanguage":"fr-FR","@id":"https:\/\/www.amaryllisbijoux.fr\/?product=boucles-doreilles-boheme-chic-ceremonie#primaryimage","url":"https:\/\/www.amaryllisbijoux.fr\/wp-content\/uploads\/2026\/03\/20260305_142159580_iOS1-scaled.webp","contentUrl":"https:\/\/www.amaryllisbijoux.fr\/wp-content\/uploads\/2026\/03\/20260305_142159580_iOS1-scaled.webp","width":1892,"height":2560,"caption":"boheme chic"},{"@type":"BreadcrumbList","@id":"https:\/\/www.amaryllisbijoux.fr\/?product=boucles-doreilles-boheme-chic-ceremonie#breadcrumb","itemListElement":[{"@type":"ListItem","position":1,"name":"Accueil","item":"https:\/\/www.amaryllisbijoux.fr\/"},{"@type":"ListItem","position":2,"name":"Boutique","item":"https:\/\/www.amaryllisbijoux.fr\/?page_id=343"},{"@type":"ListItem","position":3,"name":"Boucles d&rsquo;oreilles boh\u00e8me chic &#8211; C\u00e9r\u00e9monie"}]},{"@type":"WebSite","@id":"https:\/\/www.amaryllisbijoux.fr\/#website","url":"https:\/\/www.amaryllisbijoux.fr\/","name":"Amaryllis Bijoux","description":"","potentialAction":[{"@type":"SearchAction","target":{"@type":"EntryPoint","urlTemplate":"https:\/\/www.amaryllisbijoux.fr\/?s={search_term_string}"},"query-input":{"@type":"PropertyValueSpecification","valueRequired":true,"valueName":"search_term_string"}}],"inLanguage":"fr-FR"}]}},"jetpack_sharing_enabled":true,"_links":{"self":[{"href":"https:\/\/www.amaryllisbijoux.fr\/index.php?rest_route=\/wp\/v2\/product\/1558","targetHints":{"allow":["GET"]}}],"collection":[{"href":"https:\/\/www.amaryllisbijoux.fr\/index.php?rest_route=\/wp\/v2\/product"}],"about":[{"href":"https:\/\/www.amaryllisbijoux.fr\/index.php?rest_route=\/wp\/v2\/types\/product"}],"replies":[{"embeddable":true,"href":"https:\/\/www.amaryllisbijoux.fr\/index.php?rest_route=%2Fwp%2Fv2%2Fcomments&post=1558"}],"wp:featuredmedia":[{"embeddable":true,"href":"https:\/\/www.amaryllisbijoux.fr\/index.php?rest_route=\/wp\/v2\/media\/1541"}],"wp:attachment":[{"href":"https:\/\/www.amaryllisbijoux.fr\/index.php?rest_route=%2Fwp%2Fv2%2Fmedia&parent=1558"}],"wp:term":[{"taxonomy":"product_brand","embeddable":true,"href":"https:\/\/www.amaryllisbijoux.fr\/index.php?rest_route=%2Fwp%2Fv2%2Fproduct_brand&post=1558"},{"taxonomy":"product_cat","embeddable":true,"href":"https:\/\/www.amaryllisbijoux.fr\/index.php?rest_route=%2Fwp%2Fv2%2Fproduct_cat&post=1558"},{"taxonomy":"product_tag","embeddable":true,"href":"https:\/\/www.amaryllisbijoux.fr\/index.php?rest_route=%2Fwp%2Fv2%2Fproduct_tag&post=1558"}],"curies":[{"name":"wp","href":"https:\/\/api.w.org\/{rel}","templated":true}]}}