{"id":1681,"date":"2026-03-26T17:10:27","date_gmt":"2026-03-26T16:10:27","guid":{"rendered":"https:\/\/www.amaryllisbijoux.fr\/?post_type=product&#038;p=1681"},"modified":"2026-04-05T14:21:44","modified_gmt":"2026-04-05T12:21:44","slug":"creoles-oreilles-non-percees","status":"publish","type":"product","link":"https:\/\/www.amaryllisbijoux.fr\/?product=creoles-oreilles-non-percees","title":{"rendered":"Cr\u00e9oles oreilles non perc\u00e9es au choix"},"content":{"rendered":"<h1 data-section-id=\"crdbi0\" data-start=\"155\" data-end=\"235\">Oreilles non perc\u00e9es \u2013 cr\u00e9oles en acier inoxydable \u00e9l\u00e9gantes et confortables<\/h1>\n<h2 data-section-id=\"6xvgf3\" data-start=\"237\" data-end=\"291\">Une solution id\u00e9ale pour les oreilles non perc\u00e9es<\/h2>\n<p data-start=\"293\" data-end=\"497\">Les <strong data-start=\"297\" data-end=\"321\">oreilles non perc\u00e9es<\/strong> peuvent d\u00e9sormais \u00eatre sublim\u00e9es avec \u00e9l\u00e9gance. En effet, ces <strong data-start=\"384\" data-end=\"404\">cr\u00e9oles adapt\u00e9es<\/strong> ont \u00e9t\u00e9 sp\u00e9cialement con\u00e7ues pour offrir un rendu esth\u00e9tique sans avoir besoin de per\u00e7age.<\/p>\n<p data-start=\"499\" data-end=\"640\">Ainsi, une alternative pratique et confortable est propos\u00e9e. De plus, un style tendance est conserv\u00e9, tout en garantissant un bon maintien.<\/p>\n<p data-start=\"642\" data-end=\"821\">Gr\u00e2ce \u00e0 leur design soign\u00e9, ces cr\u00e9oles peuvent \u00eatre port\u00e9es aussi bien au quotidien que lors d\u2019occasions sp\u00e9ciales. Par cons\u00e9quent, elles s\u2019adaptent facilement \u00e0 tous les styles.<\/p>\n<hr data-start=\"823\" data-end=\"826\" \/>\n<h2 data-section-id=\"nur2nh\" data-start=\"828\" data-end=\"883\">Diff\u00e9rentes tailles et coloris pour tous les go\u00fbts<\/h2>\n<p data-start=\"885\" data-end=\"969\">Ensuite, plusieurs options ont \u00e9t\u00e9 propos\u00e9es afin de r\u00e9pondre \u00e0 toutes les envies.<\/p>\n<p data-start=\"971\" data-end=\"1011\">Diff\u00e9rentes tailles sont disponibles :<\/p>\n<ul data-start=\"1012\" data-end=\"1148\">\n<li data-section-id=\"1w6r2bo\" data-start=\"1012\" data-end=\"1040\"><strong data-start=\"1014\" data-end=\"1038\">Cr\u00e9oles dor\u00e9es 25 mm<\/strong><\/li>\n<li data-section-id=\"v0tqz7\" data-start=\"1041\" data-end=\"1072\"><strong data-start=\"1043\" data-end=\"1070\">Cr\u00e9oles argent\u00e9es 20 mm<\/strong><\/li>\n<li data-section-id=\"585ica\" data-start=\"1073\" data-end=\"1148\"><strong data-start=\"1075\" data-end=\"1120\">Petites cr\u00e9oles 13 mm dor\u00e9es et argent\u00e9es<\/strong>, id\u00e9ales pour les enfants<\/li>\n<\/ul>\n<p data-start=\"1150\" data-end=\"1320\">Ainsi, chaque personne peut trouver la taille qui lui convient. De plus, les plus petites tailles ont \u00e9t\u00e9 pens\u00e9es sp\u00e9cialement pour un confort optimal chez les enfants.<\/p>\n<p data-start=\"1322\" data-end=\"1424\">Cependant, pour des raisons de s\u00e9curit\u00e9, ces cr\u00e9oles sont <strong data-start=\"1380\" data-end=\"1423\">fortement conseill\u00e9es \u00e0 partir de 8 ans<\/strong>.<\/p>\n<hr data-start=\"1426\" data-end=\"1429\" \/>\n<h2 data-section-id=\"730hkt\" data-start=\"1431\" data-end=\"1476\">Un mat\u00e9riau durable : l\u2019acier inoxydable<\/h2>\n<p data-start=\"1478\" data-end=\"1628\">Toutes les cr\u00e9oles pour <strong data-start=\"1502\" data-end=\"1526\">oreilles non perc\u00e9es<\/strong> sont fabriqu\u00e9es en <strong data-start=\"1546\" data-end=\"1566\">acier inoxydable<\/strong>. Ce mat\u00e9riau a \u00e9t\u00e9 s\u00e9lectionn\u00e9 pour ses nombreux avantages.<\/p>\n<p data-start=\"1630\" data-end=\"1783\">Tout d\u2019abord, une excellente r\u00e9sistance \u00e0 l\u2019eau et \u00e0 l\u2019humidit\u00e9 est assur\u00e9e. Ainsi, les bijoux ne rouillent pas et conservent leur \u00e9clat dans le temps.<\/p>\n<p data-start=\"1785\" data-end=\"1927\">Ensuite, l\u2019acier inoxydable est reconnu pour \u00eatre <strong data-start=\"1835\" data-end=\"1855\">hypoallerg\u00e9nique<\/strong>. Par cons\u00e9quent, il convient \u00e0 la majorit\u00e9 des peaux, m\u00eame sensibles.<\/p>\n<p data-start=\"1929\" data-end=\"2035\">De plus, une grande solidit\u00e9 est garantie. Cela permet une utilisation durable sans alt\u00e9ration du bijou.<\/p>\n<p data-start=\"2037\" data-end=\"2116\">Enfin, son entretien est simple, ce qui en fait un choix pratique au quotidien.<\/p>\n<hr data-start=\"2118\" data-end=\"2121\" \/>\n<h2 data-section-id=\"1sw8kuq\" data-start=\"2123\" data-end=\"2172\">Des cr\u00e9oles \u00e0 personnaliser selon vos envies<\/h2>\n<p data-start=\"2174\" data-end=\"2339\">Par ailleurs, ces cr\u00e9oles peuvent \u00eatre facilement associ\u00e9es \u00e0 des <strong data-start=\"2240\" data-end=\"2280\">pampilles ou charms interchangeables<\/strong>. Ainsi, un bijou unique peut \u00eatre cr\u00e9\u00e9 selon vos envies.<\/p>\n<p data-start=\"2341\" data-end=\"2428\">Gr\u00e2ce \u00e0 cette modularit\u00e9, diff\u00e9rents styles peuvent \u00eatre adopt\u00e9s avec une seule base.<\/p>\n<p data-start=\"2430\" data-end=\"2513\">Cette flexibilit\u00e9 permet de varier les looks tout en conservant le m\u00eame accessoire.<\/p>\n<hr data-start=\"2515\" data-end=\"2518\" \/>\n<h2 data-section-id=\"hydc63\" data-start=\"2520\" data-end=\"2561\">Une cr\u00e9ation pratique et polyvalente<\/h2>\n<p data-start=\"2563\" data-end=\"2664\">Enfin, ces cr\u00e9oles pour <strong data-start=\"2587\" data-end=\"2611\">oreilles non perc\u00e9es<\/strong> ont \u00e9t\u00e9 pens\u00e9es pour allier confort et esth\u00e9tique.<\/p>\n<p data-start=\"2666\" data-end=\"2839\">Elles offrent une solution id\u00e9ale pour celles qui ne souhaitent pas percer leurs oreilles. De plus, elles permettent de profiter pleinement des tendances bijoux actuelles.<\/p>\n<p data-start=\"2841\" data-end=\"2902\">Ainsi, \u00e9l\u00e9gance et praticit\u00e9 sont r\u00e9unies dans un m\u00eame bijou.<\/p>\n","protected":false},"excerpt":{"rendered":"<p>Cr\u00e9oles pour oreilles non perc\u00e9es en acier inoxydable, disponibles en plusieurs tailles et coloris. Confortables, durables et \u00e9l\u00e9gantes.<\/p>\n","protected":false},"featured_media":1682,"comment_status":"open","ping_status":"closed","template":"","meta":[],"product_brand":[],"product_cat":[23],"product_tag":[],"class_list":{"0":"post-1681","1":"product","2":"type-product","3":"status-publish","4":"has-post-thumbnail","6":"product_cat-creoles-interchangeables","8":"first","9":"instock","10":"shipping-taxable","11":"purchasable","12":"product-type-variable"},"yoast_head":"<!-- This site is optimized with the Yoast SEO plugin v27.3 - https:\/\/yoast.com\/product\/yoast-seo-wordpress\/ -->\n<title>Cr\u00e9oles oreilles non perc\u00e9es au choix - Amaryllis Bijoux<\/title>\n<meta name=\"description\" content=\"Cr\u00e9oles pour oreilles non perc\u00e9es en acier inoxydable. Diff\u00e9rentes tailles 25 mm, 20 mm et 13 mm, adapt\u00e9es aux adultes et enfants d\u00e8s 8 ans.\" \/>\n<meta name=\"robots\" content=\"index, follow, max-snippet:-1, max-image-preview:large, max-video-preview:-1\" \/>\n<link rel=\"canonical\" href=\"https:\/\/www.amaryllisbijoux.fr\/?product=creoles-oreilles-non-percees\" \/>\n<meta property=\"og:locale\" content=\"fr_FR\" \/>\n<meta property=\"og:type\" content=\"article\" \/>\n<meta property=\"og:title\" content=\"Cr\u00e9oles oreilles non perc\u00e9es au choix - Amaryllis Bijoux\" \/>\n<meta property=\"og:description\" content=\"Cr\u00e9oles pour oreilles non perc\u00e9es en acier inoxydable. Diff\u00e9rentes tailles 25 mm, 20 mm et 13 mm, adapt\u00e9es aux adultes et enfants d\u00e8s 8 ans.\" \/>\n<meta property=\"og:url\" content=\"https:\/\/www.amaryllisbijoux.fr\/?product=creoles-oreilles-non-percees\" \/>\n<meta property=\"og:site_name\" content=\"Amaryllis Bijoux\" \/>\n<meta property=\"article:modified_time\" content=\"2026-04-05T12:21:44+00:00\" \/>\n<meta property=\"og:image\" content=\"https:\/\/www.amaryllisbijoux.fr\/wp-content\/uploads\/2026\/03\/20260326_145537397_iOS1-scaled.webp\" \/>\n\t<meta property=\"og:image:width\" content=\"1920\" \/>\n\t<meta property=\"og:image:height\" content=\"2560\" \/>\n\t<meta property=\"og:image:type\" content=\"image\/webp\" \/>\n<meta name=\"twitter:card\" content=\"summary_large_image\" \/>\n<meta name=\"twitter:label1\" content=\"Dur\u00e9e de lecture estim\u00e9e\" \/>\n\t<meta name=\"twitter:data1\" content=\"3 minutes\" \/>\n<script type=\"application\/ld+json\" class=\"yoast-schema-graph\">{\"@context\":\"https:\\\/\\\/schema.org\",\"@graph\":[{\"@type\":\"WebPage\",\"@id\":\"https:\\\/\\\/www.amaryllisbijoux.fr\\\/?product=creoles-oreilles-non-percees\",\"url\":\"https:\\\/\\\/www.amaryllisbijoux.fr\\\/?product=creoles-oreilles-non-percees\",\"name\":\"Cr\u00e9oles oreilles non perc\u00e9es au choix - Amaryllis Bijoux\",\"isPartOf\":{\"@id\":\"https:\\\/\\\/www.amaryllisbijoux.fr\\\/#website\"},\"primaryImageOfPage\":{\"@id\":\"https:\\\/\\\/www.amaryllisbijoux.fr\\\/?product=creoles-oreilles-non-percees#primaryimage\"},\"image\":{\"@id\":\"https:\\\/\\\/www.amaryllisbijoux.fr\\\/?product=creoles-oreilles-non-percees#primaryimage\"},\"thumbnailUrl\":\"https:\\\/\\\/www.amaryllisbijoux.fr\\\/wp-content\\\/uploads\\\/2026\\\/03\\\/20260326_145537397_iOS1-scaled.webp\",\"datePublished\":\"2026-03-26T16:10:27+00:00\",\"dateModified\":\"2026-04-05T12:21:44+00:00\",\"description\":\"Cr\u00e9oles pour oreilles non perc\u00e9es en acier inoxydable. Diff\u00e9rentes tailles 25 mm, 20 mm et 13 mm, adapt\u00e9es aux adultes et enfants d\u00e8s 8 ans.\",\"breadcrumb\":{\"@id\":\"https:\\\/\\\/www.amaryllisbijoux.fr\\\/?product=creoles-oreilles-non-percees#breadcrumb\"},\"inLanguage\":\"fr-FR\",\"potentialAction\":[{\"@type\":\"ReadAction\",\"target\":[\"https:\\\/\\\/www.amaryllisbijoux.fr\\\/?product=creoles-oreilles-non-percees\"]}]},{\"@type\":\"ImageObject\",\"inLanguage\":\"fr-FR\",\"@id\":\"https:\\\/\\\/www.amaryllisbijoux.fr\\\/?product=creoles-oreilles-non-percees#primaryimage\",\"url\":\"https:\\\/\\\/www.amaryllisbijoux.fr\\\/wp-content\\\/uploads\\\/2026\\\/03\\\/20260326_145537397_iOS1-scaled.webp\",\"contentUrl\":\"https:\\\/\\\/www.amaryllisbijoux.fr\\\/wp-content\\\/uploads\\\/2026\\\/03\\\/20260326_145537397_iOS1-scaled.webp\",\"width\":1920,\"height\":2560,\"caption\":\"cr\u00e9oles\"},{\"@type\":\"BreadcrumbList\",\"@id\":\"https:\\\/\\\/www.amaryllisbijoux.fr\\\/?product=creoles-oreilles-non-percees#breadcrumb\",\"itemListElement\":[{\"@type\":\"ListItem\",\"position\":1,\"name\":\"Accueil\",\"item\":\"https:\\\/\\\/www.amaryllisbijoux.fr\\\/\"},{\"@type\":\"ListItem\",\"position\":2,\"name\":\"Boutique\",\"item\":\"https:\\\/\\\/www.amaryllisbijoux.fr\\\/?page_id=343\"},{\"@type\":\"ListItem\",\"position\":3,\"name\":\"Cr\u00e9oles oreilles non perc\u00e9es au choix\"}]},{\"@type\":\"WebSite\",\"@id\":\"https:\\\/\\\/www.amaryllisbijoux.fr\\\/#website\",\"url\":\"https:\\\/\\\/www.amaryllisbijoux.fr\\\/\",\"name\":\"Amaryllis Bijoux\",\"description\":\"\",\"potentialAction\":[{\"@type\":\"SearchAction\",\"target\":{\"@type\":\"EntryPoint\",\"urlTemplate\":\"https:\\\/\\\/www.amaryllisbijoux.fr\\\/?s={search_term_string}\"},\"query-input\":{\"@type\":\"PropertyValueSpecification\",\"valueRequired\":true,\"valueName\":\"search_term_string\"}}],\"inLanguage\":\"fr-FR\"}]}<\/script>\n<!-- \/ Yoast SEO plugin. -->","yoast_head_json":{"title":"Cr\u00e9oles oreilles non perc\u00e9es au choix - Amaryllis Bijoux","description":"Cr\u00e9oles pour oreilles non perc\u00e9es en acier inoxydable. Diff\u00e9rentes tailles 25 mm, 20 mm et 13 mm, adapt\u00e9es aux adultes et enfants d\u00e8s 8 ans.","robots":{"index":"index","follow":"follow","max-snippet":"max-snippet:-1","max-image-preview":"max-image-preview:large","max-video-preview":"max-video-preview:-1"},"canonical":"https:\/\/www.amaryllisbijoux.fr\/?product=creoles-oreilles-non-percees","og_locale":"fr_FR","og_type":"article","og_title":"Cr\u00e9oles oreilles non perc\u00e9es au choix - Amaryllis Bijoux","og_description":"Cr\u00e9oles pour oreilles non perc\u00e9es en acier inoxydable. Diff\u00e9rentes tailles 25 mm, 20 mm et 13 mm, adapt\u00e9es aux adultes et enfants d\u00e8s 8 ans.","og_url":"https:\/\/www.amaryllisbijoux.fr\/?product=creoles-oreilles-non-percees","og_site_name":"Amaryllis Bijoux","article_modified_time":"2026-04-05T12:21:44+00:00","og_image":[{"width":1920,"height":2560,"url":"https:\/\/www.amaryllisbijoux.fr\/wp-content\/uploads\/2026\/03\/20260326_145537397_iOS1-scaled.webp","type":"image\/webp"}],"twitter_card":"summary_large_image","twitter_misc":{"Dur\u00e9e de lecture estim\u00e9e":"3 minutes"},"schema":{"@context":"https:\/\/schema.org","@graph":[{"@type":"WebPage","@id":"https:\/\/www.amaryllisbijoux.fr\/?product=creoles-oreilles-non-percees","url":"https:\/\/www.amaryllisbijoux.fr\/?product=creoles-oreilles-non-percees","name":"Cr\u00e9oles oreilles non perc\u00e9es au choix - Amaryllis Bijoux","isPartOf":{"@id":"https:\/\/www.amaryllisbijoux.fr\/#website"},"primaryImageOfPage":{"@id":"https:\/\/www.amaryllisbijoux.fr\/?product=creoles-oreilles-non-percees#primaryimage"},"image":{"@id":"https:\/\/www.amaryllisbijoux.fr\/?product=creoles-oreilles-non-percees#primaryimage"},"thumbnailUrl":"https:\/\/www.amaryllisbijoux.fr\/wp-content\/uploads\/2026\/03\/20260326_145537397_iOS1-scaled.webp","datePublished":"2026-03-26T16:10:27+00:00","dateModified":"2026-04-05T12:21:44+00:00","description":"Cr\u00e9oles pour oreilles non perc\u00e9es en acier inoxydable. Diff\u00e9rentes tailles 25 mm, 20 mm et 13 mm, adapt\u00e9es aux adultes et enfants d\u00e8s 8 ans.","breadcrumb":{"@id":"https:\/\/www.amaryllisbijoux.fr\/?product=creoles-oreilles-non-percees#breadcrumb"},"inLanguage":"fr-FR","potentialAction":[{"@type":"ReadAction","target":["https:\/\/www.amaryllisbijoux.fr\/?product=creoles-oreilles-non-percees"]}]},{"@type":"ImageObject","inLanguage":"fr-FR","@id":"https:\/\/www.amaryllisbijoux.fr\/?product=creoles-oreilles-non-percees#primaryimage","url":"https:\/\/www.amaryllisbijoux.fr\/wp-content\/uploads\/2026\/03\/20260326_145537397_iOS1-scaled.webp","contentUrl":"https:\/\/www.amaryllisbijoux.fr\/wp-content\/uploads\/2026\/03\/20260326_145537397_iOS1-scaled.webp","width":1920,"height":2560,"caption":"cr\u00e9oles"},{"@type":"BreadcrumbList","@id":"https:\/\/www.amaryllisbijoux.fr\/?product=creoles-oreilles-non-percees#breadcrumb","itemListElement":[{"@type":"ListItem","position":1,"name":"Accueil","item":"https:\/\/www.amaryllisbijoux.fr\/"},{"@type":"ListItem","position":2,"name":"Boutique","item":"https:\/\/www.amaryllisbijoux.fr\/?page_id=343"},{"@type":"ListItem","position":3,"name":"Cr\u00e9oles oreilles non perc\u00e9es au choix"}]},{"@type":"WebSite","@id":"https:\/\/www.amaryllisbijoux.fr\/#website","url":"https:\/\/www.amaryllisbijoux.fr\/","name":"Amaryllis Bijoux","description":"","potentialAction":[{"@type":"SearchAction","target":{"@type":"EntryPoint","urlTemplate":"https:\/\/www.amaryllisbijoux.fr\/?s={search_term_string}"},"query-input":{"@type":"PropertyValueSpecification","valueRequired":true,"valueName":"search_term_string"}}],"inLanguage":"fr-FR"}]}},"jetpack_sharing_enabled":true,"_links":{"self":[{"href":"https:\/\/www.amaryllisbijoux.fr\/index.php?rest_route=\/wp\/v2\/product\/1681","targetHints":{"allow":["GET"]}}],"collection":[{"href":"https:\/\/www.amaryllisbijoux.fr\/index.php?rest_route=\/wp\/v2\/product"}],"about":[{"href":"https:\/\/www.amaryllisbijoux.fr\/index.php?rest_route=\/wp\/v2\/types\/product"}],"replies":[{"embeddable":true,"href":"https:\/\/www.amaryllisbijoux.fr\/index.php?rest_route=%2Fwp%2Fv2%2Fcomments&post=1681"}],"wp:featuredmedia":[{"embeddable":true,"href":"https:\/\/www.amaryllisbijoux.fr\/index.php?rest_route=\/wp\/v2\/media\/1682"}],"wp:attachment":[{"href":"https:\/\/www.amaryllisbijoux.fr\/index.php?rest_route=%2Fwp%2Fv2%2Fmedia&parent=1681"}],"wp:term":[{"taxonomy":"product_brand","embeddable":true,"href":"https:\/\/www.amaryllisbijoux.fr\/index.php?rest_route=%2Fwp%2Fv2%2Fproduct_brand&post=1681"},{"taxonomy":"product_cat","embeddable":true,"href":"https:\/\/www.amaryllisbijoux.fr\/index.php?rest_route=%2Fwp%2Fv2%2Fproduct_cat&post=1681"},{"taxonomy":"product_tag","embeddable":true,"href":"https:\/\/www.amaryllisbijoux.fr\/index.php?rest_route=%2Fwp%2Fv2%2Fproduct_tag&post=1681"}],"curies":[{"name":"wp","href":"https:\/\/api.w.org\/{rel}","templated":true}]}}