{"id":173,"date":"2025-10-01T21:07:51","date_gmt":"2025-10-01T19:07:51","guid":{"rendered":"https:\/\/www.amaryllisbijoux.fr\/?product=marguerite-%e2%9c%a8brille-dans-la-nuit%e2%9c%a8"},"modified":"2025-10-07T18:26:03","modified_gmt":"2025-10-07T16:26:03","slug":"bijoux-brille-nuit-noir-fleur-marguerite","status":"publish","type":"product","link":"https:\/\/www.amaryllisbijoux.fr\/?product=bijoux-brille-nuit-noir-fleur-marguerite","title":{"rendered":"Marguerite -\u2728Brille dans la nuit\u2728"},"content":{"rendered":"<h3 data-start=\"179\" data-end=\"263\"><strong data-start=\"183\" data-end=\"261\">Bijoux brille dans la nuit \u2013 Marguerites phosphorescentes et fluorescentes<\/strong><\/h3>\n<p data-start=\"265\" data-end=\"558\">Craquez pour nos <strong data-start=\"282\" data-end=\"312\">bijoux brille dans la nuit<\/strong> en forme de <strong data-start=\"325\" data-end=\"339\">marguerite<\/strong>, r\u00e9alis\u00e9s \u00e0 la main en p\u00e2te polym\u00e8re et renforc\u00e9s par une fine couche de r\u00e9sine pour plus de r\u00e9sistance. Ces pampilles lumineuses mettent en valeur la d\u00e9licatesse de la marguerite, symbole d\u2019\u00e9l\u00e9gance et de fra\u00eecheur.<\/p>\n<p data-start=\"560\" data-end=\"599\">\ud83c\udf38 <strong data-start=\"563\" data-end=\"597\">Deux effets lumineux uniques :<\/strong><\/p>\n<ul data-start=\"600\" data-end=\"893\">\n<li data-start=\"600\" data-end=\"725\">\n<p data-start=\"602\" data-end=\"725\"><strong data-start=\"602\" data-end=\"636\">Marguerite orange fluorescente<\/strong> : r\u00e9agit \u00e0 la lumi\u00e8re bleue (UV) et brille instantan\u00e9ment d\u2019un \u00e9clat vif et dynamique.<\/p>\n<\/li>\n<li data-start=\"726\" data-end=\"893\">\n<p data-start=\"728\" data-end=\"893\"><strong data-start=\"728\" data-end=\"766\">Marguerite blanche phosphorescente<\/strong> : capte la lumi\u00e8re naturelle ou artificielle et restitue une douce lueur dans l\u2019obscurit\u00e9 pour un effet magique et po\u00e9tique.<\/p>\n<\/li>\n<\/ul>\n<p data-start=\"895\" data-end=\"1177\">\u2728 <strong data-start=\"897\" data-end=\"911\">Pour qui ?<\/strong><br data-start=\"911\" data-end=\"914\" \/>Ces <strong data-start=\"918\" data-end=\"937\">bijoux lumineux<\/strong> en forme de marguerite sont parfaits pour celles et ceux qui aiment les cr\u00e9ations artisanales, la fantaisie florale et l\u2019originalit\u00e9. Ils s\u00e9duisent aussi bien les passionn\u00e9s de nature que les amateurs de bijoux uniques qui se d\u00e9marquent.<\/p>\n<p data-start=\"1179\" data-end=\"1310\">\ud83c\udf89 <strong data-start=\"1182\" data-end=\"1208\">Pour quelle occasion ?<\/strong><br data-start=\"1208\" data-end=\"1211\" \/>Les <strong data-start=\"1215\" data-end=\"1264\">marguerites phosphorescentes ou fluorescentes<\/strong> subliment vos looks en toute circonstance :<\/p>\n<ul data-start=\"1311\" data-end=\"1515\">\n<li data-start=\"1311\" data-end=\"1369\">\n<p data-start=\"1313\" data-end=\"1369\">Lors d\u2019une <strong data-start=\"1324\" data-end=\"1345\">soir\u00e9e entre amis<\/strong> ou d\u2019un <strong data-start=\"1354\" data-end=\"1366\">festival<\/strong>,<\/p>\n<\/li>\n<li data-start=\"1370\" data-end=\"1423\">\n<p data-start=\"1372\" data-end=\"1423\">Pour un <strong data-start=\"1380\" data-end=\"1391\">concert<\/strong> ou un <strong data-start=\"1398\" data-end=\"1420\">\u00e9v\u00e9nement nocturne<\/strong>,<\/p>\n<\/li>\n<li data-start=\"1424\" data-end=\"1515\">\n<p data-start=\"1426\" data-end=\"1515\">Ou simplement pour illuminer vos tenues du quotidien d\u2019une touche magique et originale.<\/p>\n<\/li>\n<\/ul>\n<p data-start=\"1517\" data-end=\"1672\">Ces <strong data-start=\"1521\" data-end=\"1551\">bijoux brille dans la nuit<\/strong> en forme de marguerite sont de v\u00e9ritables petites \u0153uvres d\u2019art lumineuses, \u00e0 porter ou \u00e0 offrir pour un cadeau unique.<\/p>\n<p data-start=\"1517\" data-end=\"1672\">N.B : Les couleurs peuvent varier entre les photos et la r\u00e9alit\u00e9. Les bijoux sont fabriqu\u00e9s puis exp\u00e9di\u00e9s sous 15 jours.<\/p>\n","protected":false},"excerpt":{"rendered":"<p>Bijoux brillent dans la nuit en forme de marguerite. En blanc phosphorescent ou orange fluorescent, elles illuminent vos soir\u00e9es avec \u00e9l\u00e9gance et originalit\u00e9.<\/p>\n","protected":false},"featured_media":172,"comment_status":"open","ping_status":"closed","template":"","meta":[],"product_brand":[],"product_cat":[19],"product_tag":[],"class_list":{"0":"post-173","1":"product","2":"type-product","3":"status-publish","4":"has-post-thumbnail","6":"product_cat-brille-dans-la-nuit","8":"first","9":"instock","10":"shipping-taxable","11":"purchasable","12":"product-type-variable"},"yoast_head":"<!-- This site is optimized with the Yoast SEO plugin v27.3 - https:\/\/yoast.com\/product\/yoast-seo-wordpress\/ -->\n<title>Marguerite brille dans la nuit - Phosphorescente - Fluorescente<\/title>\n<meta name=\"description\" content=\"Boucles d&#039;oreilles en forme de fleur, marguerite, qui brille dans le noir\/la nuit. Phosphorescente ou fluorescente. Id\u00e9ale pour des soir\u00e9es festives.\" \/>\n<meta name=\"robots\" content=\"index, follow, max-snippet:-1, max-image-preview:large, max-video-preview:-1\" \/>\n<link rel=\"canonical\" href=\"https:\/\/www.amaryllisbijoux.fr\/?product=bijoux-brille-nuit-noir-fleur-marguerite\" \/>\n<meta property=\"og:locale\" content=\"fr_FR\" \/>\n<meta property=\"og:type\" content=\"article\" \/>\n<meta property=\"og:title\" content=\"Marguerite brille dans la nuit - Phosphorescente - Fluorescente\" \/>\n<meta property=\"og:description\" content=\"Boucles d&#039;oreilles en forme de fleur, marguerite, qui brille dans le noir\/la nuit. Phosphorescente ou fluorescente. Id\u00e9ale pour des soir\u00e9es festives.\" \/>\n<meta property=\"og:url\" content=\"https:\/\/www.amaryllisbijoux.fr\/?product=bijoux-brille-nuit-noir-fleur-marguerite\" \/>\n<meta property=\"og:site_name\" content=\"Amaryllis Bijoux\" \/>\n<meta property=\"article:modified_time\" content=\"2025-10-07T16:26:03+00:00\" \/>\n<meta property=\"og:image\" content=\"https:\/\/www.amaryllisbijoux.fr\/wp-content\/uploads\/2025\/10\/img_8405-scaled.jpeg\" \/>\n\t<meta property=\"og:image:width\" content=\"2251\" \/>\n\t<meta property=\"og:image:height\" content=\"2560\" \/>\n\t<meta property=\"og:image:type\" content=\"image\/jpeg\" \/>\n<meta name=\"twitter:card\" content=\"summary_large_image\" \/>\n<meta name=\"twitter:label1\" content=\"Dur\u00e9e de lecture estim\u00e9e\" \/>\n\t<meta name=\"twitter:data1\" content=\"2 minutes\" \/>\n<script type=\"application\/ld+json\" class=\"yoast-schema-graph\">{\"@context\":\"https:\\\/\\\/schema.org\",\"@graph\":[{\"@type\":\"WebPage\",\"@id\":\"https:\\\/\\\/www.amaryllisbijoux.fr\\\/?product=bijoux-brille-nuit-noir-fleur-marguerite\",\"url\":\"https:\\\/\\\/www.amaryllisbijoux.fr\\\/?product=bijoux-brille-nuit-noir-fleur-marguerite\",\"name\":\"Marguerite brille dans la nuit - Phosphorescente - Fluorescente\",\"isPartOf\":{\"@id\":\"https:\\\/\\\/www.amaryllisbijoux.fr\\\/#website\"},\"primaryImageOfPage\":{\"@id\":\"https:\\\/\\\/www.amaryllisbijoux.fr\\\/?product=bijoux-brille-nuit-noir-fleur-marguerite#primaryimage\"},\"image\":{\"@id\":\"https:\\\/\\\/www.amaryllisbijoux.fr\\\/?product=bijoux-brille-nuit-noir-fleur-marguerite#primaryimage\"},\"thumbnailUrl\":\"https:\\\/\\\/www.amaryllisbijoux.fr\\\/wp-content\\\/uploads\\\/2025\\\/10\\\/img_8405-scaled.jpeg\",\"datePublished\":\"2025-10-01T19:07:51+00:00\",\"dateModified\":\"2025-10-07T16:26:03+00:00\",\"description\":\"Boucles d'oreilles en forme de fleur, marguerite, qui brille dans le noir\\\/la nuit. Phosphorescente ou fluorescente. Id\u00e9ale pour des soir\u00e9es festives.\",\"breadcrumb\":{\"@id\":\"https:\\\/\\\/www.amaryllisbijoux.fr\\\/?product=bijoux-brille-nuit-noir-fleur-marguerite#breadcrumb\"},\"inLanguage\":\"fr-FR\",\"potentialAction\":[{\"@type\":\"ReadAction\",\"target\":[\"https:\\\/\\\/www.amaryllisbijoux.fr\\\/?product=bijoux-brille-nuit-noir-fleur-marguerite\"]}]},{\"@type\":\"ImageObject\",\"inLanguage\":\"fr-FR\",\"@id\":\"https:\\\/\\\/www.amaryllisbijoux.fr\\\/?product=bijoux-brille-nuit-noir-fleur-marguerite#primaryimage\",\"url\":\"https:\\\/\\\/www.amaryllisbijoux.fr\\\/wp-content\\\/uploads\\\/2025\\\/10\\\/img_8405-scaled.jpeg\",\"contentUrl\":\"https:\\\/\\\/www.amaryllisbijoux.fr\\\/wp-content\\\/uploads\\\/2025\\\/10\\\/img_8405-scaled.jpeg\",\"width\":2251,\"height\":2560},{\"@type\":\"BreadcrumbList\",\"@id\":\"https:\\\/\\\/www.amaryllisbijoux.fr\\\/?product=bijoux-brille-nuit-noir-fleur-marguerite#breadcrumb\",\"itemListElement\":[{\"@type\":\"ListItem\",\"position\":1,\"name\":\"Accueil\",\"item\":\"https:\\\/\\\/www.amaryllisbijoux.fr\\\/\"},{\"@type\":\"ListItem\",\"position\":2,\"name\":\"Boutique\",\"item\":\"https:\\\/\\\/www.amaryllisbijoux.fr\\\/?page_id=343\"},{\"@type\":\"ListItem\",\"position\":3,\"name\":\"Marguerite -\u2728Brille dans la nuit\u2728\"}]},{\"@type\":\"WebSite\",\"@id\":\"https:\\\/\\\/www.amaryllisbijoux.fr\\\/#website\",\"url\":\"https:\\\/\\\/www.amaryllisbijoux.fr\\\/\",\"name\":\"Amaryllis Bijoux\",\"description\":\"\",\"potentialAction\":[{\"@type\":\"SearchAction\",\"target\":{\"@type\":\"EntryPoint\",\"urlTemplate\":\"https:\\\/\\\/www.amaryllisbijoux.fr\\\/?s={search_term_string}\"},\"query-input\":{\"@type\":\"PropertyValueSpecification\",\"valueRequired\":true,\"valueName\":\"search_term_string\"}}],\"inLanguage\":\"fr-FR\"}]}<\/script>\n<!-- \/ Yoast SEO plugin. -->","yoast_head_json":{"title":"Marguerite brille dans la nuit - Phosphorescente - Fluorescente","description":"Boucles d'oreilles en forme de fleur, marguerite, qui brille dans le noir\/la nuit. Phosphorescente ou fluorescente. Id\u00e9ale pour des soir\u00e9es festives.","robots":{"index":"index","follow":"follow","max-snippet":"max-snippet:-1","max-image-preview":"max-image-preview:large","max-video-preview":"max-video-preview:-1"},"canonical":"https:\/\/www.amaryllisbijoux.fr\/?product=bijoux-brille-nuit-noir-fleur-marguerite","og_locale":"fr_FR","og_type":"article","og_title":"Marguerite brille dans la nuit - Phosphorescente - Fluorescente","og_description":"Boucles d'oreilles en forme de fleur, marguerite, qui brille dans le noir\/la nuit. Phosphorescente ou fluorescente. Id\u00e9ale pour des soir\u00e9es festives.","og_url":"https:\/\/www.amaryllisbijoux.fr\/?product=bijoux-brille-nuit-noir-fleur-marguerite","og_site_name":"Amaryllis Bijoux","article_modified_time":"2025-10-07T16:26:03+00:00","og_image":[{"width":2251,"height":2560,"url":"https:\/\/www.amaryllisbijoux.fr\/wp-content\/uploads\/2025\/10\/img_8405-scaled.jpeg","type":"image\/jpeg"}],"twitter_card":"summary_large_image","twitter_misc":{"Dur\u00e9e de lecture estim\u00e9e":"2 minutes"},"schema":{"@context":"https:\/\/schema.org","@graph":[{"@type":"WebPage","@id":"https:\/\/www.amaryllisbijoux.fr\/?product=bijoux-brille-nuit-noir-fleur-marguerite","url":"https:\/\/www.amaryllisbijoux.fr\/?product=bijoux-brille-nuit-noir-fleur-marguerite","name":"Marguerite brille dans la nuit - Phosphorescente - Fluorescente","isPartOf":{"@id":"https:\/\/www.amaryllisbijoux.fr\/#website"},"primaryImageOfPage":{"@id":"https:\/\/www.amaryllisbijoux.fr\/?product=bijoux-brille-nuit-noir-fleur-marguerite#primaryimage"},"image":{"@id":"https:\/\/www.amaryllisbijoux.fr\/?product=bijoux-brille-nuit-noir-fleur-marguerite#primaryimage"},"thumbnailUrl":"https:\/\/www.amaryllisbijoux.fr\/wp-content\/uploads\/2025\/10\/img_8405-scaled.jpeg","datePublished":"2025-10-01T19:07:51+00:00","dateModified":"2025-10-07T16:26:03+00:00","description":"Boucles d'oreilles en forme de fleur, marguerite, qui brille dans le noir\/la nuit. Phosphorescente ou fluorescente. Id\u00e9ale pour des soir\u00e9es festives.","breadcrumb":{"@id":"https:\/\/www.amaryllisbijoux.fr\/?product=bijoux-brille-nuit-noir-fleur-marguerite#breadcrumb"},"inLanguage":"fr-FR","potentialAction":[{"@type":"ReadAction","target":["https:\/\/www.amaryllisbijoux.fr\/?product=bijoux-brille-nuit-noir-fleur-marguerite"]}]},{"@type":"ImageObject","inLanguage":"fr-FR","@id":"https:\/\/www.amaryllisbijoux.fr\/?product=bijoux-brille-nuit-noir-fleur-marguerite#primaryimage","url":"https:\/\/www.amaryllisbijoux.fr\/wp-content\/uploads\/2025\/10\/img_8405-scaled.jpeg","contentUrl":"https:\/\/www.amaryllisbijoux.fr\/wp-content\/uploads\/2025\/10\/img_8405-scaled.jpeg","width":2251,"height":2560},{"@type":"BreadcrumbList","@id":"https:\/\/www.amaryllisbijoux.fr\/?product=bijoux-brille-nuit-noir-fleur-marguerite#breadcrumb","itemListElement":[{"@type":"ListItem","position":1,"name":"Accueil","item":"https:\/\/www.amaryllisbijoux.fr\/"},{"@type":"ListItem","position":2,"name":"Boutique","item":"https:\/\/www.amaryllisbijoux.fr\/?page_id=343"},{"@type":"ListItem","position":3,"name":"Marguerite -\u2728Brille dans la nuit\u2728"}]},{"@type":"WebSite","@id":"https:\/\/www.amaryllisbijoux.fr\/#website","url":"https:\/\/www.amaryllisbijoux.fr\/","name":"Amaryllis Bijoux","description":"","potentialAction":[{"@type":"SearchAction","target":{"@type":"EntryPoint","urlTemplate":"https:\/\/www.amaryllisbijoux.fr\/?s={search_term_string}"},"query-input":{"@type":"PropertyValueSpecification","valueRequired":true,"valueName":"search_term_string"}}],"inLanguage":"fr-FR"}]}},"jetpack_sharing_enabled":true,"_links":{"self":[{"href":"https:\/\/www.amaryllisbijoux.fr\/index.php?rest_route=\/wp\/v2\/product\/173","targetHints":{"allow":["GET"]}}],"collection":[{"href":"https:\/\/www.amaryllisbijoux.fr\/index.php?rest_route=\/wp\/v2\/product"}],"about":[{"href":"https:\/\/www.amaryllisbijoux.fr\/index.php?rest_route=\/wp\/v2\/types\/product"}],"replies":[{"embeddable":true,"href":"https:\/\/www.amaryllisbijoux.fr\/index.php?rest_route=%2Fwp%2Fv2%2Fcomments&post=173"}],"wp:featuredmedia":[{"embeddable":true,"href":"https:\/\/www.amaryllisbijoux.fr\/index.php?rest_route=\/wp\/v2\/media\/172"}],"wp:attachment":[{"href":"https:\/\/www.amaryllisbijoux.fr\/index.php?rest_route=%2Fwp%2Fv2%2Fmedia&parent=173"}],"wp:term":[{"taxonomy":"product_brand","embeddable":true,"href":"https:\/\/www.amaryllisbijoux.fr\/index.php?rest_route=%2Fwp%2Fv2%2Fproduct_brand&post=173"},{"taxonomy":"product_cat","embeddable":true,"href":"https:\/\/www.amaryllisbijoux.fr\/index.php?rest_route=%2Fwp%2Fv2%2Fproduct_cat&post=173"},{"taxonomy":"product_tag","embeddable":true,"href":"https:\/\/www.amaryllisbijoux.fr\/index.php?rest_route=%2Fwp%2Fv2%2Fproduct_tag&post=173"}],"curies":[{"name":"wp","href":"https:\/\/api.w.org\/{rel}","templated":true}]}}