{"id":203,"date":"2025-10-03T20:25:48","date_gmt":"2025-10-03T18:25:48","guid":{"rendered":"https:\/\/www.amaryllisbijoux.fr\/?product=carre-leopard"},"modified":"2025-10-05T15:41:17","modified_gmt":"2025-10-05T13:41:17","slug":"carre-leopard","status":"publish","type":"product","link":"https:\/\/www.amaryllisbijoux.fr\/?product=carre-leopard","title":{"rendered":"Boucles d&rsquo;oreilles L\u00e9opard"},"content":{"rendered":"<h2 data-start=\"271\" data-end=\"355\">\ud83d\udc06 <strong data-start=\"277\" data-end=\"355\">Bijoux brille dans la nuit \u2013 Boucles d\u2019oreilles carr\u00e9es l\u00e9opard style 90\u2019s<\/strong><\/h2>\n<p data-start=\"357\" data-end=\"589\">Affirmez votre style avec nos <strong data-start=\"387\" data-end=\"417\">bijoux brille dans la nuit<\/strong> inspir\u00e9s des ann\u00e9es 90. Ces <strong data-start=\"446\" data-end=\"495\">boucles d\u2019oreilles carr\u00e9es aux bords arrondis<\/strong> et ajour\u00e9es en leur centre revisitent le look vintage avec une touche moderne et lumineuse.<\/p>\n<p data-start=\"591\" data-end=\"846\">R\u00e9alis\u00e9es \u00e0 la main en <strong data-start=\"614\" data-end=\"631\">p\u00e2te polym\u00e8re<\/strong> et renforc\u00e9es par de la <strong data-start=\"656\" data-end=\"666\">r\u00e9sine<\/strong> \u00e0 l\u2019arri\u00e8re, elles allient <strong data-start=\"694\" data-end=\"706\">l\u00e9g\u00e8ret\u00e9<\/strong>, <strong data-start=\"708\" data-end=\"722\">r\u00e9sistance<\/strong> et <strong data-start=\"726\" data-end=\"741\">originalit\u00e9<\/strong>. Leur <strong data-start=\"748\" data-end=\"765\">motif l\u00e9opard<\/strong> apporte un effet audacieux et r\u00e9tro, parfait pour affirmer votre personnalit\u00e9.<\/p>\n<p data-start=\"848\" data-end=\"1106\">\u2728 <strong data-start=\"850\" data-end=\"864\">Pour qui ?<\/strong><br data-start=\"864\" data-end=\"867\" \/>Ces <strong data-start=\"871\" data-end=\"912\">boucles d\u2019oreilles l\u00e9opard style 90\u2019s<\/strong> s\u2019adressent \u00e0 toutes celles qui aiment les accessoires de caract\u00e8re, les bijoux r\u00e9tro et les pi\u00e8ces uniques faites main. Id\u00e9ales pour les amatrices de mode vintage et de tendances lumineuses.<\/p>\n<p data-start=\"1108\" data-end=\"1197\">\ud83c\udf89 <strong data-start=\"1111\" data-end=\"1137\">Pour quelle occasion ?<\/strong><br data-start=\"1137\" data-end=\"1140\" \/>Ces <strong data-start=\"1144\" data-end=\"1174\">bijoux brille dans la nuit<\/strong> sont parfaits pour :<\/p>\n<ul data-start=\"1198\" data-end=\"1461\">\n<li data-start=\"1198\" data-end=\"1250\">\n<p data-start=\"1200\" data-end=\"1250\">Sublimer un look <strong data-start=\"1217\" data-end=\"1230\">ann\u00e9es 90<\/strong> ou <strong data-start=\"1234\" data-end=\"1247\">rock-chic<\/strong>,<\/p>\n<\/li>\n<li data-start=\"1251\" data-end=\"1348\">\n<p data-start=\"1253\" data-end=\"1348\">Apporter une touche originale \u00e0 une <strong data-start=\"1289\" data-end=\"1310\">soir\u00e9e entre amis<\/strong>, un <strong data-start=\"1315\" data-end=\"1326\">concert<\/strong> ou un <strong data-start=\"1333\" data-end=\"1345\">festival<\/strong>,<\/p>\n<\/li>\n<li data-start=\"1349\" data-end=\"1461\">\n<p data-start=\"1351\" data-end=\"1461\">Ou tout simplement pour illuminer votre style au quotidien avec un bijou plein d\u2019\u00e9nergie et de personnalit\u00e9.<\/p>\n<\/li>\n<\/ul>\n<p data-start=\"1463\" data-end=\"1576\">Chaque paire est unique \u2014 un hommage vibrant \u00e0 la mode r\u00e9tro, revisit\u00e9 avec une touche artisanale et lumineuse.<\/p>\n<p data-start=\"1463\" data-end=\"1576\">N.B : Les couleurs peuvent varier entre les photos et la r\u00e9alit\u00e9. Les bijoux sont fabriqu\u00e9s \u00e0 la commande et exp\u00e9di\u00e9s sous 15 jours.<\/p>\n","protected":false},"excerpt":{"rendered":"<p>Boucles d\u2019oreilles carr\u00e9es l\u00e9opard style 90\u2019s. Bijoux brille dans la nuit faits main, r\u00e9tro et lumineux, pour un look audacieux et plein de caract\u00e8re.<\/p>\n","protected":false},"featured_media":202,"comment_status":"open","ping_status":"closed","template":"","meta":[],"product_brand":[],"product_cat":[20],"product_tag":[],"class_list":{"0":"post-203","1":"product","2":"type-product","3":"status-publish","4":"has-post-thumbnail","6":"product_cat-collection-leopard","8":"first","9":"instock","10":"shipping-taxable","11":"purchasable","12":"product-type-simple"},"yoast_head":"<!-- This site is optimized with the Yoast SEO plugin v27.3 - https:\/\/yoast.com\/product\/yoast-seo-wordpress\/ -->\n<title>Boucles d&#039;oreilles L\u00e9opard - Amaryllis Bijoux<\/title>\n<meta name=\"description\" content=\"Bijoux brille dans la nuit style 90\u2019s. Boucles d\u2019oreilles carr\u00e9es l\u00e9opard aux bords arrondis, originales, artisanales et r\u00e9solument r\u00e9tro.\" \/>\n<meta name=\"robots\" content=\"index, follow, max-snippet:-1, max-image-preview:large, max-video-preview:-1\" \/>\n<link rel=\"canonical\" href=\"https:\/\/www.amaryllisbijoux.fr\/?product=carre-leopard\" \/>\n<meta property=\"og:locale\" content=\"fr_FR\" \/>\n<meta property=\"og:type\" content=\"article\" \/>\n<meta property=\"og:title\" content=\"Boucles d&#039;oreilles L\u00e9opard - Amaryllis Bijoux\" \/>\n<meta property=\"og:description\" content=\"Bijoux brille dans la nuit style 90\u2019s. Boucles d\u2019oreilles carr\u00e9es l\u00e9opard aux bords arrondis, originales, artisanales et r\u00e9solument r\u00e9tro.\" \/>\n<meta property=\"og:url\" content=\"https:\/\/www.amaryllisbijoux.fr\/?product=carre-leopard\" \/>\n<meta property=\"og:site_name\" content=\"Amaryllis Bijoux\" \/>\n<meta property=\"article:modified_time\" content=\"2025-10-05T13:41:17+00:00\" \/>\n<meta property=\"og:image\" content=\"https:\/\/www.amaryllisbijoux.fr\/wp-content\/uploads\/2025\/10\/img_8467-scaled.jpeg\" \/>\n\t<meta property=\"og:image:width\" content=\"1920\" \/>\n\t<meta property=\"og:image:height\" content=\"2560\" \/>\n\t<meta property=\"og:image:type\" content=\"image\/jpeg\" \/>\n<meta name=\"twitter:card\" content=\"summary_large_image\" \/>\n<meta name=\"twitter:label1\" content=\"Dur\u00e9e de lecture estim\u00e9e\" \/>\n\t<meta name=\"twitter:data1\" content=\"2 minutes\" \/>\n<script type=\"application\/ld+json\" class=\"yoast-schema-graph\">{\"@context\":\"https:\\\/\\\/schema.org\",\"@graph\":[{\"@type\":\"WebPage\",\"@id\":\"https:\\\/\\\/www.amaryllisbijoux.fr\\\/?product=carre-leopard\",\"url\":\"https:\\\/\\\/www.amaryllisbijoux.fr\\\/?product=carre-leopard\",\"name\":\"Boucles d'oreilles L\u00e9opard - Amaryllis Bijoux\",\"isPartOf\":{\"@id\":\"https:\\\/\\\/www.amaryllisbijoux.fr\\\/#website\"},\"primaryImageOfPage\":{\"@id\":\"https:\\\/\\\/www.amaryllisbijoux.fr\\\/?product=carre-leopard#primaryimage\"},\"image\":{\"@id\":\"https:\\\/\\\/www.amaryllisbijoux.fr\\\/?product=carre-leopard#primaryimage\"},\"thumbnailUrl\":\"https:\\\/\\\/www.amaryllisbijoux.fr\\\/wp-content\\\/uploads\\\/2025\\\/10\\\/img_8467-scaled.jpeg\",\"datePublished\":\"2025-10-03T18:25:48+00:00\",\"dateModified\":\"2025-10-05T13:41:17+00:00\",\"description\":\"Bijoux brille dans la nuit style 90\u2019s. Boucles d\u2019oreilles carr\u00e9es l\u00e9opard aux bords arrondis, originales, artisanales et r\u00e9solument r\u00e9tro.\",\"breadcrumb\":{\"@id\":\"https:\\\/\\\/www.amaryllisbijoux.fr\\\/?product=carre-leopard#breadcrumb\"},\"inLanguage\":\"fr-FR\",\"potentialAction\":[{\"@type\":\"ReadAction\",\"target\":[\"https:\\\/\\\/www.amaryllisbijoux.fr\\\/?product=carre-leopard\"]}]},{\"@type\":\"ImageObject\",\"inLanguage\":\"fr-FR\",\"@id\":\"https:\\\/\\\/www.amaryllisbijoux.fr\\\/?product=carre-leopard#primaryimage\",\"url\":\"https:\\\/\\\/www.amaryllisbijoux.fr\\\/wp-content\\\/uploads\\\/2025\\\/10\\\/img_8467-scaled.jpeg\",\"contentUrl\":\"https:\\\/\\\/www.amaryllisbijoux.fr\\\/wp-content\\\/uploads\\\/2025\\\/10\\\/img_8467-scaled.jpeg\",\"width\":1920,\"height\":2560},{\"@type\":\"BreadcrumbList\",\"@id\":\"https:\\\/\\\/www.amaryllisbijoux.fr\\\/?product=carre-leopard#breadcrumb\",\"itemListElement\":[{\"@type\":\"ListItem\",\"position\":1,\"name\":\"Accueil\",\"item\":\"https:\\\/\\\/www.amaryllisbijoux.fr\\\/\"},{\"@type\":\"ListItem\",\"position\":2,\"name\":\"Boutique\",\"item\":\"https:\\\/\\\/www.amaryllisbijoux.fr\\\/?page_id=343\"},{\"@type\":\"ListItem\",\"position\":3,\"name\":\"Boucles d&rsquo;oreilles L\u00e9opard\"}]},{\"@type\":\"WebSite\",\"@id\":\"https:\\\/\\\/www.amaryllisbijoux.fr\\\/#website\",\"url\":\"https:\\\/\\\/www.amaryllisbijoux.fr\\\/\",\"name\":\"Amaryllis Bijoux\",\"description\":\"\",\"potentialAction\":[{\"@type\":\"SearchAction\",\"target\":{\"@type\":\"EntryPoint\",\"urlTemplate\":\"https:\\\/\\\/www.amaryllisbijoux.fr\\\/?s={search_term_string}\"},\"query-input\":{\"@type\":\"PropertyValueSpecification\",\"valueRequired\":true,\"valueName\":\"search_term_string\"}}],\"inLanguage\":\"fr-FR\"}]}<\/script>\n<!-- \/ Yoast SEO plugin. -->","yoast_head_json":{"title":"Boucles d'oreilles L\u00e9opard - Amaryllis Bijoux","description":"Bijoux brille dans la nuit style 90\u2019s. Boucles d\u2019oreilles carr\u00e9es l\u00e9opard aux bords arrondis, originales, artisanales et r\u00e9solument r\u00e9tro.","robots":{"index":"index","follow":"follow","max-snippet":"max-snippet:-1","max-image-preview":"max-image-preview:large","max-video-preview":"max-video-preview:-1"},"canonical":"https:\/\/www.amaryllisbijoux.fr\/?product=carre-leopard","og_locale":"fr_FR","og_type":"article","og_title":"Boucles d'oreilles L\u00e9opard - Amaryllis Bijoux","og_description":"Bijoux brille dans la nuit style 90\u2019s. Boucles d\u2019oreilles carr\u00e9es l\u00e9opard aux bords arrondis, originales, artisanales et r\u00e9solument r\u00e9tro.","og_url":"https:\/\/www.amaryllisbijoux.fr\/?product=carre-leopard","og_site_name":"Amaryllis Bijoux","article_modified_time":"2025-10-05T13:41:17+00:00","og_image":[{"width":1920,"height":2560,"url":"https:\/\/www.amaryllisbijoux.fr\/wp-content\/uploads\/2025\/10\/img_8467-scaled.jpeg","type":"image\/jpeg"}],"twitter_card":"summary_large_image","twitter_misc":{"Dur\u00e9e de lecture estim\u00e9e":"2 minutes"},"schema":{"@context":"https:\/\/schema.org","@graph":[{"@type":"WebPage","@id":"https:\/\/www.amaryllisbijoux.fr\/?product=carre-leopard","url":"https:\/\/www.amaryllisbijoux.fr\/?product=carre-leopard","name":"Boucles d'oreilles L\u00e9opard - Amaryllis Bijoux","isPartOf":{"@id":"https:\/\/www.amaryllisbijoux.fr\/#website"},"primaryImageOfPage":{"@id":"https:\/\/www.amaryllisbijoux.fr\/?product=carre-leopard#primaryimage"},"image":{"@id":"https:\/\/www.amaryllisbijoux.fr\/?product=carre-leopard#primaryimage"},"thumbnailUrl":"https:\/\/www.amaryllisbijoux.fr\/wp-content\/uploads\/2025\/10\/img_8467-scaled.jpeg","datePublished":"2025-10-03T18:25:48+00:00","dateModified":"2025-10-05T13:41:17+00:00","description":"Bijoux brille dans la nuit style 90\u2019s. Boucles d\u2019oreilles carr\u00e9es l\u00e9opard aux bords arrondis, originales, artisanales et r\u00e9solument r\u00e9tro.","breadcrumb":{"@id":"https:\/\/www.amaryllisbijoux.fr\/?product=carre-leopard#breadcrumb"},"inLanguage":"fr-FR","potentialAction":[{"@type":"ReadAction","target":["https:\/\/www.amaryllisbijoux.fr\/?product=carre-leopard"]}]},{"@type":"ImageObject","inLanguage":"fr-FR","@id":"https:\/\/www.amaryllisbijoux.fr\/?product=carre-leopard#primaryimage","url":"https:\/\/www.amaryllisbijoux.fr\/wp-content\/uploads\/2025\/10\/img_8467-scaled.jpeg","contentUrl":"https:\/\/www.amaryllisbijoux.fr\/wp-content\/uploads\/2025\/10\/img_8467-scaled.jpeg","width":1920,"height":2560},{"@type":"BreadcrumbList","@id":"https:\/\/www.amaryllisbijoux.fr\/?product=carre-leopard#breadcrumb","itemListElement":[{"@type":"ListItem","position":1,"name":"Accueil","item":"https:\/\/www.amaryllisbijoux.fr\/"},{"@type":"ListItem","position":2,"name":"Boutique","item":"https:\/\/www.amaryllisbijoux.fr\/?page_id=343"},{"@type":"ListItem","position":3,"name":"Boucles d&rsquo;oreilles L\u00e9opard"}]},{"@type":"WebSite","@id":"https:\/\/www.amaryllisbijoux.fr\/#website","url":"https:\/\/www.amaryllisbijoux.fr\/","name":"Amaryllis Bijoux","description":"","potentialAction":[{"@type":"SearchAction","target":{"@type":"EntryPoint","urlTemplate":"https:\/\/www.amaryllisbijoux.fr\/?s={search_term_string}"},"query-input":{"@type":"PropertyValueSpecification","valueRequired":true,"valueName":"search_term_string"}}],"inLanguage":"fr-FR"}]}},"jetpack_sharing_enabled":true,"_links":{"self":[{"href":"https:\/\/www.amaryllisbijoux.fr\/index.php?rest_route=\/wp\/v2\/product\/203","targetHints":{"allow":["GET"]}}],"collection":[{"href":"https:\/\/www.amaryllisbijoux.fr\/index.php?rest_route=\/wp\/v2\/product"}],"about":[{"href":"https:\/\/www.amaryllisbijoux.fr\/index.php?rest_route=\/wp\/v2\/types\/product"}],"replies":[{"embeddable":true,"href":"https:\/\/www.amaryllisbijoux.fr\/index.php?rest_route=%2Fwp%2Fv2%2Fcomments&post=203"}],"wp:featuredmedia":[{"embeddable":true,"href":"https:\/\/www.amaryllisbijoux.fr\/index.php?rest_route=\/wp\/v2\/media\/202"}],"wp:attachment":[{"href":"https:\/\/www.amaryllisbijoux.fr\/index.php?rest_route=%2Fwp%2Fv2%2Fmedia&parent=203"}],"wp:term":[{"taxonomy":"product_brand","embeddable":true,"href":"https:\/\/www.amaryllisbijoux.fr\/index.php?rest_route=%2Fwp%2Fv2%2Fproduct_brand&post=203"},{"taxonomy":"product_cat","embeddable":true,"href":"https:\/\/www.amaryllisbijoux.fr\/index.php?rest_route=%2Fwp%2Fv2%2Fproduct_cat&post=203"},{"taxonomy":"product_tag","embeddable":true,"href":"https:\/\/www.amaryllisbijoux.fr\/index.php?rest_route=%2Fwp%2Fv2%2Fproduct_tag&post=203"}],"curies":[{"name":"wp","href":"https:\/\/api.w.org\/{rel}","templated":true}]}}