{"id":376,"date":"2025-10-10T12:03:36","date_gmt":"2025-10-10T10:03:36","guid":{"rendered":"https:\/\/www.amaryllisbijoux.fr\/?post_type=product&#038;p=376"},"modified":"2026-02-09T12:41:40","modified_gmt":"2026-02-09T11:41:40","slug":"boucles-doreilles-coeur-couleur-dautomne","status":"publish","type":"product","link":"https:\/\/www.amaryllisbijoux.fr\/?product=boucles-doreilles-coeur-couleur-dautomne","title":{"rendered":"Boucles d\u2019oreilles Coeur &#8211; \u00ab\u00a0Couleur d&rsquo;automne\u00a0\u00bb"},"content":{"rendered":"<h2 data-start=\"306\" data-end=\"374\"><strong data-start=\"312\" data-end=\"374\">Boucles d\u2019oreilles \u00ab\u00a0Couleur d&rsquo;automne\u00a0\u00bb \u2013 Petit c\u0153ur plein de caract\u00e8re<\/strong><\/h2>\n<p data-start=\"376\" data-end=\"802\">Ces <strong data-start=\"380\" data-end=\"410\">boucles d\u2019oreilles coeur<\/strong> ont \u00e9t\u00e9 cr\u00e9\u00e9es pour apporter une touche de douceur et \u00e9l\u00e9gante \u00e0 chaque tenue.<br data-start=\"486\" data-end=\"489\" \/>Fa\u00e7onn\u00e9es \u00e0 la main avec soin, elles sont con\u00e7ues en p\u00e2te polym\u00e8re, puis renforc\u00e9es par de la r\u00e9sine transparente.<br data-start=\"603\" data-end=\"606\" \/>Ainsi, une r\u00e9sistance durable est assur\u00e9e, tout en conservant un aspect l\u00e9ger et agr\u00e9able \u00e0 porter.<br data-start=\"705\" data-end=\"708\" \/>Leur motif fleuris, intemporel et doux, permet d\u2019ajouter du peps \u00e0 n\u2019importe quel look.<\/p>\n<hr data-start=\"804\" data-end=\"807\" \/>\n<h2 data-start=\"809\" data-end=\"854\">\u2728 <strong data-start=\"814\" data-end=\"854\">Un design d\u00e9licat et plein de charme<\/strong><\/h2>\n<p data-start=\"856\" data-end=\"1251\">La forme en <strong data-start=\"868\" data-end=\"882\">petit c\u0153ur<\/strong> a \u00e9t\u00e9 choisie pour adoucir le caract\u00e8re fort du motif floral.<br data-start=\"945\" data-end=\"948\" \/>De cette fa\u00e7on, un parfait \u00e9quilibre est cr\u00e9\u00e9 entre douceur et audace.<br data-start=\"1018\" data-end=\"1021\" \/>Chaque paire de <strong data-start=\"1037\" data-end=\"1067\">boucles d\u2019oreilles coeur<\/strong>\u00a0est soigneusement travaill\u00e9e \u00e0 la main, ce qui rend chaque bijou unique.<br data-start=\"1140\" data-end=\"1143\" \/>De plus, leur taille discr\u00e8te permet une utilisation quotidienne, tout en attirant subtilement la lumi\u00e8re.<\/p>\n<hr data-start=\"1253\" data-end=\"1256\" \/>\n<h2 data-start=\"1258\" data-end=\"1299\">\ud83d\udcab <strong data-start=\"1264\" data-end=\"1299\">Un bijou polyvalent et tendance<\/strong><\/h2>\n<p data-start=\"1301\" data-end=\"1678\">Gr\u00e2ce \u00e0 leur style intemporel, ces <strong data-start=\"1336\" data-end=\"1366\">boucles d\u2019oreilles coeur<\/strong>\u00a0peuvent \u00eatre port\u00e9es en toute saison.<br data-start=\"1404\" data-end=\"1407\" \/>Elles se marient aussi bien avec une tenue d\u00e9contract\u00e9e qu\u2019avec un look plus chic.<br data-start=\"1489\" data-end=\"1492\" \/>Ainsi, un accessoire original et \u00e9l\u00e9gant est toujours \u00e0 port\u00e9e de main pour sublimer votre personnalit\u00e9.<br data-start=\"1596\" data-end=\"1599\" \/>Leur l\u00e9g\u00e8ret\u00e9 permet \u00e9galement un confort optimal tout au long de la journ\u00e9e.<\/p>\n<hr data-start=\"1680\" data-end=\"1683\" \/>\n<h2 data-start=\"1685\" data-end=\"1741\">\ud83c\udf81 <strong data-start=\"1691\" data-end=\"1741\">Une cr\u00e9ation artisanale \u00e0 offrir ou \u00e0 s\u2019offrir<\/strong><\/h2>\n<p data-start=\"1743\" data-end=\"2141\">Ces <strong data-start=\"1747\" data-end=\"1794\">boucles d\u2019oreilles c\u0153ur<\/strong> sont id\u00e9ales comme cadeau fait main.<br data-start=\"1831\" data-end=\"1834\" \/>Elles conviennent parfaitement pour un anniversaire, une f\u00eate ou simplement pour se faire plaisir.<br data-start=\"1932\" data-end=\"1935\" \/>En choisissant ce bijou, un savoir-faire artisanal et une passion pour le d\u00e9tail sont mis en valeur.<br data-start=\"2035\" data-end=\"2038\" \/>Chaque paire est pr\u00e9par\u00e9e avec soin, avant d\u2019\u00eatre exp\u00e9di\u00e9e dans un emballage soign\u00e9 et pr\u00eat \u00e0 offrir.<\/p>\n<p data-start=\"1743\" data-end=\"2141\">N.B : Les couleurs peuvent varier entre les photos et la r\u00e9alit\u00e9. Les bijoux sont fabriqu\u00e9s et exp\u00e9di\u00e9s sous 15 jours.<\/p>\n","protected":false},"excerpt":{"rendered":"<p>Boucles d&rsquo;oreilles &#8211; en forme de coeur &#8211; imprim\u00e9 floral ou couleur cognac au choix<\/p>\n","protected":false},"featured_media":374,"comment_status":"open","ping_status":"closed","template":"","meta":[],"product_brand":[],"product_cat":[30,22],"product_tag":[],"class_list":{"0":"post-376","1":"product","2":"type-product","3":"status-publish","4":"has-post-thumbnail","6":"product_cat-fin-de-serie","7":"product_cat-les-minis","9":"first","10":"instock","11":"shipping-taxable","12":"purchasable","13":"product-type-variable"},"yoast_head":"<!-- This site is optimized with the Yoast SEO plugin v27.3 - https:\/\/yoast.com\/product\/yoast-seo-wordpress\/ -->\n<title>Boucles d\u2019oreilles Coeur - &quot;Couleur d&#039;automne&quot; - Amaryllis Bijoux<\/title>\n<meta name=\"description\" content=\"Ces puces d&#039;oreilles en forme de coeur, au motif fleuris ou couleurs cognac sont parfaites pour habiller vos tenues de saisons.\" \/>\n<meta name=\"robots\" content=\"index, follow, max-snippet:-1, max-image-preview:large, max-video-preview:-1\" \/>\n<link rel=\"canonical\" href=\"https:\/\/www.amaryllisbijoux.fr\/?product=boucles-doreilles-coeur-couleur-dautomne\" \/>\n<meta property=\"og:locale\" content=\"fr_FR\" \/>\n<meta property=\"og:type\" content=\"article\" \/>\n<meta property=\"og:title\" content=\"Boucles d\u2019oreilles Coeur - &quot;Couleur d&#039;automne&quot; - Amaryllis Bijoux\" \/>\n<meta property=\"og:description\" content=\"Ces puces d&#039;oreilles en forme de coeur, au motif fleuris ou couleurs cognac sont parfaites pour habiller vos tenues de saisons.\" \/>\n<meta property=\"og:url\" content=\"https:\/\/www.amaryllisbijoux.fr\/?product=boucles-doreilles-coeur-couleur-dautomne\" \/>\n<meta property=\"og:site_name\" content=\"Amaryllis Bijoux\" \/>\n<meta property=\"article:modified_time\" content=\"2026-02-09T11:41:40+00:00\" \/>\n<meta property=\"og:image\" content=\"https:\/\/www.amaryllisbijoux.fr\/wp-content\/uploads\/2025\/10\/img_8612.jpeg\" \/>\n\t<meta property=\"og:image:width\" content=\"2048\" \/>\n\t<meta property=\"og:image:height\" content=\"2222\" \/>\n\t<meta property=\"og:image:type\" content=\"image\/jpeg\" \/>\n<meta name=\"twitter:card\" content=\"summary_large_image\" \/>\n<meta name=\"twitter:label1\" content=\"Dur\u00e9e de lecture estim\u00e9e\" \/>\n\t<meta name=\"twitter:data1\" content=\"2 minutes\" \/>\n<script type=\"application\/ld+json\" class=\"yoast-schema-graph\">{\"@context\":\"https:\\\/\\\/schema.org\",\"@graph\":[{\"@type\":\"WebPage\",\"@id\":\"https:\\\/\\\/www.amaryllisbijoux.fr\\\/?product=boucles-doreilles-coeur-couleur-dautomne\",\"url\":\"https:\\\/\\\/www.amaryllisbijoux.fr\\\/?product=boucles-doreilles-coeur-couleur-dautomne\",\"name\":\"Boucles d\u2019oreilles Coeur - \\\"Couleur d'automne\\\" - Amaryllis Bijoux\",\"isPartOf\":{\"@id\":\"https:\\\/\\\/www.amaryllisbijoux.fr\\\/#website\"},\"primaryImageOfPage\":{\"@id\":\"https:\\\/\\\/www.amaryllisbijoux.fr\\\/?product=boucles-doreilles-coeur-couleur-dautomne#primaryimage\"},\"image\":{\"@id\":\"https:\\\/\\\/www.amaryllisbijoux.fr\\\/?product=boucles-doreilles-coeur-couleur-dautomne#primaryimage\"},\"thumbnailUrl\":\"https:\\\/\\\/www.amaryllisbijoux.fr\\\/wp-content\\\/uploads\\\/2025\\\/10\\\/img_8612.jpeg\",\"datePublished\":\"2025-10-10T10:03:36+00:00\",\"dateModified\":\"2026-02-09T11:41:40+00:00\",\"description\":\"Ces puces d'oreilles en forme de coeur, au motif fleuris ou couleurs cognac sont parfaites pour habiller vos tenues de saisons.\",\"breadcrumb\":{\"@id\":\"https:\\\/\\\/www.amaryllisbijoux.fr\\\/?product=boucles-doreilles-coeur-couleur-dautomne#breadcrumb\"},\"inLanguage\":\"fr-FR\",\"potentialAction\":[{\"@type\":\"ReadAction\",\"target\":[\"https:\\\/\\\/www.amaryllisbijoux.fr\\\/?product=boucles-doreilles-coeur-couleur-dautomne\"]}]},{\"@type\":\"ImageObject\",\"inLanguage\":\"fr-FR\",\"@id\":\"https:\\\/\\\/www.amaryllisbijoux.fr\\\/?product=boucles-doreilles-coeur-couleur-dautomne#primaryimage\",\"url\":\"https:\\\/\\\/www.amaryllisbijoux.fr\\\/wp-content\\\/uploads\\\/2025\\\/10\\\/img_8612.jpeg\",\"contentUrl\":\"https:\\\/\\\/www.amaryllisbijoux.fr\\\/wp-content\\\/uploads\\\/2025\\\/10\\\/img_8612.jpeg\",\"width\":2048,\"height\":2222},{\"@type\":\"BreadcrumbList\",\"@id\":\"https:\\\/\\\/www.amaryllisbijoux.fr\\\/?product=boucles-doreilles-coeur-couleur-dautomne#breadcrumb\",\"itemListElement\":[{\"@type\":\"ListItem\",\"position\":1,\"name\":\"Accueil\",\"item\":\"https:\\\/\\\/www.amaryllisbijoux.fr\\\/\"},{\"@type\":\"ListItem\",\"position\":2,\"name\":\"Boutique\",\"item\":\"https:\\\/\\\/www.amaryllisbijoux.fr\\\/?page_id=343\"},{\"@type\":\"ListItem\",\"position\":3,\"name\":\"Boucles d\u2019oreilles Coeur &#8211; \u00ab\u00a0Couleur d&rsquo;automne\u00a0\u00bb\"}]},{\"@type\":\"WebSite\",\"@id\":\"https:\\\/\\\/www.amaryllisbijoux.fr\\\/#website\",\"url\":\"https:\\\/\\\/www.amaryllisbijoux.fr\\\/\",\"name\":\"Amaryllis Bijoux\",\"description\":\"\",\"potentialAction\":[{\"@type\":\"SearchAction\",\"target\":{\"@type\":\"EntryPoint\",\"urlTemplate\":\"https:\\\/\\\/www.amaryllisbijoux.fr\\\/?s={search_term_string}\"},\"query-input\":{\"@type\":\"PropertyValueSpecification\",\"valueRequired\":true,\"valueName\":\"search_term_string\"}}],\"inLanguage\":\"fr-FR\"}]}<\/script>\n<!-- \/ Yoast SEO plugin. -->","yoast_head_json":{"title":"Boucles d\u2019oreilles Coeur - \"Couleur d'automne\" - Amaryllis Bijoux","description":"Ces puces d'oreilles en forme de coeur, au motif fleuris ou couleurs cognac sont parfaites pour habiller vos tenues de saisons.","robots":{"index":"index","follow":"follow","max-snippet":"max-snippet:-1","max-image-preview":"max-image-preview:large","max-video-preview":"max-video-preview:-1"},"canonical":"https:\/\/www.amaryllisbijoux.fr\/?product=boucles-doreilles-coeur-couleur-dautomne","og_locale":"fr_FR","og_type":"article","og_title":"Boucles d\u2019oreilles Coeur - \"Couleur d'automne\" - Amaryllis Bijoux","og_description":"Ces puces d'oreilles en forme de coeur, au motif fleuris ou couleurs cognac sont parfaites pour habiller vos tenues de saisons.","og_url":"https:\/\/www.amaryllisbijoux.fr\/?product=boucles-doreilles-coeur-couleur-dautomne","og_site_name":"Amaryllis Bijoux","article_modified_time":"2026-02-09T11:41:40+00:00","og_image":[{"width":2048,"height":2222,"url":"https:\/\/www.amaryllisbijoux.fr\/wp-content\/uploads\/2025\/10\/img_8612.jpeg","type":"image\/jpeg"}],"twitter_card":"summary_large_image","twitter_misc":{"Dur\u00e9e de lecture estim\u00e9e":"2 minutes"},"schema":{"@context":"https:\/\/schema.org","@graph":[{"@type":"WebPage","@id":"https:\/\/www.amaryllisbijoux.fr\/?product=boucles-doreilles-coeur-couleur-dautomne","url":"https:\/\/www.amaryllisbijoux.fr\/?product=boucles-doreilles-coeur-couleur-dautomne","name":"Boucles d\u2019oreilles Coeur - \"Couleur d'automne\" - Amaryllis Bijoux","isPartOf":{"@id":"https:\/\/www.amaryllisbijoux.fr\/#website"},"primaryImageOfPage":{"@id":"https:\/\/www.amaryllisbijoux.fr\/?product=boucles-doreilles-coeur-couleur-dautomne#primaryimage"},"image":{"@id":"https:\/\/www.amaryllisbijoux.fr\/?product=boucles-doreilles-coeur-couleur-dautomne#primaryimage"},"thumbnailUrl":"https:\/\/www.amaryllisbijoux.fr\/wp-content\/uploads\/2025\/10\/img_8612.jpeg","datePublished":"2025-10-10T10:03:36+00:00","dateModified":"2026-02-09T11:41:40+00:00","description":"Ces puces d'oreilles en forme de coeur, au motif fleuris ou couleurs cognac sont parfaites pour habiller vos tenues de saisons.","breadcrumb":{"@id":"https:\/\/www.amaryllisbijoux.fr\/?product=boucles-doreilles-coeur-couleur-dautomne#breadcrumb"},"inLanguage":"fr-FR","potentialAction":[{"@type":"ReadAction","target":["https:\/\/www.amaryllisbijoux.fr\/?product=boucles-doreilles-coeur-couleur-dautomne"]}]},{"@type":"ImageObject","inLanguage":"fr-FR","@id":"https:\/\/www.amaryllisbijoux.fr\/?product=boucles-doreilles-coeur-couleur-dautomne#primaryimage","url":"https:\/\/www.amaryllisbijoux.fr\/wp-content\/uploads\/2025\/10\/img_8612.jpeg","contentUrl":"https:\/\/www.amaryllisbijoux.fr\/wp-content\/uploads\/2025\/10\/img_8612.jpeg","width":2048,"height":2222},{"@type":"BreadcrumbList","@id":"https:\/\/www.amaryllisbijoux.fr\/?product=boucles-doreilles-coeur-couleur-dautomne#breadcrumb","itemListElement":[{"@type":"ListItem","position":1,"name":"Accueil","item":"https:\/\/www.amaryllisbijoux.fr\/"},{"@type":"ListItem","position":2,"name":"Boutique","item":"https:\/\/www.amaryllisbijoux.fr\/?page_id=343"},{"@type":"ListItem","position":3,"name":"Boucles d\u2019oreilles Coeur &#8211; \u00ab\u00a0Couleur d&rsquo;automne\u00a0\u00bb"}]},{"@type":"WebSite","@id":"https:\/\/www.amaryllisbijoux.fr\/#website","url":"https:\/\/www.amaryllisbijoux.fr\/","name":"Amaryllis Bijoux","description":"","potentialAction":[{"@type":"SearchAction","target":{"@type":"EntryPoint","urlTemplate":"https:\/\/www.amaryllisbijoux.fr\/?s={search_term_string}"},"query-input":{"@type":"PropertyValueSpecification","valueRequired":true,"valueName":"search_term_string"}}],"inLanguage":"fr-FR"}]}},"jetpack_sharing_enabled":true,"_links":{"self":[{"href":"https:\/\/www.amaryllisbijoux.fr\/index.php?rest_route=\/wp\/v2\/product\/376","targetHints":{"allow":["GET"]}}],"collection":[{"href":"https:\/\/www.amaryllisbijoux.fr\/index.php?rest_route=\/wp\/v2\/product"}],"about":[{"href":"https:\/\/www.amaryllisbijoux.fr\/index.php?rest_route=\/wp\/v2\/types\/product"}],"replies":[{"embeddable":true,"href":"https:\/\/www.amaryllisbijoux.fr\/index.php?rest_route=%2Fwp%2Fv2%2Fcomments&post=376"}],"wp:featuredmedia":[{"embeddable":true,"href":"https:\/\/www.amaryllisbijoux.fr\/index.php?rest_route=\/wp\/v2\/media\/374"}],"wp:attachment":[{"href":"https:\/\/www.amaryllisbijoux.fr\/index.php?rest_route=%2Fwp%2Fv2%2Fmedia&parent=376"}],"wp:term":[{"taxonomy":"product_brand","embeddable":true,"href":"https:\/\/www.amaryllisbijoux.fr\/index.php?rest_route=%2Fwp%2Fv2%2Fproduct_brand&post=376"},{"taxonomy":"product_cat","embeddable":true,"href":"https:\/\/www.amaryllisbijoux.fr\/index.php?rest_route=%2Fwp%2Fv2%2Fproduct_cat&post=376"},{"taxonomy":"product_tag","embeddable":true,"href":"https:\/\/www.amaryllisbijoux.fr\/index.php?rest_route=%2Fwp%2Fv2%2Fproduct_tag&post=376"}],"curies":[{"name":"wp","href":"https:\/\/api.w.org\/{rel}","templated":true}]}}